{"id":869,"date":"2020-09-15T14:20:10","date_gmt":"2020-09-15T12:20:10","guid":{"rendered":"http:\/\/www.gimnasticna-zveza.si\/?post_type=product&#038;p=869"},"modified":"2020-09-15T14:20:48","modified_gmt":"2020-09-15T12:20:48","slug":"splosni-strokovni-prirocnik-gimnasticne-zveze-slovenije-2015","status":"publish","type":"product","link":"https:\/\/gimnasticna-zveza.si\/index.php\/product\/splosni-strokovni-prirocnik-gimnasticne-zveze-slovenije-2015\/","title":{"rendered":"Splo\u0161ni strokovni priro\u010dnik Gimnasti\u010dne zveze Slovenije 2015"},"content":{"rendered":"","protected":false},"excerpt":{"rendered":"","protected":false},"featured_media":867,"comment_status":"open","ping_status":"closed","template":"","meta":{"_monsterinsights_skip_tracking":false,"_monsterinsights_sitenote_active":false,"_monsterinsights_sitenote_note":"","_monsterinsights_sitenote_category":0},"product_brand":[],"product_cat":[18],"product_tag":[],"class_list":{"0":"post-869","1":"product","2":"type-product","3":"status-publish","4":"has-post-thumbnail","6":"product_cat-splosni-strokovni-prirocnik-gzs","8":"first","9":"instock","10":"downloadable","11":"virtual","12":"taxable","13":"purchasable","14":"product-type-simple"},"_links":{"self":[{"href":"https:\/\/gimnasticna-zveza.si\/index.php\/wp-json\/wp\/v2\/product\/869","targetHints":{"allow":["GET"]}}],"collection":[{"href":"https:\/\/gimnasticna-zveza.si\/index.php\/wp-json\/wp\/v2\/product"}],"about":[{"href":"https:\/\/gimnasticna-zveza.si\/index.php\/wp-json\/wp\/v2\/types\/product"}],"replies":[{"embeddable":true,"href":"https:\/\/gimnasticna-zveza.si\/index.php\/wp-json\/wp\/v2\/comments?post=869"}],"version-history":[{"count":0,"href":"https:\/\/gimnasticna-zveza.si\/index.php\/wp-json\/wp\/v2\/product\/869\/revisions"}],"wp:featuredmedia":[{"embeddable":true,"href":"https:\/\/gimnasticna-zveza.si\/index.php\/wp-json\/wp\/v2\/media\/867"}],"wp:attachment":[{"href":"https:\/\/gimnasticna-zveza.si\/index.php\/wp-json\/wp\/v2\/media?parent=869"}],"wp:term":[{"taxonomy":"product_brand","embeddable":true,"href":"https:\/\/gimnasticna-zveza.si\/index.php\/wp-json\/wp\/v2\/product_brand?post=869"},{"taxonomy":"product_cat","embeddable":true,"href":"https:\/\/gimnasticna-zveza.si\/index.php\/wp-json\/wp\/v2\/product_cat?post=869"},{"taxonomy":"product_tag","embeddable":true,"href":"https:\/\/gimnasticna-zveza.si\/index.php\/wp-json\/wp\/v2\/product_tag?post=869"}],"curies":[{"name":"wp","href":"https:\/\/api.w.org\/{rel}","templated":true}]}}