{"id":863,"date":"2020-09-15T14:17:56","date_gmt":"2020-09-15T12:17:56","guid":{"rendered":"http:\/\/www.gimnasticna-zveza.si\/?post_type=product&#038;p=863"},"modified":"2024-05-15T16:57:33","modified_gmt":"2024-05-15T14:57:33","slug":"splosni-strokovni-prirocnik-gimnasticne-zveze-slovenije-2016","status":"publish","type":"product","link":"https:\/\/gimnasticna-zveza.si\/index.php\/product\/splosni-strokovni-prirocnik-gimnasticne-zveze-slovenije-2016\/","title":{"rendered":"Splo\u0161ni strokovni priro\u010dnik Gimnasti\u010dne zveze Slovenije 2016"},"content":{"rendered":"","protected":false},"excerpt":{"rendered":"","protected":false},"featured_media":868,"comment_status":"open","ping_status":"closed","template":"","meta":{"_monsterinsights_skip_tracking":false,"_monsterinsights_sitenote_active":false,"_monsterinsights_sitenote_note":"","_monsterinsights_sitenote_category":0},"product_brand":[],"product_cat":[18],"product_tag":[],"class_list":{"0":"post-863","1":"product","2":"type-product","3":"status-publish","4":"has-post-thumbnail","6":"product_cat-splosni-strokovni-prirocnik-gzs","8":"first","9":"instock","10":"downloadable","11":"virtual","12":"taxable","13":"purchasable","14":"product-type-simple"},"_links":{"self":[{"href":"https:\/\/gimnasticna-zveza.si\/index.php\/wp-json\/wp\/v2\/product\/863","targetHints":{"allow":["GET"]}}],"collection":[{"href":"https:\/\/gimnasticna-zveza.si\/index.php\/wp-json\/wp\/v2\/product"}],"about":[{"href":"https:\/\/gimnasticna-zveza.si\/index.php\/wp-json\/wp\/v2\/types\/product"}],"replies":[{"embeddable":true,"href":"https:\/\/gimnasticna-zveza.si\/index.php\/wp-json\/wp\/v2\/comments?post=863"}],"version-history":[{"count":0,"href":"https:\/\/gimnasticna-zveza.si\/index.php\/wp-json\/wp\/v2\/product\/863\/revisions"}],"wp:featuredmedia":[{"embeddable":true,"href":"https:\/\/gimnasticna-zveza.si\/index.php\/wp-json\/wp\/v2\/media\/868"}],"wp:attachment":[{"href":"https:\/\/gimnasticna-zveza.si\/index.php\/wp-json\/wp\/v2\/media?parent=863"}],"wp:term":[{"taxonomy":"product_brand","embeddable":true,"href":"https:\/\/gimnasticna-zveza.si\/index.php\/wp-json\/wp\/v2\/product_brand?post=863"},{"taxonomy":"product_cat","embeddable":true,"href":"https:\/\/gimnasticna-zveza.si\/index.php\/wp-json\/wp\/v2\/product_cat?post=863"},{"taxonomy":"product_tag","embeddable":true,"href":"https:\/\/gimnasticna-zveza.si\/index.php\/wp-json\/wp\/v2\/product_tag?post=863"}],"curies":[{"name":"wp","href":"https:\/\/api.w.org\/{rel}","templated":true}]}}