{"id":2941,"date":"2021-08-17T19:28:10","date_gmt":"2021-08-17T17:28:10","guid":{"rendered":"http:\/\/www.gimnasticna-zveza.si\/?post_type=product&#038;p=2941"},"modified":"2021-08-17T19:48:05","modified_gmt":"2021-08-17T17:48:05","slug":"uradna-majica-16-svetovnega-pokala-v-sportni-gimnastiki-2021","status":"publish","type":"product","link":"https:\/\/gimnasticna-zveza.si\/index.php\/product\/uradna-majica-16-svetovnega-pokala-v-sportni-gimnastiki-2021\/","title":{"rendered":"Uradna majica 16. svetovnega pokala v \u0161portni gimnastiki 2021"},"content":{"rendered":"<p>V prednaro\u010dilu je na voljo uradna majica 16. svetovnega pokala v \u0161portni gimnastiki 2021.<\/p>\n<p>Mo\u0161ki kroj majice, 100 % bomba\u017e, 150 g material. Na voljo v velikostih od S do XXL. Na voljo bo tudi osebni prevzem na tekmi svetovnega pokala v Kopru ali v prostorih Gimnasti\u010dne zveze Slovenije.<\/p>\n","protected":false},"excerpt":{"rendered":"<p>V prednaro\u010dilu je na voljo uradna majica 16. svetovnega pokala<span class=\"excerpt-hellip\"> [\u2026]<\/span><\/p>\n","protected":false},"featured_media":2944,"comment_status":"open","ping_status":"closed","template":"","meta":{"_monsterinsights_skip_tracking":false,"_monsterinsights_sitenote_active":false,"_monsterinsights_sitenote_note":"","_monsterinsights_sitenote_category":0},"product_brand":[],"product_cat":[36],"product_tag":[],"class_list":{"0":"post-2941","1":"product","2":"type-product","3":"status-publish","4":"has-post-thumbnail","6":"product_cat-uradna-oprema-gzs","8":"first","9":"instock","10":"taxable","11":"shipping-taxable","12":"purchasable","13":"product-type-variable"},"_links":{"self":[{"href":"https:\/\/gimnasticna-zveza.si\/index.php\/wp-json\/wp\/v2\/product\/2941","targetHints":{"allow":["GET"]}}],"collection":[{"href":"https:\/\/gimnasticna-zveza.si\/index.php\/wp-json\/wp\/v2\/product"}],"about":[{"href":"https:\/\/gimnasticna-zveza.si\/index.php\/wp-json\/wp\/v2\/types\/product"}],"replies":[{"embeddable":true,"href":"https:\/\/gimnasticna-zveza.si\/index.php\/wp-json\/wp\/v2\/comments?post=2941"}],"version-history":[{"count":3,"href":"https:\/\/gimnasticna-zveza.si\/index.php\/wp-json\/wp\/v2\/product\/2941\/revisions"}],"predecessor-version":[{"id":2955,"href":"https:\/\/gimnasticna-zveza.si\/index.php\/wp-json\/wp\/v2\/product\/2941\/revisions\/2955"}],"wp:featuredmedia":[{"embeddable":true,"href":"https:\/\/gimnasticna-zveza.si\/index.php\/wp-json\/wp\/v2\/media\/2944"}],"wp:attachment":[{"href":"https:\/\/gimnasticna-zveza.si\/index.php\/wp-json\/wp\/v2\/media?parent=2941"}],"wp:term":[{"taxonomy":"product_brand","embeddable":true,"href":"https:\/\/gimnasticna-zveza.si\/index.php\/wp-json\/wp\/v2\/product_brand?post=2941"},{"taxonomy":"product_cat","embeddable":true,"href":"https:\/\/gimnasticna-zveza.si\/index.php\/wp-json\/wp\/v2\/product_cat?post=2941"},{"taxonomy":"product_tag","embeddable":true,"href":"https:\/\/gimnasticna-zveza.si\/index.php\/wp-json\/wp\/v2\/product_tag?post=2941"}],"curies":[{"name":"wp","href":"https:\/\/api.w.org\/{rel}","templated":true}]}}