{"id":2055,"date":"2021-02-11T13:51:05","date_gmt":"2021-02-11T11:51:05","guid":{"rendered":"http:\/\/www.gimnasticna-zveza.si\/?post_type=product&#038;p=2055"},"modified":"2025-09-15T17:01:45","modified_gmt":"2025-09-15T15:01:45","slug":"pravilnik-za-tekmovanja-v-mnozicnih-programih-gimnasticne-zveze-slovenije","status":"publish","type":"product","link":"https:\/\/gimnasticna-zveza.si\/index.php\/product\/pravilnik-za-tekmovanja-v-mnozicnih-programih-gimnasticne-zveze-slovenije\/","title":{"rendered":"Pravilnik za tekmovanja v mno\u017ei\u010dnih programih Gimnasti\u010dne zveze Slovenije"},"content":{"rendered":"","protected":false},"excerpt":{"rendered":"","protected":false},"featured_media":2051,"comment_status":"open","ping_status":"closed","template":"","meta":{"_monsterinsights_skip_tracking":false,"_monsterinsights_sitenote_active":false,"_monsterinsights_sitenote_note":"","_monsterinsights_sitenote_category":0},"product_brand":[],"product_cat":[33],"product_tag":[],"class_list":{"0":"post-2055","1":"product","2":"type-product","3":"status-publish","4":"has-post-thumbnail","6":"product_cat-splosna-strokovna-literatura","8":"first","9":"instock","10":"downloadable","11":"virtual","12":"taxable","13":"purchasable","14":"product-type-simple"},"_links":{"self":[{"href":"https:\/\/gimnasticna-zveza.si\/index.php\/wp-json\/wp\/v2\/product\/2055","targetHints":{"allow":["GET"]}}],"collection":[{"href":"https:\/\/gimnasticna-zveza.si\/index.php\/wp-json\/wp\/v2\/product"}],"about":[{"href":"https:\/\/gimnasticna-zveza.si\/index.php\/wp-json\/wp\/v2\/types\/product"}],"replies":[{"embeddable":true,"href":"https:\/\/gimnasticna-zveza.si\/index.php\/wp-json\/wp\/v2\/comments?post=2055"}],"version-history":[{"count":1,"href":"https:\/\/gimnasticna-zveza.si\/index.php\/wp-json\/wp\/v2\/product\/2055\/revisions"}],"predecessor-version":[{"id":2056,"href":"https:\/\/gimnasticna-zveza.si\/index.php\/wp-json\/wp\/v2\/product\/2055\/revisions\/2056"}],"wp:featuredmedia":[{"embeddable":true,"href":"https:\/\/gimnasticna-zveza.si\/index.php\/wp-json\/wp\/v2\/media\/2051"}],"wp:attachment":[{"href":"https:\/\/gimnasticna-zveza.si\/index.php\/wp-json\/wp\/v2\/media?parent=2055"}],"wp:term":[{"taxonomy":"product_brand","embeddable":true,"href":"https:\/\/gimnasticna-zveza.si\/index.php\/wp-json\/wp\/v2\/product_brand?post=2055"},{"taxonomy":"product_cat","embeddable":true,"href":"https:\/\/gimnasticna-zveza.si\/index.php\/wp-json\/wp\/v2\/product_cat?post=2055"},{"taxonomy":"product_tag","embeddable":true,"href":"https:\/\/gimnasticna-zveza.si\/index.php\/wp-json\/wp\/v2\/product_tag?post=2055"}],"curies":[{"name":"wp","href":"https:\/\/api.w.org\/{rel}","templated":true}]}}