{"id":2049,"date":"2021-02-11T13:32:21","date_gmt":"2021-02-11T11:32:21","guid":{"rendered":"http:\/\/www.gimnasticna-zveza.si\/?post_type=product&#038;p=2049"},"modified":"2024-12-12T14:33:14","modified_gmt":"2024-12-12T12:33:14","slug":"prirocnik-za-ucenje-gimnasticnih-prvin-v-prvem-triletju","status":"publish","type":"product","link":"https:\/\/gimnasticna-zveza.si\/index.php\/product\/prirocnik-za-ucenje-gimnasticnih-prvin-v-prvem-triletju\/","title":{"rendered":"Priro\u010dnik za u\u010denje gimnasti\u010dnih prvin v prvem triletju"},"content":{"rendered":"","protected":false},"excerpt":{"rendered":"","protected":false},"featured_media":2050,"comment_status":"open","ping_status":"closed","template":"","meta":{"_monsterinsights_skip_tracking":false,"_monsterinsights_sitenote_active":false,"_monsterinsights_sitenote_note":"","_monsterinsights_sitenote_category":0},"product_brand":[],"product_cat":[33],"product_tag":[],"class_list":{"0":"post-2049","1":"product","2":"type-product","3":"status-publish","4":"has-post-thumbnail","6":"product_cat-splosna-strokovna-literatura","8":"first","9":"instock","10":"downloadable","11":"virtual","12":"taxable","13":"purchasable","14":"product-type-simple"},"_links":{"self":[{"href":"https:\/\/gimnasticna-zveza.si\/index.php\/wp-json\/wp\/v2\/product\/2049","targetHints":{"allow":["GET"]}}],"collection":[{"href":"https:\/\/gimnasticna-zveza.si\/index.php\/wp-json\/wp\/v2\/product"}],"about":[{"href":"https:\/\/gimnasticna-zveza.si\/index.php\/wp-json\/wp\/v2\/types\/product"}],"replies":[{"embeddable":true,"href":"https:\/\/gimnasticna-zveza.si\/index.php\/wp-json\/wp\/v2\/comments?post=2049"}],"version-history":[{"count":1,"href":"https:\/\/gimnasticna-zveza.si\/index.php\/wp-json\/wp\/v2\/product\/2049\/revisions"}],"predecessor-version":[{"id":2054,"href":"https:\/\/gimnasticna-zveza.si\/index.php\/wp-json\/wp\/v2\/product\/2049\/revisions\/2054"}],"wp:featuredmedia":[{"embeddable":true,"href":"https:\/\/gimnasticna-zveza.si\/index.php\/wp-json\/wp\/v2\/media\/2050"}],"wp:attachment":[{"href":"https:\/\/gimnasticna-zveza.si\/index.php\/wp-json\/wp\/v2\/media?parent=2049"}],"wp:term":[{"taxonomy":"product_brand","embeddable":true,"href":"https:\/\/gimnasticna-zveza.si\/index.php\/wp-json\/wp\/v2\/product_brand?post=2049"},{"taxonomy":"product_cat","embeddable":true,"href":"https:\/\/gimnasticna-zveza.si\/index.php\/wp-json\/wp\/v2\/product_cat?post=2049"},{"taxonomy":"product_tag","embeddable":true,"href":"https:\/\/gimnasticna-zveza.si\/index.php\/wp-json\/wp\/v2\/product_tag?post=2049"}],"curies":[{"name":"wp","href":"https:\/\/api.w.org\/{rel}","templated":true}]}}