{"id":8889,"date":"2026-01-05T17:45:01","date_gmt":"2026-01-05T15:45:01","guid":{"rendered":"https:\/\/www.gimnasticna-zveza.si\/?page_id=8889"},"modified":"2026-02-19T16:33:38","modified_gmt":"2026-02-19T14:33:38","slug":"organi-gimnasticne-zveze-slovenije-2026-2029","status":"publish","type":"page","link":"https:\/\/gimnasticna-zveza.si\/index.php\/organi-gimnasticne-zveze-slovenije-2026-2029\/","title":{"rendered":"Organi Gimnasti\u010dne zveze Slovenije"},"content":{"rendered":"<div class=\"wpb-content-wrapper\"><p>[vc_row][vc_column][vc_empty_space height=&#8221;14&#8243;][\/vc_column][\/vc_row][vc_row][vc_column][vc_tta_accordion][vc_tta_section title=&#8221;Skup\u0161\u010dina Gimnasti\u010dne zveze Slovenije&#8221; tab_id=&#8221;1767628317467-268060d3-85c5&#8243;][vc_column_text css=&#8221;&#8221;]Skup\u0161\u010dina je najvi\u0161ji organ Gimnasti\u010dne zveze Slovenije.<\/p>\n<p><strong>Zapisniki mandatnega obdobja 2022-2025:<\/strong><\/p>\n<ul>\n<li>5. volilna Skup\u0161\u010dina Gimnasti\u010dne zveze Slovenije, 11. december 2025 (zapisnik \u0161e ni bil potrjen),<\/li>\n<li><a href=\"https:\/\/www.gimnasticna-zveza.si\/wp-content\/uploads\/2026\/01\/02_zapisnik_4_redna_skupscina_gzs_2025-podpisan.pdf\">4. redna Skup\u0161\u010dina Gimnasti\u010dne zveze Slovenije, 23. junij 2025<\/a>,<\/li>\n<li><a href=\"https:\/\/www.gimnasticna-zveza.si\/wp-content\/uploads\/2026\/01\/04_zapisnik_3_redna_skupscina_gzs_2024-podpisan.pdf\">3. redna Skup\u0161\u010dina Gimnasti\u010dne zveze Slovenije, 21. oktober 2024<\/a>,<\/li>\n<li><a href=\"https:\/\/www.gimnasticna-zveza.si\/wp-content\/uploads\/2024\/04\/zapisnik_2_redna_skupscina_gzs_2023-podpisan.pdf\">2. redna Skup\u0161\u010dina Gimnasti\u010dne zveze Slovenije, 28. november 2023<\/a>,<\/li>\n<li><a href=\"https:\/\/www.gimnasticna-zveza.si\/wp-content\/uploads\/2024\/04\/zapisnik_1_redna_skupscina_gzs_12_12_2022-podpisan.pdf\">1. redna Skup\u0161\u010dina Gimnasti\u010dne zveze Slovenije, 12. december 2022<\/a>.<\/li>\n<\/ul>\n<p><strong>Zapisniki mandatnega obdobja 2018-2021:<\/strong><\/p>\n<ul>\n<li><a href=\"http:\/\/www.gimnasticna-zveza.si\/wp-content\/uploads\/2022\/01\/04_zapisnik-5-skupscine-gzs_07_07_2021.pdf\">5. spletna seja Skup\u0161\u010dine Gimnasti\u010dne zveze Slovenije, 7. julij 2021<\/a>,<\/li>\n<li><a href=\"http:\/\/www.gimnasticna-zveza.si\/wp-content\/uploads\/2021\/07\/04_02_zapisnik_4_dopisna_seje_skupscine_gzs_2021.pdf\">4. dopisna seja Skup\u0161\u010dine Gimnasti\u010dne zveze Slovenije, 18. maj 2021<\/a>,<\/li>\n<li><a href=\"http:\/\/www.gimnasticna-zveza.si\/wp-content\/uploads\/2021\/07\/04_01_zapisnik_3_redna_seja_skupscine_gzs_2020.pdf\">3. redna Skup\u0161\u010dina Gimnasti\u010dne zveze Slovenije, 22. september 2020<\/a>,<\/li>\n<li><a href=\"http:\/\/www.gimnasticna-zveza.si\/wp-content\/uploads\/2020\/12\/zapisnik-2.-redne-skupscine-GZS.pdf\">2. redna Skup\u0161\u010dina Gimnasti\u010dne zveze Slovenije, 14. maj 2019<\/a>,<\/li>\n<li><a href=\"http:\/\/www.gimnasticna-zveza.si\/wp-content\/uploads\/2020\/12\/Zapisnik-1.-redne-skupscine-GZS.pdf\">1. redna Skup\u0161\u010dina Gimnasti\u010dne zveze Slovenije, 19. junij 2018<\/a>.<\/li>\n<\/ul>\n<p>[\/vc_column_text][\/vc_tta_section][vc_tta_section title=&#8221;Predsednik Gimnasti\u010dne zveze Slovenije&#8221; tab_id=&#8221;1767627961242-2acf4541-abbd&#8221;][vc_column_text css=&#8221;&#8221;]<div id=\"attachment_8891\" style=\"width: 310px\" class=\"wp-caption aligncenter\"><img fetchpriority=\"high\" decoding=\"async\" aria-describedby=\"caption-attachment-8891\" class=\"wp-image-8891 size-medium\" src=\"https:\/\/www.gimnasticna-zveza.si\/wp-content\/uploads\/2026\/01\/AR-20251211CR3_8719-Miha-Mermal-300x200.jpg\" alt=\"Miha Mermal, predsednik Gimnasti\u010dne zveze Slovenije\" width=\"300\" height=\"200\" srcset=\"https:\/\/gimnasticna-zveza.si\/wp-content\/uploads\/2026\/01\/AR-20251211CR3_8719-Miha-Mermal-300x200.jpg 300w, https:\/\/gimnasticna-zveza.si\/wp-content\/uploads\/2026\/01\/AR-20251211CR3_8719-Miha-Mermal-1024x683.jpg 1024w, https:\/\/gimnasticna-zveza.si\/wp-content\/uploads\/2026\/01\/AR-20251211CR3_8719-Miha-Mermal-768x512.jpg 768w, https:\/\/gimnasticna-zveza.si\/wp-content\/uploads\/2026\/01\/AR-20251211CR3_8719-Miha-Mermal-1536x1024.jpg 1536w, https:\/\/gimnasticna-zveza.si\/wp-content\/uploads\/2026\/01\/AR-20251211CR3_8719-Miha-Mermal-2048x1365.jpg 2048w, https:\/\/gimnasticna-zveza.si\/wp-content\/uploads\/2026\/01\/AR-20251211CR3_8719-Miha-Mermal-113x75.jpg 113w, https:\/\/gimnasticna-zveza.si\/wp-content\/uploads\/2026\/01\/AR-20251211CR3_8719-Miha-Mermal-480x320.jpg 480w\" sizes=\"(max-width:767px) 300px, 300px\" \/><p id=\"caption-attachment-8891\" class=\"wp-caption-text\">Miha Mermal, predsednik Gimnasti\u010dne zveze Slovenije<\/p><\/div>\n<p><strong>Miha Mermal<\/strong> je mandat predsednika Gimnasti\u010dne zveze Slovenije nastopil januarja leta 2026. V dru\u017ebi BTC opravlja funkcijo izvr\u0161nega direktorja za podro\u010dje marketinga in trajnostnega razvoja, kjer \u017ee od za\u010detka svoje kariere deluje na podro\u010dju strate\u0161kega vodenja, trajnostnosti in marketinga.<\/p>\n<p>Pri svojem delu zagovarja proaktivno sodelovanje z vsemi dele\u017eniki, odprt dialog ter vrednote ekipnega dela in transparentne komunikacije. Svoje vodstvene izku\u0161nje in strate\u0161ko razmi\u0161ljanje \u017eeli kot predsednik Gimnasti\u010dne zveze Slovenije usmeriti v prihodnost slovenske gimnastike na organizacijski in razvojni ravni.[\/vc_column_text][\/vc_tta_section][vc_tta_section title=&#8221;Izvr\u0161ni odbor Gimnasti\u010dne zveze Slovenije&#8221; tab_id=&#8221;1767627961242-e140f4c6-37e8&#8243;][vc_column_text css=&#8221;&#8221;]\u010clani Izvr\u0161nega odbora Gimnasti\u010dne zveze Slovenije<\/p>\n<ul>\n<li><strong>g. Miha Merma<\/strong>l, predsednik Gimnasti\u010dne zveze Slovenije,<\/li>\n<li><strong>ddr. Edvard Kolar<\/strong>, podpredsednik Gimnasti\u010dne zveze Slovenije za gospodarsko-organizacijsko podro\u010dje,<\/li>\n<li><strong>g. Sa\u0161o Bertoncelj<\/strong>, podpredsednik Gimnasti\u010dne zveze Slovenije za strokovno podro\u010dje,<\/li>\n<li><strong>ga. Alenka \u0160enk Erpi\u010d<\/strong>, podpredsednica Gimnasti\u010dne zveze Slovenije za stike z regijami,<\/li>\n<li><strong>g. Sebastijan Pileti\u010d<\/strong>, predstavnik vrhunskega \u0161porta,<\/li>\n<li><strong>ga. Ur\u0161a Jakin<\/strong>, predstavnica gimnastike za vse,<\/li>\n<li><strong>g. Alja\u017e Vogrinec<\/strong>, predstavnik regij,<\/li>\n<li><strong>g. Alja\u017e Pegan<\/strong>, predstavnik regij,<\/li>\n<li><strong>g. Luka Bojanc<\/strong>, predstavnik aktivnih \u0161portnikov,<\/li>\n<li><strong>dr. Matja\u017e Polak<\/strong>, predsednik odbora za gospodarsko dejavnost,<\/li>\n<li><strong>mag. Damjan Kralj<\/strong>, \u010dlan,<\/li>\n<li><strong>g. Jernej Salecl<\/strong>, \u010dlan,<\/li>\n<li><strong>g. Luka Steiner<\/strong>, \u010dlan.<\/li>\n<\/ul>\n<p>Povezava do zapisnikov sej je na voljo&nbsp;<a href=\"http:\/\/www.gimnasticna-zveza.si\/index.php\/io-gzs\/\">TUKAJ<\/a>.[\/vc_column_text][\/vc_tta_section][vc_tta_section title=&#8221;Nadzorni odbor Gimnasti\u010dne zveze Slovenije&#8221; tab_id=&#8221;1767628109886-98415fee-ca4e&#8221;][vc_column_text css=&#8221;&#8221;]\u010clani Nadzornega odbora Gimnasti\u010dne zveze Slovenije:<\/p>\n<ul>\n<li><strong>g. Mitja Petkov\u0161ek<\/strong>, \u010dlan,<\/li>\n<li><strong>vi\u0161. pred. mag. Aleksander Igli\u010dar<\/strong>, \u010dlan,<\/li>\n<li><strong>g. Gorazd Podbev\u0161ek<\/strong>, \u010dlan,<\/li>\n<li><strong>g. Peter Glavi\u010d<\/strong>, nadomestni \u010dlan,<\/li>\n<li><strong>ga. Ur\u0161a \u017dnidar\u010di\u010d<\/strong>, nadomestna \u010dlanica,<\/li>\n<li><strong>ga. Ma\u0161a Bertok \u017digante<\/strong>, nadomestna \u010dlanica.<\/li>\n<\/ul>\n<p>[\/vc_column_text][\/vc_tta_section][vc_tta_section title=&#8221;Disciplinska komisija Gimnasti\u010dne zveze Slovenije&#8221; tab_id=&#8221;1767628155792-da73f454-a5f5&#8243;][vc_column_text css=&#8221;&#8221;]\u010clani Disciplinske komisije Gimnasti\u010dne zveze Slovenije:<\/p>\n<ul>\n<li><strong>ga. Ur\u0161a Cvetko Rebov<\/strong>, \u010dlanica,<\/li>\n<li><strong>ga. Tina Stavrev<\/strong>, \u010dlanica,<\/li>\n<li><strong>ga. Nina Apollonio<\/strong>, \u010dlanica,<\/li>\n<li><strong>ga. Lori Vrankar Reven<\/strong>, nadomestna \u010dlanica,<\/li>\n<li><strong>ga. Sandra Turk<\/strong>, nadomestna \u010dlanica.<\/li>\n<\/ul>\n<p>[\/vc_column_text][\/vc_tta_section][vc_tta_section title=&#8221;Strokovni svet Gimnasti\u010dne zveze Slovenije&#8221; tab_id=&#8221;1767628171467-78b91365-76e7&#8243;][vc_column_text css=&#8221;&#8221;]\u010clani Strokovnega svega Gimnasti\u010dne zveze Slovenije:<\/p>\n<ul>\n<li><strong>g. Sa\u0161o Bertoncelj<\/strong>, predsednik Strokovnega sveta Gimnasti\u010dne zveze Slovenije,<\/li>\n<li><strong>g. Alja\u017e Vogrinec<\/strong>, predsednik Strokovnega odbora za mo\u0161ko \u0161portno gimnastiko,<\/li>\n<li><strong>g. Andrej Mavri\u010d<\/strong>, predsednik Strokovnega odbora za \u017eensko \u0161portno gimnastiko,<\/li>\n<li><strong>ga. Alena Yakubouskaya<\/strong>, predsednica Strokovnega odbora a ritmi\u010dno gimnastiko,<\/li>\n<li><strong>g. Jure Kern<\/strong>, predsednik Strokovnega odbora za \u0161portno akrobatiko,<\/li>\n<li><strong>g. Luka Bojanc<\/strong>, predstavnik aktivnih \u0161portnikov,<\/li>\n<li><strong>g. Enes Hod\u017ei\u0107 Lederer<\/strong>, predstavnik Sodni\u0161ke komisije,<\/li>\n<li><strong>ga. Mojca Rode<\/strong>, predstavnica trenerjev,<\/li>\n<li><strong>g. Sebastijan Pileti\u010d<\/strong>, vodja programa izobra\u017eevanja.<\/li>\n<\/ul>\n<p>Zapisniki sej organa so na voljo na podstrani&nbsp;<a href=\"http:\/\/www.gimnasticna-zveza.si\/index.php\/strokovni-zapisniki\/\">zapisnikov strokovnih organov Gimnasti\u010dne zveze Slovenije<\/a>.[\/vc_column_text][\/vc_tta_section][vc_tta_section title=&#8221;Strokovni odbor za mo\u0161ko \u0161portno gimnastiko&#8221; tab_id=&#8221;1767628201160-906c8180-73fa&#8221;][vc_column_text css=&#8221;&#8221;]\u010clani Strokovnega odbora za mo\u0161ko \u0161portno gimnastiko:<\/p>\n<ul>\n<li>g. Alja\u017e Vogrinec, predsednik Strokovnega odbora za mo\u0161ko \u0161portno gimnastiko,<\/li>\n<li>g. Franci Rojc, podpredsednik Strokovnega odbora za mo\u0161ko \u0161portno gimnastiko,<\/li>\n<li>g. Sebastijan Pileti\u010d, vodja \u010dlanskega programa in odgovorna osebo za program izobra\u017eevanja in zalo\u017eni\u0161tva v Strokovnem odboru za mo\u0161ko \u0161portno gimnastiko,<\/li>\n<li>g. Matic Pe\u010dan, vodja mladinskega programa v Strokovnem odboru za mo\u0161ko \u0161portno gimnastiko,<\/li>\n<li>g. Matija Frumen, vodja programa do 15 let v Strokovnem odboru za mo\u0161ko \u0161portno gimnastiko,<\/li>\n<li>g. Enes Hod\u017ei\u0107 Lederer, vodja sodni\u0161ke komisije v Strokovnem odboru za mo\u0161ko \u0161portno gimnastiko,<\/li>\n<li>g. Gregor Saksida, \u010dlan Strokovnega odbora za mo\u0161ko \u0161portno gimnastiko,<\/li>\n<li>g. Dejan Jovanovi\u0107, \u010dlan Strokovnega odbora za mo\u0161ko \u0161portno gimnastiko.<\/li>\n<\/ul>\n<p>Zapisniki sej organa so na voljo na podstrani&nbsp;<a href=\"http:\/\/www.gimnasticna-zveza.si\/index.php\/strokovni-zapisniki\/\">zapisnikov strokovnih organov Gimnasti\u010dne zveze Slovenije<\/a>.[\/vc_column_text][\/vc_tta_section][vc_tta_section title=&#8221;Strokovni odbor za \u017eensko \u0161portno gimnastiko&#8221; tab_id=&#8221;1767628213684-a3aeb269-d0a2&#8243;][vc_column_text css=&#8221;&#8221;]\u010clani Strokovnega odbora za \u017eensko \u0161portno gimnastiko:<\/p>\n<ul>\n<li>g. Andrej Mavri\u010d, predsednik Strokovnega odbora za \u017eensko \u0161portno gimnastiko,<\/li>\n<li>g. Urban Sever, podpredsednik Strokovnega odbora za \u017eensko \u0161portno gimnastiko,<\/li>\n<li>g. Mitija Samard\u017eija Pavleti\u0107, program izobra\u017eevanja in zalo\u017eni\u0161tva v Strokovnem oboru za \u017eensko \u0161portno gimnastiko,<\/li>\n<li>ga. Mojca Mavri\u010d, vodja sodni\u0161ke komisije v Strokovnem oboru za \u017eensko \u0161portno gimnastiko,<\/li>\n<li>g. Sre\u010dko Namestnik, \u010dlan Strokovnega odbora za \u017eensko \u0161portno gimnastiko,<\/li>\n<li>g. Aleksander \u0160ajn, \u010dlan Strokovnega odbora za \u017eensko \u0161portno gimnastiko,<\/li>\n<li>mag. Klemen Bedenik, \u010dlan Strokovnega odbora za \u017eensko \u0161portno gimnastiko.<\/li>\n<\/ul>\n<p>Zapisniki sej organa so na voljo na podstrani&nbsp;<a href=\"http:\/\/www.gimnasticna-zveza.si\/index.php\/strokovni-zapisniki\/\">zapisnikov strokovnih organov Gimnasti\u010dne zveze Slovenije<\/a>.[\/vc_column_text][\/vc_tta_section][vc_tta_section title=&#8221;Strokovni odbor za ritmi\u010dno gimnastiko&#8221; tab_id=&#8221;1767628233967-005b23c0-896f&#8221;][vc_column_text css=&#8221;&#8221;]\u010clani Strokovnega odbora za ritmi\u010dno gimnastiko:<\/p>\n<ul>\n<li>ga. Alena Yakubouskaya, predsednica Strokovnega odbora za ritmi\u010dno gimnastiko,<\/li>\n<li>ga. Viktorija Rus, podpredsednica Strokovnega odbora za ritmi\u010dno gimnastiko,<\/li>\n<li>ga. Alena Salauyova, vodja individualnega programa,<\/li>\n<li>ga. Mojca Rode, odgovorna za program skupinskih vaj,<\/li>\n<li>ga. Olga Mancevi\u010d, vodja programa 2. skupine,<\/li>\n<li>ga. Tina \u010cas, vodja programa usposabljanja,<\/li>\n<li>ga. Svetlana Luzanava, odgovorna za regije.<\/li>\n<\/ul>\n<p>Zapisniki sej organa so na voljo na podstrani&nbsp;<a href=\"http:\/\/www.gimnasticna-zveza.si\/index.php\/strokovni-zapisniki\/\">zapisnikov strokovnih organov Gimnasti\u010dne zveze Slovenije<\/a>.[\/vc_column_text][\/vc_tta_section][vc_tta_section title=&#8221;Strokovni odbor gimnastike za vse&#8221; tab_id=&#8221;1767628260923-50274d2f-ec99&#8243;][vc_column_text css=&#8221;&#8221;]<em>trenutno razpu\u0161\u010den<\/em>[\/vc_column_text][\/vc_tta_section][vc_tta_section title=&#8221;Strokovni odbor za \u0161portno akrobatiko&#8221; tab_id=&#8221;1767628270641-d004781c-52ae&#8221;][vc_column_text css=&#8221;&#8221;]\u010clani Strokovnega odbora za \u0161portno akrobatiko:<\/p>\n<ul>\n<li>g. Jure Kern, predsednik Strokovnega odbora za \u0161portno akrobatiko,<\/li>\n<li>ga. Ur\u0161a Vrbec, podpredsednica in vodja sodni\u0161ke komisije,<\/li>\n<li>g. Jurij Ar\u010don, vodja VPP,<\/li>\n<li>ga. Asja Ben\u010dec, vodja izobra\u017eevanja in zalo\u017eni\u0161tva,<\/li>\n<li>g. Gregor \u0160imac, vodja akrobatike,<\/li>\n<li>g. Dino Boshnjak, vodja TG,<\/li>\n<li>g. Bo\u0161tjan Jur\u010di\u010d, vodja MPP.<\/li>\n<\/ul>\n<p>Zapisniki sej organa so na voljo na podstrani&nbsp;<a href=\"http:\/\/www.gimnasticna-zveza.si\/index.php\/strokovni-zapisniki\/\">zapisnikov strokovnih organov Gimnasti\u010dne zveze Slovenije<\/a>.[\/vc_column_text][\/vc_tta_section][vc_tta_section title=&#8221;Strokovni odbor za aerobiko&#8221; tab_id=&#8221;1767629124821-f0606525-f1ab&#8221;][vc_column_text css=&#8221;&#8221;]<em>trenutno razpu\u0161\u010den<\/em>[\/vc_column_text][\/vc_tta_section][\/vc_tta_accordion][\/vc_column][\/vc_row][vc_row][vc_column][vc_column_text css=&#8221;&#8221;]Poro\u010danje po na\u010delu zagotavljanja transparentnosti delovanja zveze\u200b je na voljo na podstrani&nbsp;<a href=\"http:\/\/www.gimnasticna-zveza.si\/index.php\/porocanje-po-nacelu-zagotavljanja-transparentnosti-delovanja-zveze\/\">TUKAJ<\/a>.[\/vc_column_text][\/vc_column][\/vc_row]<\/p>\n<\/div>","protected":false},"excerpt":{"rendered":"<p>[vc_row][vc_column][vc_empty_space height=&#8221;14&#8243;][\/vc_column][\/vc_row][vc_row][vc_column][vc_tta_accordion][vc_tta_section title=&#8221;Skup\u0161\u010dina Gimnasti\u010dne zveze Slovenije&#8221; tab_id=&#8221;1767628317467-268060d3-85c5&#8243;][vc_column_text css=&#8221;&#8221;]Skup\u0161\u010dina je najvi\u0161ji<span class=\"excerpt-hellip\"> [\u2026]<\/span><\/p>\n","protected":false},"author":3,"featured_media":-1,"parent":0,"menu_order":0,"comment_status":"closed","ping_status":"closed","template":"","meta":{"_monsterinsights_skip_tracking":false,"_monsterinsights_sitenote_active":false,"_monsterinsights_sitenote_note":"","_monsterinsights_sitenote_category":0,"footnotes":""},"class_list":["post-8889","page","type-page","status-publish","has-post-thumbnail","hentry"],"_links":{"self":[{"href":"https:\/\/gimnasticna-zveza.si\/index.php\/wp-json\/wp\/v2\/pages\/8889","targetHints":{"allow":["GET"]}}],"collection":[{"href":"https:\/\/gimnasticna-zveza.si\/index.php\/wp-json\/wp\/v2\/pages"}],"about":[{"href":"https:\/\/gimnasticna-zveza.si\/index.php\/wp-json\/wp\/v2\/types\/page"}],"author":[{"embeddable":true,"href":"https:\/\/gimnasticna-zveza.si\/index.php\/wp-json\/wp\/v2\/users\/3"}],"replies":[{"embeddable":true,"href":"https:\/\/gimnasticna-zveza.si\/index.php\/wp-json\/wp\/v2\/comments?post=8889"}],"version-history":[{"count":16,"href":"https:\/\/gimnasticna-zveza.si\/index.php\/wp-json\/wp\/v2\/pages\/8889\/revisions"}],"predecessor-version":[{"id":9087,"href":"https:\/\/gimnasticna-zveza.si\/index.php\/wp-json\/wp\/v2\/pages\/8889\/revisions\/9087"}],"wp:featuredmedia":[{"embeddable":true,"href":"https:\/\/gimnasticna-zveza.si\/index.php\/wp-json\/"}],"wp:attachment":[{"href":"https:\/\/gimnasticna-zveza.si\/index.php\/wp-json\/wp\/v2\/media?parent=8889"}],"curies":[{"name":"wp","href":"https:\/\/api.w.org\/{rel}","templated":true}]}}