{"id":8390,"date":"2025-06-16T13:00:42","date_gmt":"2025-06-16T11:00:42","guid":{"rendered":"https:\/\/www.gimnasticna-zveza.si\/?page_id=8390"},"modified":"2025-06-16T14:16:20","modified_gmt":"2025-06-16T12:16:20","slug":"erasmus-projekt-hi-gymnastics","status":"publish","type":"page","link":"https:\/\/gimnasticna-zveza.si\/index.php\/erasmus-projekt-hi-gymnastics\/","title":{"rendered":"Erasmus+ projekt &#8220;Hi Gymnastics&#8221;"},"content":{"rendered":"<div class=\"wpb-content-wrapper\"><p>[vc_row][vc_column][vc_empty_space height=&#8221;10&#8243;][\/vc_column][\/vc_row][vc_row][vc_column][vc_column_text css=&#8221;&#8221;]<\/p>\n<h4>Erasmus+ projekt &#8220;Hi Gymnastics&#8221;<\/h4>\n<p><strong>Gimnasti\u010dna zveza Slovenije se je kot partner pridru\u017eila k Erasmus+ projektu z naslovom \u201cHi Gymnastics\u201d.<\/strong><\/p>\n<p>Projekt bo izvajan v partnerstvu s Sokolskim dru\u0161tvom Vojvodina iz Novega Sada, Srbija in Gimnasti\u010dno zvezo Hrva\u0161ke, Zagreb, Hrva\u0161ka v dvoletnem obdobju od 1. 11. 2023 do 30. 4. 2025. Projekt <em data-start=\"90\" data-end=\"105\">Hi gymnastics<\/em> je bil odobren avgusta 2023, temu pa je sledil postopek pogajanj. V tem obdobju je posredni\u0161ki organ predstavil koordinatorju in projektnim partnerjem zahteve, potrebne za uspe\u0161no pripravo pogodbe.<\/p>\n<p data-start=\"42\" data-end=\"285\"><strong data-start=\"42\" data-end=\"59\">Cilj projekta<\/strong> je pove\u010dati priljubljenost gimnastike v dr\u017eavah projektnih partnerjev s pomo\u010djo zgodovinskih raziskav ter digitalnih ve\u0161\u010din in tehnologij, hkrati pa omogo\u010diti \u0161ir\u0161i dostop novim udele\u017eencem v program evropskega sodelovanja.<\/p>\n<p data-start=\"287\" data-end=\"704\">V projektu bodo sodelovale dve izku\u0161eni organizaciji in dve novi organizaciji v programu iz razli\u010dnih dr\u017eav, ki prihajajo iz razli\u010dnih kulturnih in geografskih okolij. S sodelovanjem v projektu \u017eelimo gimnastiko pribli\u017eati izbranim ciljnim skupinam z inovativnimi pristopi, ponovno vzpostaviti zgodovinske povezave med organizacijami in zagotoviti ve\u010dji doseg aktivnosti med udele\u017eenci z razli\u010dnih kulturnih ozadij.<\/p>\n<p data-start=\"706\" data-end=\"1005\">Vsak projektni partner bo prispeval svoje izku\u0161nje in s skupnimi mo\u010dmi promoviral gimnastiko, hkrati pa krepil digitalne in raziskovalne kompetence vseh ciljnih skupin ter pribli\u017eal zgodovino gimnastike otrokom in mladim, raziskovalcem, \u0161portni skupnosti, medijem in \u0161ir\u0161i javnosti po vsej Evropi.<\/p>\n<p data-start=\"1007\" data-end=\"1383\">Dogodki v sklopu projekta bodo obravnavali glavne projektne teme: gimnastiko, zgodovino, digitalizacijo, raziskovanje in mobilnost \u0161portnih akterjev, hkrati pa spodbujali tudi uporabo digitalnih orodij v \u0161portu. Medtem ko je promocija vklju\u010devanja otrok in mladine v gimnastiko primarni cilj projekta, sta prenos znanja in razvoj digitalnih ve\u0161\u010din prav tako pomembna vidika.<\/p>\n<p data-start=\"1385\" data-end=\"1726\">Projekt bo digitalno opolnomo\u010dil sodelujo\u010de organizacije na podro\u010dju digitalizacije arhivov, hkrati pa razvijal raziskovalne zmogljivosti ciljnih skupin in \u0161iril prilo\u017enosti za prihodnje evropske projekte s skupnimi dogodki. Projekt bo podpiral raznolikost zgodovinske dedi\u0161\u010dine in kultur v Evropi, prostovoljstvo ter socialno vklju\u010denost.<\/p>\n<p data-start=\"1728\" data-end=\"2038\">Dolgoro\u010dni u\u010dinki projekta, ki se bodo odra\u017eali v ve\u010dji udele\u017ebi ciljnih skupin v gimnastiki in v mre\u017ei digitalnih arhivov, bodo prispevali k povezovanju potencialnih partnerjev za prihodnje projekte ter izpostavili potrebo po \u010dezmejnem sodelovanju ob hkratnem spodbujanju ideje zdru\u017eene Evrope v \u0161ir\u0161i regiji.<\/p>\n<p><strong>Nosilec projekta:<\/strong><\/p>\n<ul>\n<li><a href=\"https:\/\/www.gimnastika-ns.rs\/\">Sokolsko dru\u0161tvo Vojvodina, Novi Sad, Srbija<\/a><\/li>\n<\/ul>\n<p><strong>Projektni partnerji:<\/strong><\/p>\n<ul>\n<li>Gimnasti\u010dna zveza Slovenije, Ljubljana, Slovenija,<\/li>\n<li>Gimnasti\u010dna zveza Hrva\u0161ke, Zagreb, Hrva\u0161ka.<\/li>\n<\/ul>\n<p>Projekt lahko spremljate na <a href=\"https:\/\/www.facebook.com\/groups\/119986968101757\/\">Facebook strani dru\u0161tva<\/a> in na podstrani Gimnasti\u010dne zveze Slovenije.<\/p>\n<p><em>Izjava o omejitvi odgovornosti:<br \/>\nPodpora Evropske komisije pri izdelavi te publikacije na spletnem mestu ne pomeni podpore vsebinam, ki odra\u017eajo samo stali\u0161\u010da avtorjev in Komisija ne more biti odgovorna za kakr\u0161no koli uporabo informacij, ki jih vsebuje.<\/em>[\/vc_column_text][\/vc_column][\/vc_row]<\/p>\n<\/div>","protected":false},"excerpt":{"rendered":"<p>[vc_row][vc_column][vc_empty_space height=&#8221;10&#8243;][\/vc_column][\/vc_row][vc_row][vc_column][vc_column_text css=&#8221;&#8221;] Erasmus+ projekt &#8220;Hi Gymnastics&#8221; Gimnasti\u010dna zveza Slovenije<span class=\"excerpt-hellip\"> [\u2026]<\/span><\/p>\n","protected":false},"author":3,"featured_media":0,"parent":0,"menu_order":0,"comment_status":"closed","ping_status":"closed","template":"","meta":{"_monsterinsights_skip_tracking":false,"_monsterinsights_sitenote_active":false,"_monsterinsights_sitenote_note":"","_monsterinsights_sitenote_category":0,"footnotes":""},"class_list":["post-8390","page","type-page","status-publish","hentry"],"_links":{"self":[{"href":"https:\/\/gimnasticna-zveza.si\/index.php\/wp-json\/wp\/v2\/pages\/8390","targetHints":{"allow":["GET"]}}],"collection":[{"href":"https:\/\/gimnasticna-zveza.si\/index.php\/wp-json\/wp\/v2\/pages"}],"about":[{"href":"https:\/\/gimnasticna-zveza.si\/index.php\/wp-json\/wp\/v2\/types\/page"}],"author":[{"embeddable":true,"href":"https:\/\/gimnasticna-zveza.si\/index.php\/wp-json\/wp\/v2\/users\/3"}],"replies":[{"embeddable":true,"href":"https:\/\/gimnasticna-zveza.si\/index.php\/wp-json\/wp\/v2\/comments?post=8390"}],"version-history":[{"count":3,"href":"https:\/\/gimnasticna-zveza.si\/index.php\/wp-json\/wp\/v2\/pages\/8390\/revisions"}],"predecessor-version":[{"id":8395,"href":"https:\/\/gimnasticna-zveza.si\/index.php\/wp-json\/wp\/v2\/pages\/8390\/revisions\/8395"}],"wp:attachment":[{"href":"https:\/\/gimnasticna-zveza.si\/index.php\/wp-json\/wp\/v2\/media?parent=8390"}],"curies":[{"name":"wp","href":"https:\/\/api.w.org\/{rel}","templated":true}]}}