{"id":695,"date":"2020-09-08T15:12:28","date_gmt":"2020-09-08T15:12:28","guid":{"rendered":"http:\/\/www.gimnasticna-zveza.si\/?page_id=695"},"modified":"2020-09-08T17:02:23","modified_gmt":"2020-09-08T17:02:23","slug":"gimnastika-za-vse","status":"publish","type":"page","link":"https:\/\/gimnasticna-zveza.si\/index.php\/gimnastika-za-vse\/","title":{"rendered":"Gimnastika za vse"},"content":{"rendered":"\t\t<div data-elementor-type=\"wp-page\" data-elementor-id=\"695\" class=\"elementor elementor-695\" data-elementor-post-type=\"page\">\n\t\t\t\t\t\t<section class=\"elementor-section elementor-top-section elementor-element elementor-element-6a47773 elementor-section-boxed elementor-section-height-default elementor-section-height-default\" data-id=\"6a47773\" data-element_type=\"section\" data-e-type=\"section\">\n\t\t\t\t\t\t<div class=\"elementor-container elementor-column-gap-default\">\n\t\t\t\t\t<div class=\"elementor-column elementor-col-100 elementor-top-column elementor-element elementor-element-fe8f08a\" data-id=\"fe8f08a\" data-element_type=\"column\" data-e-type=\"column\">\n\t\t\t<div class=\"elementor-widget-wrap elementor-element-populated\">\n\t\t\t\t\t\t<div class=\"elementor-element elementor-element-efbabcf elementor-widget elementor-widget-spacer\" data-id=\"efbabcf\" data-element_type=\"widget\" data-e-type=\"widget\" data-widget_type=\"spacer.default\">\n\t\t\t\t<div class=\"elementor-widget-container\">\n\t\t\t\t\t\t\t<div class=\"elementor-spacer\">\n\t\t\t<div class=\"elementor-spacer-inner\"><\/div>\n\t\t<\/div>\n\t\t\t\t\t\t<\/div>\n\t\t\t\t<\/div>\n\t\t\t\t\t<\/div>\n\t\t<\/div>\n\t\t\t\t\t<\/div>\n\t\t<\/section>\n\t\t\t\t<section class=\"elementor-section elementor-top-section elementor-element elementor-element-40a024a elementor-section-boxed elementor-section-height-default elementor-section-height-default\" data-id=\"40a024a\" data-element_type=\"section\" data-e-type=\"section\">\n\t\t\t\t\t\t<div class=\"elementor-container elementor-column-gap-default\">\n\t\t\t\t\t<div class=\"elementor-column elementor-col-100 elementor-top-column elementor-element elementor-element-a381681\" data-id=\"a381681\" data-element_type=\"column\" data-e-type=\"column\">\n\t\t\t<div class=\"elementor-widget-wrap elementor-element-populated\">\n\t\t\t\t\t\t<div class=\"elementor-element elementor-element-6e15af1 elementor-widget elementor-widget-text-editor\" data-id=\"6e15af1\" data-element_type=\"widget\" data-e-type=\"widget\" data-widget_type=\"text-editor.default\">\n\t\t\t\t<div class=\"elementor-widget-container\">\n\t\t\t\t\t\t\t\t\t<h4>Splo\u0161no o Gimnastiki\u00a0za vse<\/h4><p>Gimnastika je sistem izbranih vaj in metodi\u010dnih postopkov katerih cilj je skladen telesni razvoj \u010dloveka in njegovih psihofizi\u010dnih sposobnosti (\u0161portni leksikon). Zaradi razli\u010dnih struktur gibanj velja za temeljni \u0161port, ki ostalim \u0161portnim panogam slu\u017ei kot neobhodna potreba za dosego cilja v vrhunskem \u0161portu. Nekaj pano\u017enih zvez se pomena gimnastike za dosego vrhunskega rezultata v svoji panogi \u017ee zaveda. Ve\u010danje pomena in omogo\u010danje razvoja otrok s pomo\u010djo gimnastike na nacionalnem nivoju pa bi morebitne talente \u017ee pred prihodom v posamezne trenerske roke koordinacijsko in motori\u010dno opismenila.<\/p><p>Gimnastika za vse,\u00a0neko\u010d imenovana kot\u00a0Splo\u0161na gimnastika, je disciplina\u00a0je\u00a0namenjena dekletom in fantom, ki vadijo v \u0161oli ali dru\u0161tvu vsaj enkrat ali dvakrat tedensko. Sistem tekmovanja (C-program gimnastike) je primeren tako za za\u010detnike kot za tiste, ki so prenehali z aktivno vadb, saj je pripravljen tako, da ponuja mo\u017enost postopnega osvajanja vsebin glede na razvojno stopnjo tako odraslih kot otrok. Program vsebuje zelo pestro paleto gimnasti\u010dnih prvin \u017eenske in mo\u0161ke \u0161portne gimnastike, ritmi\u010dne gimnastike in akrobatike. Ena najpomembnej\u0161ih vlog programa je razvijanje osnovnih gibalnih sposobnosti, kot so mo\u010d, koordinacija, gibljivost, ravnote\u017eje in hitrost. Izbira razli\u010dnih orodij, prvin in njihovih kombinacij daje ve\u010dji poudarek eni ali drugi od na\u0161tetih gibalnih sposobnosti.<\/p><p>Ob obvladovanju najrazli\u010dnej\u0161ih gibalnih vsebin pridobivajo otroci in odrasli razli\u010dne gibalne izku\u0161nje in motori\u010dna znanja, ki bogatijo informacijski in energetski vidik motorike in lahko predstavljajo pomemben dele\u017e v oblikovanju na\u0161ih \u0161portnih navad.<\/p>\t\t\t\t\t\t\t\t<\/div>\n\t\t\t\t<\/div>\n\t\t\t\t\t<\/div>\n\t\t<\/div>\n\t\t\t\t\t<\/div>\n\t\t<\/section>\n\t\t\t\t<\/div>\n\t\t","protected":false},"excerpt":{"rendered":"<p>Splo\u0161no o Gimnastiki&nbsp;za vse Gimnastika je sistem izbranih vaj in<span class=\"excerpt-hellip\"> [\u2026]<\/span><\/p>\n","protected":false},"author":3,"featured_media":0,"parent":0,"menu_order":0,"comment_status":"closed","ping_status":"closed","template":"","meta":{"_monsterinsights_skip_tracking":false,"_monsterinsights_sitenote_active":false,"_monsterinsights_sitenote_note":"","_monsterinsights_sitenote_category":0,"footnotes":""},"class_list":["post-695","page","type-page","status-publish","hentry"],"_links":{"self":[{"href":"https:\/\/gimnasticna-zveza.si\/index.php\/wp-json\/wp\/v2\/pages\/695","targetHints":{"allow":["GET"]}}],"collection":[{"href":"https:\/\/gimnasticna-zveza.si\/index.php\/wp-json\/wp\/v2\/pages"}],"about":[{"href":"https:\/\/gimnasticna-zveza.si\/index.php\/wp-json\/wp\/v2\/types\/page"}],"author":[{"embeddable":true,"href":"https:\/\/gimnasticna-zveza.si\/index.php\/wp-json\/wp\/v2\/users\/3"}],"replies":[{"embeddable":true,"href":"https:\/\/gimnasticna-zveza.si\/index.php\/wp-json\/wp\/v2\/comments?post=695"}],"version-history":[{"count":3,"href":"https:\/\/gimnasticna-zveza.si\/index.php\/wp-json\/wp\/v2\/pages\/695\/revisions"}],"predecessor-version":[{"id":732,"href":"https:\/\/gimnasticna-zveza.si\/index.php\/wp-json\/wp\/v2\/pages\/695\/revisions\/732"}],"wp:attachment":[{"href":"https:\/\/gimnasticna-zveza.si\/index.php\/wp-json\/wp\/v2\/media?parent=695"}],"curies":[{"name":"wp","href":"https:\/\/api.w.org\/{rel}","templated":true}]}}