{"id":692,"date":"2020-09-08T15:11:50","date_gmt":"2020-09-08T15:11:50","guid":{"rendered":"http:\/\/www.gimnasticna-zveza.si\/?page_id=692"},"modified":"2020-12-29T11:00:30","modified_gmt":"2020-12-29T09:00:30","slug":"akrobatika","status":"publish","type":"page","link":"https:\/\/gimnasticna-zveza.si\/index.php\/akrobatika\/","title":{"rendered":"Akrobatika"},"content":{"rendered":"\t\t<div data-elementor-type=\"wp-page\" data-elementor-id=\"692\" class=\"elementor elementor-692\" data-elementor-post-type=\"page\">\n\t\t\t\t\t\t<section class=\"elementor-section elementor-top-section elementor-element elementor-element-4ea9946 elementor-section-boxed elementor-section-height-default elementor-section-height-default\" data-id=\"4ea9946\" data-element_type=\"section\" data-e-type=\"section\">\n\t\t\t\t\t\t<div class=\"elementor-container elementor-column-gap-default\">\n\t\t\t\t\t<div class=\"elementor-column elementor-col-100 elementor-top-column elementor-element elementor-element-e3a40e4\" data-id=\"e3a40e4\" data-element_type=\"column\" data-e-type=\"column\">\n\t\t\t<div class=\"elementor-widget-wrap elementor-element-populated\">\n\t\t\t\t\t\t<div class=\"elementor-element elementor-element-c48cbed elementor-widget elementor-widget-spacer\" data-id=\"c48cbed\" data-element_type=\"widget\" data-e-type=\"widget\" data-widget_type=\"spacer.default\">\n\t\t\t\t<div class=\"elementor-widget-container\">\n\t\t\t\t\t\t\t<div class=\"elementor-spacer\">\n\t\t\t<div class=\"elementor-spacer-inner\"><\/div>\n\t\t<\/div>\n\t\t\t\t\t\t<\/div>\n\t\t\t\t<\/div>\n\t\t\t\t\t<\/div>\n\t\t<\/div>\n\t\t\t\t\t<\/div>\n\t\t<\/section>\n\t\t\t\t<section class=\"elementor-section elementor-top-section elementor-element elementor-element-98b2277 elementor-section-boxed elementor-section-height-default elementor-section-height-default\" data-id=\"98b2277\" data-element_type=\"section\" data-e-type=\"section\">\n\t\t\t\t\t\t<div class=\"elementor-container elementor-column-gap-default\">\n\t\t\t\t\t<div class=\"elementor-column elementor-col-100 elementor-top-column elementor-element elementor-element-4de8602\" data-id=\"4de8602\" data-element_type=\"column\" data-e-type=\"column\">\n\t\t\t<div class=\"elementor-widget-wrap elementor-element-populated\">\n\t\t\t\t\t\t<div class=\"elementor-element elementor-element-82ce4aa elementor-widget elementor-widget-text-editor\" data-id=\"82ce4aa\" data-element_type=\"widget\" data-e-type=\"widget\" data-widget_type=\"text-editor.default\">\n\t\t\t\t<div class=\"elementor-widget-container\">\n\t\t\t\t\t\t\t\t\t<h5>Splo\u0161no o akrobatiki<\/h5><p>V letu 2010 je Gimnasti\u010dna zveza Slovenije ustanovila strokovni odbor za akrobatiko (SO AKRO), ki je odgovoren za razvoj in delovanje akrobatike kot ene od njenih panog. Cilji strokovnega odbora je predvsem popularizirati akrobatiko kot panogo, pove\u010dati \u0161tevilo vade\u010dih, ki se ukvarjajo s temi disciplinami, kot tudi doseganje odmevnej\u0161ih oz. vrhunskih rezultatov na mednarodnem nivoju. Kot zveza z vrhunskimi tekmovalci v mo\u0161ki \u0161portni gimnastiki, vrhunskimi tekmovalkami v \u017eenski \u0161portni gimnastiki in ritmi\u010dni gimnastiki, je \u017eelja GZS ustvariti vrhunske \u0161portnike tudi v olimpijski disciplini skoki na veliki pro\u017eni ponjavi.\u00a0<\/p><p>Akrobatika je sestavljena iz naslednjih disciplin:<\/p><ul><li>skok z velike pro\u017ene ponjave,<\/li><li><span style=\"letter-spacing: 0px;\">skoki z male pro\u017ene ponjave,<\/span><\/li><li>skoki na akrobatski stezi,<\/li><li>akrobatske skupinske sestave.<\/li><\/ul>\t\t\t\t\t\t\t\t<\/div>\n\t\t\t\t<\/div>\n\t\t\t\t\t<\/div>\n\t\t<\/div>\n\t\t\t\t\t<\/div>\n\t\t<\/section>\n\t\t\t\t<\/div>\n\t\t","protected":false},"excerpt":{"rendered":"<p>Splo\u0161no o akrobatiki V letu 2010 je Gimnasti\u010dna zveza Slovenije<span class=\"excerpt-hellip\"> [\u2026]<\/span><\/p>\n","protected":false},"author":3,"featured_media":0,"parent":0,"menu_order":0,"comment_status":"closed","ping_status":"closed","template":"","meta":{"_monsterinsights_skip_tracking":false,"_monsterinsights_sitenote_active":false,"_monsterinsights_sitenote_note":"","_monsterinsights_sitenote_category":0,"footnotes":""},"class_list":["post-692","page","type-page","status-publish","hentry"],"_links":{"self":[{"href":"https:\/\/gimnasticna-zveza.si\/index.php\/wp-json\/wp\/v2\/pages\/692","targetHints":{"allow":["GET"]}}],"collection":[{"href":"https:\/\/gimnasticna-zveza.si\/index.php\/wp-json\/wp\/v2\/pages"}],"about":[{"href":"https:\/\/gimnasticna-zveza.si\/index.php\/wp-json\/wp\/v2\/types\/page"}],"author":[{"embeddable":true,"href":"https:\/\/gimnasticna-zveza.si\/index.php\/wp-json\/wp\/v2\/users\/3"}],"replies":[{"embeddable":true,"href":"https:\/\/gimnasticna-zveza.si\/index.php\/wp-json\/wp\/v2\/comments?post=692"}],"version-history":[{"count":9,"href":"https:\/\/gimnasticna-zveza.si\/index.php\/wp-json\/wp\/v2\/pages\/692\/revisions"}],"predecessor-version":[{"id":1654,"href":"https:\/\/gimnasticna-zveza.si\/index.php\/wp-json\/wp\/v2\/pages\/692\/revisions\/1654"}],"wp:attachment":[{"href":"https:\/\/gimnasticna-zveza.si\/index.php\/wp-json\/wp\/v2\/media?parent=692"}],"curies":[{"name":"wp","href":"https:\/\/api.w.org\/{rel}","templated":true}]}}