{"id":680,"date":"2020-09-08T11:50:02","date_gmt":"2020-09-08T11:50:02","guid":{"rendered":"http:\/\/www.gimnasticna-zveza.si\/?page_id=680"},"modified":"2021-01-04T12:27:29","modified_gmt":"2021-01-04T10:27:29","slug":"moska-sportna-gimnastika","status":"publish","type":"page","link":"https:\/\/gimnasticna-zveza.si\/index.php\/moska-sportna-gimnastika\/","title":{"rendered":"Mo\u0161ka \u0161portna gimnastika"},"content":{"rendered":"\t\t<div data-elementor-type=\"wp-page\" data-elementor-id=\"680\" class=\"elementor elementor-680\" data-elementor-post-type=\"page\">\n\t\t\t\t\t\t<section class=\"elementor-section elementor-top-section elementor-element elementor-element-9717f66 elementor-section-boxed elementor-section-height-default elementor-section-height-default\" data-id=\"9717f66\" data-element_type=\"section\" data-e-type=\"section\">\n\t\t\t\t\t\t<div class=\"elementor-container elementor-column-gap-default\">\n\t\t\t\t\t<div class=\"elementor-column elementor-col-100 elementor-top-column elementor-element elementor-element-995319d\" data-id=\"995319d\" data-element_type=\"column\" data-e-type=\"column\">\n\t\t\t<div class=\"elementor-widget-wrap elementor-element-populated\">\n\t\t\t\t\t\t<div class=\"elementor-element elementor-element-94cdf90 elementor-widget elementor-widget-spacer\" data-id=\"94cdf90\" data-element_type=\"widget\" data-e-type=\"widget\" data-widget_type=\"spacer.default\">\n\t\t\t\t<div class=\"elementor-widget-container\">\n\t\t\t\t\t\t\t<div class=\"elementor-spacer\">\n\t\t\t<div class=\"elementor-spacer-inner\"><\/div>\n\t\t<\/div>\n\t\t\t\t\t\t<\/div>\n\t\t\t\t<\/div>\n\t\t\t\t\t<\/div>\n\t\t<\/div>\n\t\t\t\t\t<\/div>\n\t\t<\/section>\n\t\t\t\t<section class=\"elementor-section elementor-top-section elementor-element elementor-element-0cd6160 elementor-section-boxed elementor-section-height-default elementor-section-height-default\" data-id=\"0cd6160\" data-element_type=\"section\" data-e-type=\"section\">\n\t\t\t\t\t\t<div class=\"elementor-container elementor-column-gap-default\">\n\t\t\t\t\t<div class=\"elementor-column elementor-col-100 elementor-top-column elementor-element elementor-element-9d3e4e1\" data-id=\"9d3e4e1\" data-element_type=\"column\" data-e-type=\"column\">\n\t\t\t<div class=\"elementor-widget-wrap elementor-element-populated\">\n\t\t\t\t\t\t<div class=\"elementor-element elementor-element-2d8c5d7 elementor-widget elementor-widget-text-editor\" data-id=\"2d8c5d7\" data-element_type=\"widget\" data-e-type=\"widget\" data-widget_type=\"text-editor.default\">\n\t\t\t\t<div class=\"elementor-widget-container\">\n\t\t\t\t\t\t\t\t\t<h3>Splo\u0161no o mo\u0161ki \u0161portni gimnastiki<\/h3>\n<p>Mo\u0161ka \u0161portna gimnastika je ena od \u0161estih panog pod okriljem Gimnasti\u010dne zveze Slovenije, ki obsega \u0161est razli\u010dnih orodij, ki so razvr\u0161\u010dena po naslednjem olimpijskem vrstnem redu: parter, konj z ro\u010daji, krogi, preskok, bradlja, drog. Vseh \u0161est orodij omogo\u010da raznolikost gibanja telesa v razli\u010dnih polo\u017eajih: akrobatske prvine, naprej, nazaj, v stran (parter, preskok), prvine mo\u010di (parter, krogi, bradlja), prvine v ali skozi oporo (parter, konj z ro\u010daji, bradlja) in prvine v ali skozi veso (krogi, bradlja, drog).<\/p>\t\t\t\t\t\t\t\t<\/div>\n\t\t\t\t<\/div>\n\t\t\t\t\t<\/div>\n\t\t<\/div>\n\t\t\t\t\t<\/div>\n\t\t<\/section>\n\t\t\t\t<section class=\"elementor-section elementor-top-section elementor-element elementor-element-47bb980 elementor-section-boxed elementor-section-height-default elementor-section-height-default\" data-id=\"47bb980\" data-element_type=\"section\" data-e-type=\"section\">\n\t\t\t\t\t\t<div class=\"elementor-container elementor-column-gap-default\">\n\t\t\t\t\t<div class=\"elementor-column elementor-col-33 elementor-top-column elementor-element elementor-element-cc3de98\" data-id=\"cc3de98\" data-element_type=\"column\" data-e-type=\"column\">\n\t\t\t<div class=\"elementor-widget-wrap elementor-element-populated\">\n\t\t\t\t\t\t<div class=\"elementor-element elementor-element-0756739 elementor-widget elementor-widget-image\" data-id=\"0756739\" data-element_type=\"widget\" data-e-type=\"widget\" data-widget_type=\"image.default\">\n\t\t\t\t<div class=\"elementor-widget-container\">\n\t\t\t\t\t\t\t\t\t\t\t\t\t\t\t<img fetchpriority=\"high\" decoding=\"async\" width=\"512\" height=\"512\" src=\"https:\/\/www.gimnasticna-zveza.si\/wp-content\/uploads\/2020\/09\/010-mats.png\" class=\"attachment-large size-large wp-image-750\" alt=\"\" srcset=\"https:\/\/www.gimnasticna-zveza.si\/wp-content\/uploads\/2020\/09\/010-mats.png 512w, https:\/\/www.gimnasticna-zveza.si\/wp-content\/uploads\/2020\/09\/010-mats-300x300.png 300w, https:\/\/www.gimnasticna-zveza.si\/wp-content\/uploads\/2020\/09\/010-mats-150x150.png 150w, https:\/\/www.gimnasticna-zveza.si\/wp-content\/uploads\/2020\/09\/010-mats-146x146.png 146w, https:\/\/www.gimnasticna-zveza.si\/wp-content\/uploads\/2020\/09\/010-mats-50x50.png 50w, https:\/\/www.gimnasticna-zveza.si\/wp-content\/uploads\/2020\/09\/010-mats-75x75.png 75w, https:\/\/www.gimnasticna-zveza.si\/wp-content\/uploads\/2020\/09\/010-mats-85x85.png 85w, https:\/\/www.gimnasticna-zveza.si\/wp-content\/uploads\/2020\/09\/010-mats-80x80.png 80w\" sizes=\"(max-width:767px) 480px, 512px\" \/>\t\t\t\t\t\t\t\t\t\t\t\t\t\t\t<\/div>\n\t\t\t\t<\/div>\n\t\t\t\t\t<\/div>\n\t\t<\/div>\n\t\t\t\t<div class=\"elementor-column elementor-col-66 elementor-top-column elementor-element elementor-element-0085e11\" data-id=\"0085e11\" data-element_type=\"column\" data-e-type=\"column\">\n\t\t\t<div class=\"elementor-widget-wrap elementor-element-populated\">\n\t\t\t\t\t\t<div class=\"elementor-element elementor-element-84460c0 elementor-widget elementor-widget-text-editor\" data-id=\"84460c0\" data-element_type=\"widget\" data-e-type=\"widget\" data-widget_type=\"text-editor.default\">\n\t\t\t\t<div class=\"elementor-widget-container\">\n\t\t\t\t\t\t\t\t\t<h4><span style=\"letter-spacing: 0px;\">Parter<\/span><\/h4><p>Talna telovadba (tudi akrobatika) je verjetno najstarej\u0161a oblika gimnastike. Glavno vsebino sestave na parterju predstavljajo akrobatski skoki, ki v kombinaciji s prvinami mo\u010di in ravnote\u017eja, prvinami gibljivosti in koreografijo tvorijo harmoni\u010dno celoto sestave. Sestava mora biti izvedena znotraj prostora parterja dimenzije 12m x 12m. Tekmovalec mora uporabiti obe diagonali in stranice kvadrata tako, da je vsaj enkrat v vsakem kotu parterja. Isto diagonalo v direktni povezavi lahko uporabi samo dvakrat. Trajanje sestave na parterju je omejeno na 70 sekund in se meri od prvega premika do zadnjega doskoka.<\/p>\t\t\t\t\t\t\t\t<\/div>\n\t\t\t\t<\/div>\n\t\t\t\t\t<\/div>\n\t\t<\/div>\n\t\t\t\t\t<\/div>\n\t\t<\/section>\n\t\t\t\t<section class=\"elementor-section elementor-top-section elementor-element elementor-element-b254031 elementor-section-boxed elementor-section-height-default elementor-section-height-default\" data-id=\"b254031\" data-element_type=\"section\" data-e-type=\"section\">\n\t\t\t\t\t\t<div class=\"elementor-container elementor-column-gap-default\">\n\t\t\t\t\t<div class=\"elementor-column elementor-col-66 elementor-top-column elementor-element elementor-element-17a2a43\" data-id=\"17a2a43\" data-element_type=\"column\" data-e-type=\"column\">\n\t\t\t<div class=\"elementor-widget-wrap elementor-element-populated\">\n\t\t\t\t\t\t<div class=\"elementor-element elementor-element-9534f07 elementor-widget elementor-widget-text-editor\" data-id=\"9534f07\" data-element_type=\"widget\" data-e-type=\"widget\" data-widget_type=\"text-editor.default\">\n\t\t\t\t<div class=\"elementor-widget-container\">\n\t\t\t\t\t\t\t\t\t<h4><span style=\"letter-spacing: 0px;\">Konj z ro\u010daji<\/span><\/h4><p>Konj z ro\u010daji je eno najstarej\u0161ih gimnasti\u010dnih orodij. Prvotno je bil konj z ro\u010daji namenjen u\u010denju, kot pomo\u010d pri razvijanju voja\u0161kih spretnosti. Glavno vsebino sestave na konju z ro\u010daji sestavljajo razli\u010dni tipi kro\u017enih zamahov z nogami skupaj ali narazen, enono\u017enih zamahov in strigov ter prehajanje iz razli\u010dnih polo\u017eajev opore na celotni povr\u0161ini trupa. Konj z ro\u010daji je orodje kjer prvine mo\u010di in dr\u017ee niso dovoljene. Vse prvine morajo biti izvedene iz zamahov in preko teko\u010dega gibanja brez vidnih prekinitev in zastojev. Tekmovalna vi\u0161ina konja je 105 cm od roba blazine in se ne sme spreminjati. Dol\u017eina trupa je 160 cm, vi\u0161ina je 28 cm in \u0161irina 35 cm. Na sredini trupa sta vzporedno &#8211; bo\u010dno pritrjena dva lesena ali plasti\u010dna ro\u010daja vi\u0161ine 12 cm, razmak med njima pa je lahko od 40 &#8211; 45 cm.<\/p>\t\t\t\t\t\t\t\t<\/div>\n\t\t\t\t<\/div>\n\t\t\t\t\t<\/div>\n\t\t<\/div>\n\t\t\t\t<div class=\"elementor-column elementor-col-33 elementor-top-column elementor-element elementor-element-b9eea43\" data-id=\"b9eea43\" data-element_type=\"column\" data-e-type=\"column\">\n\t\t\t<div class=\"elementor-widget-wrap elementor-element-populated\">\n\t\t\t\t\t\t<div class=\"elementor-element elementor-element-b7646b3 elementor-widget elementor-widget-image\" data-id=\"b7646b3\" data-element_type=\"widget\" data-e-type=\"widget\" data-widget_type=\"image.default\">\n\t\t\t\t<div class=\"elementor-widget-container\">\n\t\t\t\t\t\t\t\t\t\t\t\t\t\t\t<img decoding=\"async\" width=\"512\" height=\"512\" src=\"https:\/\/www.gimnasticna-zveza.si\/wp-content\/uploads\/2020\/09\/018-pommel-horse.png\" class=\"attachment-large size-large wp-image-758\" alt=\"\" srcset=\"https:\/\/www.gimnasticna-zveza.si\/wp-content\/uploads\/2020\/09\/018-pommel-horse.png 512w, https:\/\/www.gimnasticna-zveza.si\/wp-content\/uploads\/2020\/09\/018-pommel-horse-300x300.png 300w, https:\/\/www.gimnasticna-zveza.si\/wp-content\/uploads\/2020\/09\/018-pommel-horse-150x150.png 150w, https:\/\/www.gimnasticna-zveza.si\/wp-content\/uploads\/2020\/09\/018-pommel-horse-146x146.png 146w, https:\/\/www.gimnasticna-zveza.si\/wp-content\/uploads\/2020\/09\/018-pommel-horse-50x50.png 50w, https:\/\/www.gimnasticna-zveza.si\/wp-content\/uploads\/2020\/09\/018-pommel-horse-75x75.png 75w, https:\/\/www.gimnasticna-zveza.si\/wp-content\/uploads\/2020\/09\/018-pommel-horse-85x85.png 85w, https:\/\/www.gimnasticna-zveza.si\/wp-content\/uploads\/2020\/09\/018-pommel-horse-80x80.png 80w\" sizes=\"(max-width:767px) 480px, 512px\" \/>\t\t\t\t\t\t\t\t\t\t\t\t\t\t\t<\/div>\n\t\t\t\t<\/div>\n\t\t\t\t\t<\/div>\n\t\t<\/div>\n\t\t\t\t\t<\/div>\n\t\t<\/section>\n\t\t\t\t<section class=\"elementor-section elementor-top-section elementor-element elementor-element-742d54d elementor-section-boxed elementor-section-height-default elementor-section-height-default\" data-id=\"742d54d\" data-element_type=\"section\" data-e-type=\"section\">\n\t\t\t\t\t\t<div class=\"elementor-container elementor-column-gap-default\">\n\t\t\t\t\t<div class=\"elementor-column elementor-col-33 elementor-top-column elementor-element elementor-element-971de16\" data-id=\"971de16\" data-element_type=\"column\" data-e-type=\"column\">\n\t\t\t<div class=\"elementor-widget-wrap elementor-element-populated\">\n\t\t\t\t\t\t<div class=\"elementor-element elementor-element-30cb83a elementor-widget elementor-widget-image\" data-id=\"30cb83a\" data-element_type=\"widget\" data-e-type=\"widget\" data-widget_type=\"image.default\">\n\t\t\t\t<div class=\"elementor-widget-container\">\n\t\t\t\t\t\t\t\t\t\t\t\t\t\t\t<img decoding=\"async\" width=\"512\" height=\"512\" src=\"https:\/\/www.gimnasticna-zveza.si\/wp-content\/uploads\/2020\/09\/013-rings-2.png\" class=\"attachment-large size-large wp-image-753\" alt=\"\" srcset=\"https:\/\/www.gimnasticna-zveza.si\/wp-content\/uploads\/2020\/09\/013-rings-2.png 512w, https:\/\/www.gimnasticna-zveza.si\/wp-content\/uploads\/2020\/09\/013-rings-2-300x300.png 300w, https:\/\/www.gimnasticna-zveza.si\/wp-content\/uploads\/2020\/09\/013-rings-2-150x150.png 150w, https:\/\/www.gimnasticna-zveza.si\/wp-content\/uploads\/2020\/09\/013-rings-2-146x146.png 146w, https:\/\/www.gimnasticna-zveza.si\/wp-content\/uploads\/2020\/09\/013-rings-2-50x50.png 50w, https:\/\/www.gimnasticna-zveza.si\/wp-content\/uploads\/2020\/09\/013-rings-2-75x75.png 75w, https:\/\/www.gimnasticna-zveza.si\/wp-content\/uploads\/2020\/09\/013-rings-2-85x85.png 85w, https:\/\/www.gimnasticna-zveza.si\/wp-content\/uploads\/2020\/09\/013-rings-2-80x80.png 80w\" sizes=\"(max-width:767px) 480px, 512px\" \/>\t\t\t\t\t\t\t\t\t\t\t\t\t\t\t<\/div>\n\t\t\t\t<\/div>\n\t\t\t\t\t<\/div>\n\t\t<\/div>\n\t\t\t\t<div class=\"elementor-column elementor-col-66 elementor-top-column elementor-element elementor-element-65d34b8\" data-id=\"65d34b8\" data-element_type=\"column\" data-e-type=\"column\">\n\t\t\t<div class=\"elementor-widget-wrap elementor-element-populated\">\n\t\t\t\t\t\t<div class=\"elementor-element elementor-element-eddddb7 elementor-widget elementor-widget-text-editor\" data-id=\"eddddb7\" data-element_type=\"widget\" data-e-type=\"widget\" data-widget_type=\"text-editor.default\">\n\t\t\t\t<div class=\"elementor-widget-container\">\n\t\t\t\t\t\t\t\t\t<h4><span style=\"letter-spacing: 0px;\">Krogi<\/span><\/h4><p>Najstarej\u0161i podatki o uporabi krogov so iz obdobja starih Rimljanov, ko so na njih telovadili varietejski akrobati. Sprva so bili krogi izdelani iz polnega okroglega \u017eeleza, kar se je z napredkom telovadbe, po 1. svetovni vojni spremenilo. Krogi so zaradi bolj\u0161ega prijema postali leseni. Krogi veljajo za orodje kjer je pribli\u017eno enako razmerje kolebnih prvin, dr\u017e in teznih prvin, predvsem pa je zna\u010dilno, da je za izvedbo dr\u017e potrebna velika mera mo\u010di. Vse prvine, ki so navedene v preglednici prvin kot dr\u017ee, morajo biti zadr\u017eane 2 sekundi. Guganje in kri\u017eanje \u017ei\u010dnih vrvi pa ni dovoljeno. Vi\u0161ina ogrodja od tal do vrha je 580 cm, dol\u017eina jeklenih vrvi z usnjenim pasom pa 280 cm. Celotno ogrodje je na obeh straneh pritrjeno s \u0161tirimi jeklenimi vrvmi, ki skrbijo za pro\u017enost in dihanje celotne konstrukcije med izvedbo sestave.<\/p>\t\t\t\t\t\t\t\t<\/div>\n\t\t\t\t<\/div>\n\t\t\t\t\t<\/div>\n\t\t<\/div>\n\t\t\t\t\t<\/div>\n\t\t<\/section>\n\t\t\t\t<section class=\"elementor-section elementor-top-section elementor-element elementor-element-4b7bc09 elementor-section-boxed elementor-section-height-default elementor-section-height-default\" data-id=\"4b7bc09\" data-element_type=\"section\" data-e-type=\"section\">\n\t\t\t\t\t\t<div class=\"elementor-container elementor-column-gap-default\">\n\t\t\t\t\t<div class=\"elementor-column elementor-col-66 elementor-top-column elementor-element elementor-element-97c185d\" data-id=\"97c185d\" data-element_type=\"column\" data-e-type=\"column\">\n\t\t\t<div class=\"elementor-widget-wrap elementor-element-populated\">\n\t\t\t\t\t\t<div class=\"elementor-element elementor-element-7da0f34 elementor-widget elementor-widget-text-editor\" data-id=\"7da0f34\" data-element_type=\"widget\" data-e-type=\"widget\" data-widget_type=\"text-editor.default\">\n\t\t\t\t<div class=\"elementor-widget-container\">\n\t\t\t\t\t\t\t\t\t<h4><span style=\"letter-spacing: 0px;\">Preskok<\/span><\/h4><p>Preskok je orodje, ki je v zadnjem obdobju do\u017eivelo najve\u010dje spremembe tehni\u010dnih lastnostih orodja. Do leta 2000 so za preskok uporabljali konja brez ro\u010dajev (za mo\u0161ke je bil postavljen po dolgem, za \u017eenske pa so ga postavili po\u010dez). Januarja leta 2011 je Mednarodna gimnasti\u010dna zveza &#8211; FIG, podelila proizvajalcem gimnasti\u010dnega orodja popolnoma nov certifikat in profil gimnasti\u010dnega orodja, ki se je od prej\u0161njega razlikoval tako po obliki kot po tehni\u010dnih lastnostih. Tako imenovana miza za preskok je enaka za mo\u0161ke in \u017eenske tekmovalke, le vi\u0161ina je razli\u010dna (za mo\u0161ke 135 cm, za \u017eenske pa 125cm). Zna\u010dilnosti sestave oz. skoka na preskoku je, da ima lahko skok enega ali ve\u010d obratov obliko vzdol\u017ene ali pre\u010dne osi. Prav tako mora tekmovalec ali njegov trener pred pri\u010detkom prikazati \u0161tevilko skoka, ki ga namerava sko\u010diti. Tekmovalec mora izvesti dva skoka, ki morata biti iz razli\u010dnih strukturnih skupin v kolikor se \u017eeli uvrstiti v finale na posameznem orodju.<\/p>\t\t\t\t\t\t\t\t<\/div>\n\t\t\t\t<\/div>\n\t\t\t\t\t<\/div>\n\t\t<\/div>\n\t\t\t\t<div class=\"elementor-column elementor-col-33 elementor-top-column elementor-element elementor-element-13c2b9f\" data-id=\"13c2b9f\" data-element_type=\"column\" data-e-type=\"column\">\n\t\t\t<div class=\"elementor-widget-wrap elementor-element-populated\">\n\t\t\t\t\t\t<div class=\"elementor-element elementor-element-b98269a elementor-widget elementor-widget-image\" data-id=\"b98269a\" data-element_type=\"widget\" data-e-type=\"widget\" data-widget_type=\"image.default\">\n\t\t\t\t<div class=\"elementor-widget-container\">\n\t\t\t\t\t\t\t\t\t\t\t\t\t\t\t<img loading=\"lazy\" decoding=\"async\" width=\"512\" height=\"512\" src=\"https:\/\/www.gimnasticna-zveza.si\/wp-content\/uploads\/2020\/09\/011-gym.png\" class=\"attachment-large size-large wp-image-751\" alt=\"\" srcset=\"https:\/\/www.gimnasticna-zveza.si\/wp-content\/uploads\/2020\/09\/011-gym.png 512w, https:\/\/www.gimnasticna-zveza.si\/wp-content\/uploads\/2020\/09\/011-gym-300x300.png 300w, https:\/\/www.gimnasticna-zveza.si\/wp-content\/uploads\/2020\/09\/011-gym-150x150.png 150w, https:\/\/www.gimnasticna-zveza.si\/wp-content\/uploads\/2020\/09\/011-gym-146x146.png 146w, https:\/\/www.gimnasticna-zveza.si\/wp-content\/uploads\/2020\/09\/011-gym-50x50.png 50w, https:\/\/www.gimnasticna-zveza.si\/wp-content\/uploads\/2020\/09\/011-gym-75x75.png 75w, https:\/\/www.gimnasticna-zveza.si\/wp-content\/uploads\/2020\/09\/011-gym-85x85.png 85w, https:\/\/www.gimnasticna-zveza.si\/wp-content\/uploads\/2020\/09\/011-gym-80x80.png 80w\" sizes=\"(max-width:767px) 480px, 512px\" \/>\t\t\t\t\t\t\t\t\t\t\t\t\t\t\t<\/div>\n\t\t\t\t<\/div>\n\t\t\t\t\t<\/div>\n\t\t<\/div>\n\t\t\t\t\t<\/div>\n\t\t<\/section>\n\t\t\t\t<section class=\"elementor-section elementor-top-section elementor-element elementor-element-a45e312 elementor-section-boxed elementor-section-height-default elementor-section-height-default\" data-id=\"a45e312\" data-element_type=\"section\" data-e-type=\"section\">\n\t\t\t\t\t\t<div class=\"elementor-container elementor-column-gap-default\">\n\t\t\t\t\t<div class=\"elementor-column elementor-col-33 elementor-top-column elementor-element elementor-element-65e7a50\" data-id=\"65e7a50\" data-element_type=\"column\" data-e-type=\"column\">\n\t\t\t<div class=\"elementor-widget-wrap elementor-element-populated\">\n\t\t\t\t\t\t<div class=\"elementor-element elementor-element-1b9fdfb elementor-widget elementor-widget-image\" data-id=\"1b9fdfb\" data-element_type=\"widget\" data-e-type=\"widget\" data-widget_type=\"image.default\">\n\t\t\t\t<div class=\"elementor-widget-container\">\n\t\t\t\t\t\t\t\t\t\t\t\t\t\t\t<img loading=\"lazy\" decoding=\"async\" width=\"512\" height=\"512\" src=\"https:\/\/www.gimnasticna-zveza.si\/wp-content\/uploads\/2020\/09\/006-bars-2.png\" class=\"attachment-large size-large wp-image-746\" alt=\"\" srcset=\"https:\/\/www.gimnasticna-zveza.si\/wp-content\/uploads\/2020\/09\/006-bars-2.png 512w, https:\/\/www.gimnasticna-zveza.si\/wp-content\/uploads\/2020\/09\/006-bars-2-300x300.png 300w, https:\/\/www.gimnasticna-zveza.si\/wp-content\/uploads\/2020\/09\/006-bars-2-150x150.png 150w, https:\/\/www.gimnasticna-zveza.si\/wp-content\/uploads\/2020\/09\/006-bars-2-146x146.png 146w, https:\/\/www.gimnasticna-zveza.si\/wp-content\/uploads\/2020\/09\/006-bars-2-50x50.png 50w, https:\/\/www.gimnasticna-zveza.si\/wp-content\/uploads\/2020\/09\/006-bars-2-75x75.png 75w, https:\/\/www.gimnasticna-zveza.si\/wp-content\/uploads\/2020\/09\/006-bars-2-85x85.png 85w, https:\/\/www.gimnasticna-zveza.si\/wp-content\/uploads\/2020\/09\/006-bars-2-80x80.png 80w\" sizes=\"(max-width:767px) 480px, 512px\" \/>\t\t\t\t\t\t\t\t\t\t\t\t\t\t\t<\/div>\n\t\t\t\t<\/div>\n\t\t\t\t\t<\/div>\n\t\t<\/div>\n\t\t\t\t<div class=\"elementor-column elementor-col-66 elementor-top-column elementor-element elementor-element-15548ad\" data-id=\"15548ad\" data-element_type=\"column\" data-e-type=\"column\">\n\t\t\t<div class=\"elementor-widget-wrap elementor-element-populated\">\n\t\t\t\t\t\t<div class=\"elementor-element elementor-element-ff1b27e elementor-widget elementor-widget-text-editor\" data-id=\"ff1b27e\" data-element_type=\"widget\" data-e-type=\"widget\" data-widget_type=\"text-editor.default\">\n\t\t\t\t<div class=\"elementor-widget-container\">\n\t\t\t\t\t\t\t\t\t<h4><span style=\"letter-spacing: 0px;\">Bradlja<\/span><\/h4><p>Bradlja je ena od tistih olimpijskih gimnasti\u010dnih disciplin, ki je bila prisotna na vseh dosedanjih olimpijskih igrah in drugih ve\u010djih mednarodnih tekmovanjih. Na prvih tekmovanijh so tekmovalci izvajali predvsem stati\u010dne prvine. Glavni elementi sestave na bradlji so kolebne, tezne in tudi nekatere stati\u010dne prvine. Vse te prvine se povezujejo s prehodi skozi razli\u010dne oblike ves, opor in vzpor, kar omogo\u010da \u010dim bolj\u0161i izkoristek celotnega orodja. Bradlja je sestavljena iz dveh lestvin, ki sta medsebojno vzporedni in vedno v enaki vi\u0161ini (200 cm od tal). Dol\u017eina lestvin je 350 cm in so lahko lesene ali iz umetnih materialov. Zaradi varnosti pred lomljenjem je lahko notranjost okrepljena z enim ali ve\u010d vlo\u017eki iz jekla.<\/p>\t\t\t\t\t\t\t\t<\/div>\n\t\t\t\t<\/div>\n\t\t\t\t\t<\/div>\n\t\t<\/div>\n\t\t\t\t\t<\/div>\n\t\t<\/section>\n\t\t\t\t<section class=\"elementor-section elementor-top-section elementor-element elementor-element-fd05544 elementor-section-boxed elementor-section-height-default elementor-section-height-default\" data-id=\"fd05544\" data-element_type=\"section\" data-e-type=\"section\">\n\t\t\t\t\t\t<div class=\"elementor-container elementor-column-gap-default\">\n\t\t\t\t\t<div class=\"elementor-column elementor-col-66 elementor-top-column elementor-element elementor-element-c675596\" data-id=\"c675596\" data-element_type=\"column\" data-e-type=\"column\">\n\t\t\t<div class=\"elementor-widget-wrap elementor-element-populated\">\n\t\t\t\t\t\t<div class=\"elementor-element elementor-element-b7f8951 elementor-widget elementor-widget-text-editor\" data-id=\"b7f8951\" data-element_type=\"widget\" data-e-type=\"widget\" data-widget_type=\"text-editor.default\">\n\t\t\t\t<div class=\"elementor-widget-container\">\n\t\t\t\t\t\t\t\t\t<h4><span style=\"letter-spacing: 0px;\">Drog<\/span><\/h4><p>Najstarej\u0161e vaje na drogu imajo zanesljivo svoj izvor v igrah, ki jih \u0161e danes lahko opa\u017eamo pri otrocih, ki se obe\u0161ajo in kolebajo na vejah, drogovih in podobnem, kadarkoli se jim za to ponudi prilo\u017enost in ne da bi jih kdorkoli v to posebej uvajal. Drog je del gimnasti\u010dnega mnogoboja in tudi samostojna gimnasti\u010dna disciplina od vsega za\u010detka gimnasti\u010dnih tekmovanj. Hiter razvoj telovadbe na drogu je zahteval tudi spremembe v smeri razvoja orodja. Sprva je bil drog lesen, \u0161ele v 19.st. so v uporabi kovinski (jeklena \u017erd, \u017eelezno ogrodje in jeklene vrvi). Tekmovalna vi\u0161ina droga je po pravilih FIG 260 cm od roba blazine.<\/p>\t\t\t\t\t\t\t\t<\/div>\n\t\t\t\t<\/div>\n\t\t\t\t\t<\/div>\n\t\t<\/div>\n\t\t\t\t<div class=\"elementor-column elementor-col-33 elementor-top-column elementor-element elementor-element-b30c7b8\" data-id=\"b30c7b8\" data-element_type=\"column\" data-e-type=\"column\">\n\t\t\t<div class=\"elementor-widget-wrap elementor-element-populated\">\n\t\t\t\t\t\t<div class=\"elementor-element elementor-element-da165bb elementor-widget elementor-widget-image\" data-id=\"da165bb\" data-element_type=\"widget\" data-e-type=\"widget\" data-widget_type=\"image.default\">\n\t\t\t\t<div class=\"elementor-widget-container\">\n\t\t\t\t\t\t\t\t\t\t\t\t\t\t\t<img loading=\"lazy\" decoding=\"async\" width=\"512\" height=\"512\" src=\"https:\/\/www.gimnasticna-zveza.si\/wp-content\/uploads\/2020\/09\/007-bars-3.png\" class=\"attachment-large size-large wp-image-747\" alt=\"\" srcset=\"https:\/\/www.gimnasticna-zveza.si\/wp-content\/uploads\/2020\/09\/007-bars-3.png 512w, https:\/\/www.gimnasticna-zveza.si\/wp-content\/uploads\/2020\/09\/007-bars-3-300x300.png 300w, https:\/\/www.gimnasticna-zveza.si\/wp-content\/uploads\/2020\/09\/007-bars-3-150x150.png 150w, https:\/\/www.gimnasticna-zveza.si\/wp-content\/uploads\/2020\/09\/007-bars-3-146x146.png 146w, https:\/\/www.gimnasticna-zveza.si\/wp-content\/uploads\/2020\/09\/007-bars-3-50x50.png 50w, https:\/\/www.gimnasticna-zveza.si\/wp-content\/uploads\/2020\/09\/007-bars-3-75x75.png 75w, https:\/\/www.gimnasticna-zveza.si\/wp-content\/uploads\/2020\/09\/007-bars-3-85x85.png 85w, https:\/\/www.gimnasticna-zveza.si\/wp-content\/uploads\/2020\/09\/007-bars-3-80x80.png 80w\" sizes=\"(max-width:767px) 480px, 512px\" \/>\t\t\t\t\t\t\t\t\t\t\t\t\t\t\t<\/div>\n\t\t\t\t<\/div>\n\t\t\t\t\t<\/div>\n\t\t<\/div>\n\t\t\t\t\t<\/div>\n\t\t<\/section>\n\t\t\t\t<\/div>\n\t\t","protected":false},"excerpt":{"rendered":"<p>Splo\u0161no o mo\u0161ki \u0161portni gimnastiki Mo\u0161ka \u0161portna gimnastika je ena<span class=\"excerpt-hellip\"> [\u2026]<\/span><\/p>\n","protected":false},"author":3,"featured_media":0,"parent":0,"menu_order":0,"comment_status":"closed","ping_status":"closed","template":"","meta":{"_monsterinsights_skip_tracking":false,"_monsterinsights_sitenote_active":false,"_monsterinsights_sitenote_note":"","_monsterinsights_sitenote_category":0,"footnotes":""},"class_list":["post-680","page","type-page","status-publish","hentry"],"_links":{"self":[{"href":"https:\/\/gimnasticna-zveza.si\/index.php\/wp-json\/wp\/v2\/pages\/680","targetHints":{"allow":["GET"]}}],"collection":[{"href":"https:\/\/gimnasticna-zveza.si\/index.php\/wp-json\/wp\/v2\/pages"}],"about":[{"href":"https:\/\/gimnasticna-zveza.si\/index.php\/wp-json\/wp\/v2\/types\/page"}],"author":[{"embeddable":true,"href":"https:\/\/gimnasticna-zveza.si\/index.php\/wp-json\/wp\/v2\/users\/3"}],"replies":[{"embeddable":true,"href":"https:\/\/gimnasticna-zveza.si\/index.php\/wp-json\/wp\/v2\/comments?post=680"}],"version-history":[{"count":26,"href":"https:\/\/gimnasticna-zveza.si\/index.php\/wp-json\/wp\/v2\/pages\/680\/revisions"}],"predecessor-version":[{"id":1763,"href":"https:\/\/gimnasticna-zveza.si\/index.php\/wp-json\/wp\/v2\/pages\/680\/revisions\/1763"}],"wp:attachment":[{"href":"https:\/\/gimnasticna-zveza.si\/index.php\/wp-json\/wp\/v2\/media?parent=680"}],"curies":[{"name":"wp","href":"https:\/\/api.w.org\/{rel}","templated":true}]}}