{"id":5859,"date":"2023-08-04T11:23:01","date_gmt":"2023-08-04T09:23:01","guid":{"rendered":"https:\/\/www.gimnasticna-zveza.si\/?page_id=5859"},"modified":"2023-08-04T11:32:18","modified_gmt":"2023-08-04T09:32:18","slug":"mednarodna-dejavnost-slovenske-gimnastike","status":"publish","type":"page","link":"https:\/\/gimnasticna-zveza.si\/index.php\/mednarodna-dejavnost-slovenske-gimnastike\/","title":{"rendered":"Mednarodna dejavnost slovenske gimnastike"},"content":{"rendered":"\t\t<div data-elementor-type=\"wp-page\" data-elementor-id=\"5859\" class=\"elementor elementor-5859\" data-elementor-post-type=\"page\">\n\t\t\t\t\t\t<section class=\"elementor-section elementor-top-section elementor-element elementor-element-60d2fab elementor-section-boxed elementor-section-height-default elementor-section-height-default\" data-id=\"60d2fab\" data-element_type=\"section\" data-e-type=\"section\">\n\t\t\t\t\t\t<div class=\"elementor-container elementor-column-gap-default\">\n\t\t\t\t\t<div class=\"elementor-column elementor-col-100 elementor-top-column elementor-element elementor-element-aa431ef\" data-id=\"aa431ef\" data-element_type=\"column\" data-e-type=\"column\">\n\t\t\t<div class=\"elementor-widget-wrap elementor-element-populated\">\n\t\t\t\t\t\t<div class=\"elementor-element elementor-element-6407abe elementor-widget elementor-widget-spacer\" data-id=\"6407abe\" data-element_type=\"widget\" data-e-type=\"widget\" data-widget_type=\"spacer.default\">\n\t\t\t\t<div class=\"elementor-widget-container\">\n\t\t\t\t\t\t\t<div class=\"elementor-spacer\">\n\t\t\t<div class=\"elementor-spacer-inner\"><\/div>\n\t\t<\/div>\n\t\t\t\t\t\t<\/div>\n\t\t\t\t<\/div>\n\t\t\t\t\t<\/div>\n\t\t<\/div>\n\t\t\t\t\t<\/div>\n\t\t<\/section>\n\t\t\t\t<section class=\"elementor-section elementor-top-section elementor-element elementor-element-1624787 elementor-section-boxed elementor-section-height-default elementor-section-height-default\" data-id=\"1624787\" data-element_type=\"section\" data-e-type=\"section\">\n\t\t\t\t\t\t<div class=\"elementor-container elementor-column-gap-default\">\n\t\t\t\t\t<div class=\"elementor-column elementor-col-100 elementor-top-column elementor-element elementor-element-2cebc06\" data-id=\"2cebc06\" data-element_type=\"column\" data-e-type=\"column\">\n\t\t\t<div class=\"elementor-widget-wrap elementor-element-populated\">\n\t\t\t\t\t\t<div class=\"elementor-element elementor-element-0dc3606 elementor-widget elementor-widget-heading\" data-id=\"0dc3606\" data-element_type=\"widget\" data-e-type=\"widget\" data-widget_type=\"heading.default\">\n\t\t\t\t<div class=\"elementor-widget-container\">\n\t\t\t\t\t<h4 class=\"elementor-heading-title elementor-size-default\">Mednarodno delovanje slovenske gimnastike<br><\/h4>\t\t\t\t<\/div>\n\t\t\t\t<\/div>\n\t\t\t\t\t<\/div>\n\t\t<\/div>\n\t\t\t\t\t<\/div>\n\t\t<\/section>\n\t\t\t\t<section class=\"elementor-section elementor-top-section elementor-element elementor-element-d40dd36 elementor-section-boxed elementor-section-height-default elementor-section-height-default\" data-id=\"d40dd36\" data-element_type=\"section\" data-e-type=\"section\">\n\t\t\t\t\t\t<div class=\"elementor-container elementor-column-gap-default\">\n\t\t\t\t\t<div class=\"elementor-column elementor-col-100 elementor-top-column elementor-element elementor-element-2dcf760\" data-id=\"2dcf760\" data-element_type=\"column\" data-e-type=\"column\">\n\t\t\t<div class=\"elementor-widget-wrap elementor-element-populated\">\n\t\t\t\t\t\t<div class=\"elementor-element elementor-element-8e9076e elementor-widget elementor-widget-text-editor\" data-id=\"8e9076e\" data-element_type=\"widget\" data-e-type=\"widget\" data-widget_type=\"text-editor.default\">\n\t\t\t\t<div class=\"elementor-widget-container\">\n\t\t\t\t\t\t\t\t\t<p>Mo\u010dna prisotnost v odlo\u010devalskih organih mednarodnih organizacij na podro\u010dju gimnastike oz. \u0161porta je ena izmed pomembnej\u0161ih usmeritev Gimnasti\u010dne zveze Slovenije. V letu 2023 Slovenijo in slovensko gimnastiko ter njene interese v mednarodnih organih zastopajo:<\/p><ul><li><strong>Alja\u017e Pegan<\/strong>, predstavnik \u0161portnikov v Izvr\u0161nem odboru Mednarodne gimnasti\u010dne zveze (EC FIG),<\/li><li><strong>dr. Edvard Kolar<\/strong>, podpredsednik Evropske gimnasti\u010dne zveze (EG) in podpredsednik Balkanske gimnasti\u010dne zveze (BG),<\/li><li><strong>Ivan Levak<\/strong>, \u010dlan\u00a0 Nadzornega odbora Evropske gimnasti\u010dne zveze (NO EG),<\/li><li><strong>Sa\u0161o Bertoncelj<\/strong>, \u010dlan Izvr\u0161nega odbora Mednarodnega komiteja Mediteranskih iger in \u010dlan Safeguarding delovne skupine pri Mednarodni gimnasti\u010dni zvezi (FIG).<\/li><\/ul>\t\t\t\t\t\t\t\t<\/div>\n\t\t\t\t<\/div>\n\t\t\t\t\t<\/div>\n\t\t<\/div>\n\t\t\t\t\t<\/div>\n\t\t<\/section>\n\t\t\t\t<\/div>\n\t\t","protected":false},"excerpt":{"rendered":"<p>Mednarodno delovanje slovenske gimnastike Mo\u010dna prisotnost v odlo\u010devalskih organih mednarodnih<span class=\"excerpt-hellip\"> [\u2026]<\/span><\/p>\n","protected":false},"author":3,"featured_media":0,"parent":0,"menu_order":0,"comment_status":"closed","ping_status":"closed","template":"","meta":{"_monsterinsights_skip_tracking":false,"_monsterinsights_sitenote_active":false,"_monsterinsights_sitenote_note":"","_monsterinsights_sitenote_category":0,"footnotes":""},"class_list":["post-5859","page","type-page","status-publish","hentry"],"_links":{"self":[{"href":"https:\/\/gimnasticna-zveza.si\/index.php\/wp-json\/wp\/v2\/pages\/5859","targetHints":{"allow":["GET"]}}],"collection":[{"href":"https:\/\/gimnasticna-zveza.si\/index.php\/wp-json\/wp\/v2\/pages"}],"about":[{"href":"https:\/\/gimnasticna-zveza.si\/index.php\/wp-json\/wp\/v2\/types\/page"}],"author":[{"embeddable":true,"href":"https:\/\/gimnasticna-zveza.si\/index.php\/wp-json\/wp\/v2\/users\/3"}],"replies":[{"embeddable":true,"href":"https:\/\/gimnasticna-zveza.si\/index.php\/wp-json\/wp\/v2\/comments?post=5859"}],"version-history":[{"count":5,"href":"https:\/\/gimnasticna-zveza.si\/index.php\/wp-json\/wp\/v2\/pages\/5859\/revisions"}],"predecessor-version":[{"id":5865,"href":"https:\/\/gimnasticna-zveza.si\/index.php\/wp-json\/wp\/v2\/pages\/5859\/revisions\/5865"}],"wp:attachment":[{"href":"https:\/\/gimnasticna-zveza.si\/index.php\/wp-json\/wp\/v2\/media?parent=5859"}],"curies":[{"name":"wp","href":"https:\/\/api.w.org\/{rel}","templated":true}]}}