{"id":544,"date":"2020-08-29T17:03:36","date_gmt":"2020-08-29T17:03:36","guid":{"rendered":"http:\/\/www.gimnasticna-zveza.si\/?page_id=544"},"modified":"2020-09-30T19:23:19","modified_gmt":"2020-09-30T17:23:19","slug":"center-gimnasticnega-znanja","status":"publish","type":"page","link":"https:\/\/gimnasticna-zveza.si\/index.php\/center-gimnasticnega-znanja\/","title":{"rendered":"Center gimnasti\u010dnega znanja"},"content":{"rendered":"\t\t<div data-elementor-type=\"wp-page\" data-elementor-id=\"544\" class=\"elementor elementor-544\" data-elementor-post-type=\"page\">\n\t\t\t\t\t\t<section class=\"elementor-section elementor-top-section elementor-element elementor-element-d294df4 elementor-section-boxed elementor-section-height-default elementor-section-height-default\" data-id=\"d294df4\" data-element_type=\"section\" data-e-type=\"section\">\n\t\t\t\t\t\t<div class=\"elementor-container elementor-column-gap-default\">\n\t\t\t\t\t<div class=\"elementor-column elementor-col-100 elementor-top-column elementor-element elementor-element-5dcc49e\" data-id=\"5dcc49e\" data-element_type=\"column\" data-e-type=\"column\">\n\t\t\t<div class=\"elementor-widget-wrap elementor-element-populated\">\n\t\t\t\t\t\t<div class=\"elementor-element elementor-element-861795f elementor-widget elementor-widget-spacer\" data-id=\"861795f\" data-element_type=\"widget\" data-e-type=\"widget\" data-widget_type=\"spacer.default\">\n\t\t\t\t<div class=\"elementor-widget-container\">\n\t\t\t\t\t\t\t<div class=\"elementor-spacer\">\n\t\t\t<div class=\"elementor-spacer-inner\"><\/div>\n\t\t<\/div>\n\t\t\t\t\t\t<\/div>\n\t\t\t\t<\/div>\n\t\t\t\t<div class=\"elementor-element elementor-element-2aa65f4 elementor-widget elementor-widget-text-editor\" data-id=\"2aa65f4\" data-element_type=\"widget\" data-e-type=\"widget\" data-widget_type=\"text-editor.default\">\n\t\t\t\t<div class=\"elementor-widget-container\">\n\t\t\t\t\t\t\t\t\t<div><span style=\"color: #737e86;\">Ker se na Gimnasti\u010dni zvezi Slovenije zavedamo pomena kvalitetno izobra\u017eenega kadra, potekajo razli\u010dne oblike izobra\u017eevanj:<\/span><\/div><ul><li>usposabljanja Gimnasti\u010dne zveze Slovenije,<\/li><li>znanstveni kongres Gimnasti\u010dne zveze Slovenije,<\/li><li>strokovni kongres Gimnasti\u010dne zveze Slovenije,<\/li><li>enodnevni izobra\u017eevalni dogodki.<\/li><\/ul><div><span style=\"color: #737e86;\">Gimnasti\u010dna zveza Slovenije je tudi zalo\u017enik ve\u010djega \u0161tevila strokovnih publikacij. Ve\u010d o tem lahko izveste v <a href=\"http:\/\/www.gimnasticna-zveza.si\/index.php\/trgovina\/\">knjigarni Gimnasti\u010dne zveze Slovenije<\/a>.<\/span><\/div>\t\t\t\t\t\t\t\t<\/div>\n\t\t\t\t<\/div>\n\t\t\t\t\t<\/div>\n\t\t<\/div>\n\t\t\t\t\t<\/div>\n\t\t<\/section>\n\t\t\t\t<\/div>\n\t\t","protected":false},"excerpt":{"rendered":"<p>Ker se na Gimnasti\u010dni zvezi Slovenije zavedamo pomena kvalitetno izobra\u017eenega<span class=\"excerpt-hellip\"> [\u2026]<\/span><\/p>\n","protected":false},"author":3,"featured_media":0,"parent":0,"menu_order":0,"comment_status":"closed","ping_status":"closed","template":"","meta":{"_monsterinsights_skip_tracking":false,"_monsterinsights_sitenote_active":false,"_monsterinsights_sitenote_note":"","_monsterinsights_sitenote_category":0,"footnotes":""},"class_list":["post-544","page","type-page","status-publish","hentry"],"_links":{"self":[{"href":"https:\/\/gimnasticna-zveza.si\/index.php\/wp-json\/wp\/v2\/pages\/544","targetHints":{"allow":["GET"]}}],"collection":[{"href":"https:\/\/gimnasticna-zveza.si\/index.php\/wp-json\/wp\/v2\/pages"}],"about":[{"href":"https:\/\/gimnasticna-zveza.si\/index.php\/wp-json\/wp\/v2\/types\/page"}],"author":[{"embeddable":true,"href":"https:\/\/gimnasticna-zveza.si\/index.php\/wp-json\/wp\/v2\/users\/3"}],"replies":[{"embeddable":true,"href":"https:\/\/gimnasticna-zveza.si\/index.php\/wp-json\/wp\/v2\/comments?post=544"}],"version-history":[{"count":10,"href":"https:\/\/gimnasticna-zveza.si\/index.php\/wp-json\/wp\/v2\/pages\/544\/revisions"}],"predecessor-version":[{"id":881,"href":"https:\/\/gimnasticna-zveza.si\/index.php\/wp-json\/wp\/v2\/pages\/544\/revisions\/881"}],"wp:attachment":[{"href":"https:\/\/gimnasticna-zveza.si\/index.php\/wp-json\/wp\/v2\/media?parent=544"}],"curies":[{"name":"wp","href":"https:\/\/api.w.org\/{rel}","templated":true}]}}