{"id":520,"date":"2020-08-29T15:49:16","date_gmt":"2020-08-29T15:49:16","guid":{"rendered":"http:\/\/www.gimnasticna-zveza.si\/?page_id=520"},"modified":"2021-02-09T11:27:02","modified_gmt":"2021-02-09T09:27:02","slug":"projekti-gzs","status":"publish","type":"page","link":"https:\/\/gimnasticna-zveza.si\/index.php\/projekti-gzs\/","title":{"rendered":"Projekti Gimnasti\u010dne zveze Slovenije"},"content":{"rendered":"\t\t<div data-elementor-type=\"wp-page\" data-elementor-id=\"520\" class=\"elementor elementor-520\" data-elementor-post-type=\"page\">\n\t\t\t\t\t\t<section class=\"elementor-section elementor-top-section elementor-element elementor-element-60d2fab elementor-section-boxed elementor-section-height-default elementor-section-height-default\" data-id=\"60d2fab\" data-element_type=\"section\" data-e-type=\"section\">\n\t\t\t\t\t\t<div class=\"elementor-container elementor-column-gap-default\">\n\t\t\t\t\t<div class=\"elementor-column elementor-col-100 elementor-top-column elementor-element elementor-element-aa431ef\" data-id=\"aa431ef\" data-element_type=\"column\" data-e-type=\"column\">\n\t\t\t<div class=\"elementor-widget-wrap elementor-element-populated\">\n\t\t\t\t\t\t<div class=\"elementor-element elementor-element-6407abe elementor-widget elementor-widget-spacer\" data-id=\"6407abe\" data-element_type=\"widget\" data-e-type=\"widget\" data-widget_type=\"spacer.default\">\n\t\t\t\t<div class=\"elementor-widget-container\">\n\t\t\t\t\t\t\t<div class=\"elementor-spacer\">\n\t\t\t<div class=\"elementor-spacer-inner\"><\/div>\n\t\t<\/div>\n\t\t\t\t\t\t<\/div>\n\t\t\t\t<\/div>\n\t\t\t\t\t<\/div>\n\t\t<\/div>\n\t\t\t\t\t<\/div>\n\t\t<\/section>\n\t\t\t\t<section class=\"elementor-section elementor-top-section elementor-element elementor-element-ac8c2f4 elementor-section-boxed elementor-section-height-default elementor-section-height-default\" data-id=\"ac8c2f4\" data-element_type=\"section\" data-e-type=\"section\">\n\t\t\t\t\t\t<div class=\"elementor-container elementor-column-gap-default\">\n\t\t\t\t\t<div class=\"elementor-column elementor-col-33 elementor-top-column elementor-element elementor-element-6f2252a\" data-id=\"6f2252a\" data-element_type=\"column\" data-e-type=\"column\">\n\t\t\t<div class=\"elementor-widget-wrap elementor-element-populated\">\n\t\t\t\t\t\t<div class=\"elementor-element elementor-element-f1a9137 elementor-widget elementor-widget-image\" data-id=\"f1a9137\" data-element_type=\"widget\" data-e-type=\"widget\" data-widget_type=\"image.default\">\n\t\t\t\t<div class=\"elementor-widget-container\">\n\t\t\t\t\t\t\t\t\t\t\t\t\t\t\t<img fetchpriority=\"high\" decoding=\"async\" width=\"984\" height=\"984\" src=\"https:\/\/gimnasticna-zveza.si\/wp-content\/uploads\/2020\/09\/spletna-stran_spp.jpg\" class=\"attachment-large size-large wp-image-947\" alt=\"\" srcset=\"https:\/\/gimnasticna-zveza.si\/wp-content\/uploads\/2020\/09\/spletna-stran_spp.jpg 984w, https:\/\/gimnasticna-zveza.si\/wp-content\/uploads\/2020\/09\/spletna-stran_spp-300x300.jpg 300w, https:\/\/gimnasticna-zveza.si\/wp-content\/uploads\/2020\/09\/spletna-stran_spp-150x150.jpg 150w, https:\/\/gimnasticna-zveza.si\/wp-content\/uploads\/2020\/09\/spletna-stran_spp-768x768.jpg 768w, https:\/\/gimnasticna-zveza.si\/wp-content\/uploads\/2020\/09\/spletna-stran_spp-146x146.jpg 146w, https:\/\/gimnasticna-zveza.si\/wp-content\/uploads\/2020\/09\/spletna-stran_spp-50x50.jpg 50w, https:\/\/gimnasticna-zveza.si\/wp-content\/uploads\/2020\/09\/spletna-stran_spp-75x75.jpg 75w, https:\/\/gimnasticna-zveza.si\/wp-content\/uploads\/2020\/09\/spletna-stran_spp-85x85.jpg 85w, https:\/\/gimnasticna-zveza.si\/wp-content\/uploads\/2020\/09\/spletna-stran_spp-80x80.jpg 80w, https:\/\/gimnasticna-zveza.si\/wp-content\/uploads\/2020\/09\/spletna-stran_spp-600x600.jpg 600w\" sizes=\"(max-width:767px) 480px, (max-width:984px) 100vw, 984px\" \/>\t\t\t\t\t\t\t\t\t\t\t\t\t\t\t<\/div>\n\t\t\t\t<\/div>\n\t\t\t\t\t<\/div>\n\t\t<\/div>\n\t\t\t\t<div class=\"elementor-column elementor-col-66 elementor-top-column elementor-element elementor-element-24fe47c\" data-id=\"24fe47c\" data-element_type=\"column\" data-e-type=\"column\">\n\t\t\t<div class=\"elementor-widget-wrap elementor-element-populated\">\n\t\t\t\t\t\t<div class=\"elementor-element elementor-element-118229e elementor-widget elementor-widget-text-editor\" data-id=\"118229e\" data-element_type=\"widget\" data-e-type=\"widget\" data-widget_type=\"text-editor.default\">\n\t\t\t\t<div class=\"elementor-widget-container\">\n\t\t\t\t\t\t\t\t\t<h4>Svetovni pokal v \u0161portni gimnastiki<\/h4><p>Gimnasti\u010dna zveza Slovenije vsako leto organizira Svetovni pokal v \u0161portni gimnastiki, ki je najve\u010dje mednarodno gimnasti\u010dno tekmovanje na slovenskih tleh. V letu 2021 bo organizirano 16. tekmovanje po vrsti. Zadnja \u0161tiri leta tekmovanje poteka na slovenski Obali, v Kopru.<\/p><p>S tekmovanjem omogo\u010dimo \u0161portnikom nastop na doma\u010dih tleh, podpornikom gimnastike pa ogled kvalitetnega mednarodnega tekmovanja v tem tradicionalnem \u0161portu. Ve\u010d o dogodku najdete na <a href=\"http:\/\/slogym.si\/\">spletni strani tekmovanja<\/a>.<\/p>\t\t\t\t\t\t\t\t<\/div>\n\t\t\t\t<\/div>\n\t\t\t\t\t<\/div>\n\t\t<\/div>\n\t\t\t\t\t<\/div>\n\t\t<\/section>\n\t\t\t\t<section class=\"elementor-section elementor-top-section elementor-element elementor-element-aa298d8 elementor-section-boxed elementor-section-height-default elementor-section-height-default\" data-id=\"aa298d8\" data-element_type=\"section\" data-e-type=\"section\">\n\t\t\t\t\t\t<div class=\"elementor-container elementor-column-gap-default\">\n\t\t\t\t\t<div class=\"elementor-column elementor-col-66 elementor-top-column elementor-element elementor-element-9d6b224\" data-id=\"9d6b224\" data-element_type=\"column\" data-e-type=\"column\">\n\t\t\t<div class=\"elementor-widget-wrap elementor-element-populated\">\n\t\t\t\t\t\t<div class=\"elementor-element elementor-element-d17b3b2 elementor-widget elementor-widget-text-editor\" data-id=\"d17b3b2\" data-element_type=\"widget\" data-e-type=\"widget\" data-widget_type=\"text-editor.default\">\n\t\t\t\t<div class=\"elementor-widget-container\">\n\t\t\t\t\t\t\t\t\t<h4>Baza za uspeh<\/h4><p>Gimnasti\u010dna zveza Slovenije je skupaj s Plavalno zvezo Slovenije in atletskimi, gimnasti\u010dnimi ter plavalnimi klubi oktobra 2020 pri\u010dela s pilotno izvedbo projekta &#8220;Baza za uspeh&#8221;. Projekt na razli\u010dnih podro\u010djih pokriva zelo raznolike dele\u017enike okolja, v sodelovanju s klubi pa predstavlja celovito vadbo otrok, kjer ti na enem mestu vadijo vse tri bazi\u010dne \u0161porte in s tem pridobijo optimalen fizi\u010dni razvoj in s tem najbolj\u0161o mo\u017eno podlago za nadaljnje ukvarjanje s katerim izmed bazi\u010dnih \u0161portov ali pa ukvarjanjem kateregakoli drugega \u0161porta.<\/p><p>Ve\u010d o projektu, vklju\u010dno s seznamom dru\u0161tev, ki izvajajo vadbo, najdete na <a href=\"http:\/\/www.gimnasticna-zveza.si\/index.php\/baza-za-uspeh\/\">podstrani projekta<\/a>.<\/p>\t\t\t\t\t\t\t\t<\/div>\n\t\t\t\t<\/div>\n\t\t\t\t\t<\/div>\n\t\t<\/div>\n\t\t\t\t<div class=\"elementor-column elementor-col-33 elementor-top-column elementor-element elementor-element-a3a2692\" data-id=\"a3a2692\" data-element_type=\"column\" data-e-type=\"column\">\n\t\t\t<div class=\"elementor-widget-wrap elementor-element-populated\">\n\t\t\t\t\t\t<div class=\"elementor-element elementor-element-e67955b elementor-widget elementor-widget-image\" data-id=\"e67955b\" data-element_type=\"widget\" data-e-type=\"widget\" data-widget_type=\"image.default\">\n\t\t\t\t<div class=\"elementor-widget-container\">\n\t\t\t\t\t\t\t\t\t\t\t\t\t\t\t<img decoding=\"async\" width=\"984\" height=\"984\" src=\"https:\/\/gimnasticna-zveza.si\/wp-content\/uploads\/2020\/09\/spletna-stran_agp.jpg\" class=\"attachment-large size-large wp-image-945\" alt=\"\" srcset=\"https:\/\/gimnasticna-zveza.si\/wp-content\/uploads\/2020\/09\/spletna-stran_agp.jpg 984w, https:\/\/gimnasticna-zveza.si\/wp-content\/uploads\/2020\/09\/spletna-stran_agp-300x300.jpg 300w, https:\/\/gimnasticna-zveza.si\/wp-content\/uploads\/2020\/09\/spletna-stran_agp-150x150.jpg 150w, https:\/\/gimnasticna-zveza.si\/wp-content\/uploads\/2020\/09\/spletna-stran_agp-768x768.jpg 768w, https:\/\/gimnasticna-zveza.si\/wp-content\/uploads\/2020\/09\/spletna-stran_agp-146x146.jpg 146w, https:\/\/gimnasticna-zveza.si\/wp-content\/uploads\/2020\/09\/spletna-stran_agp-50x50.jpg 50w, https:\/\/gimnasticna-zveza.si\/wp-content\/uploads\/2020\/09\/spletna-stran_agp-75x75.jpg 75w, https:\/\/gimnasticna-zveza.si\/wp-content\/uploads\/2020\/09\/spletna-stran_agp-85x85.jpg 85w, https:\/\/gimnasticna-zveza.si\/wp-content\/uploads\/2020\/09\/spletna-stran_agp-80x80.jpg 80w, https:\/\/gimnasticna-zveza.si\/wp-content\/uploads\/2020\/09\/spletna-stran_agp-600x600.jpg 600w\" sizes=\"(max-width:767px) 480px, (max-width:984px) 100vw, 984px\" \/>\t\t\t\t\t\t\t\t\t\t\t\t\t\t\t<\/div>\n\t\t\t\t<\/div>\n\t\t\t\t\t<\/div>\n\t\t<\/div>\n\t\t\t\t\t<\/div>\n\t\t<\/section>\n\t\t\t\t<section class=\"elementor-section elementor-top-section elementor-element elementor-element-f9ea4ba elementor-section-boxed elementor-section-height-default elementor-section-height-default\" data-id=\"f9ea4ba\" data-element_type=\"section\" data-e-type=\"section\">\n\t\t\t\t\t\t<div class=\"elementor-container elementor-column-gap-default\">\n\t\t\t\t\t<div class=\"elementor-column elementor-col-100 elementor-top-column elementor-element elementor-element-0e09848\" data-id=\"0e09848\" data-element_type=\"column\" data-e-type=\"column\">\n\t\t\t<div class=\"elementor-widget-wrap elementor-element-populated\">\n\t\t\t\t\t\t<div class=\"elementor-element elementor-element-a15574a elementor-widget elementor-widget-spacer\" data-id=\"a15574a\" data-element_type=\"widget\" data-e-type=\"widget\" data-widget_type=\"spacer.default\">\n\t\t\t\t<div class=\"elementor-widget-container\">\n\t\t\t\t\t\t\t<div class=\"elementor-spacer\">\n\t\t\t<div class=\"elementor-spacer-inner\"><\/div>\n\t\t<\/div>\n\t\t\t\t\t\t<\/div>\n\t\t\t\t<\/div>\n\t\t\t\t\t<\/div>\n\t\t<\/div>\n\t\t\t\t\t<\/div>\n\t\t<\/section>\n\t\t\t\t<section class=\"elementor-section elementor-top-section elementor-element elementor-element-251341d elementor-section-boxed elementor-section-height-default elementor-section-height-default\" data-id=\"251341d\" data-element_type=\"section\" data-e-type=\"section\">\n\t\t\t\t\t\t<div class=\"elementor-container elementor-column-gap-default\">\n\t\t\t\t\t<div class=\"elementor-column elementor-col-33 elementor-top-column elementor-element elementor-element-60fb2c6\" data-id=\"60fb2c6\" data-element_type=\"column\" data-e-type=\"column\">\n\t\t\t<div class=\"elementor-widget-wrap elementor-element-populated\">\n\t\t\t\t\t\t<div class=\"elementor-element elementor-element-e47cd34 elementor-widget elementor-widget-image\" data-id=\"e47cd34\" data-element_type=\"widget\" data-e-type=\"widget\" data-widget_type=\"image.default\">\n\t\t\t\t<div class=\"elementor-widget-container\">\n\t\t\t\t\t\t\t\t\t\t\t\t\t\t\t<img decoding=\"async\" width=\"984\" height=\"984\" src=\"https:\/\/gimnasticna-zveza.si\/wp-content\/uploads\/2020\/09\/spletna-stran_dnevi-odprtih-vrat.jpg\" class=\"attachment-large size-large wp-image-944\" alt=\"\" srcset=\"https:\/\/gimnasticna-zveza.si\/wp-content\/uploads\/2020\/09\/spletna-stran_dnevi-odprtih-vrat.jpg 984w, https:\/\/gimnasticna-zveza.si\/wp-content\/uploads\/2020\/09\/spletna-stran_dnevi-odprtih-vrat-300x300.jpg 300w, https:\/\/gimnasticna-zveza.si\/wp-content\/uploads\/2020\/09\/spletna-stran_dnevi-odprtih-vrat-150x150.jpg 150w, https:\/\/gimnasticna-zveza.si\/wp-content\/uploads\/2020\/09\/spletna-stran_dnevi-odprtih-vrat-768x768.jpg 768w, https:\/\/gimnasticna-zveza.si\/wp-content\/uploads\/2020\/09\/spletna-stran_dnevi-odprtih-vrat-146x146.jpg 146w, https:\/\/gimnasticna-zveza.si\/wp-content\/uploads\/2020\/09\/spletna-stran_dnevi-odprtih-vrat-50x50.jpg 50w, https:\/\/gimnasticna-zveza.si\/wp-content\/uploads\/2020\/09\/spletna-stran_dnevi-odprtih-vrat-75x75.jpg 75w, https:\/\/gimnasticna-zveza.si\/wp-content\/uploads\/2020\/09\/spletna-stran_dnevi-odprtih-vrat-85x85.jpg 85w, https:\/\/gimnasticna-zveza.si\/wp-content\/uploads\/2020\/09\/spletna-stran_dnevi-odprtih-vrat-80x80.jpg 80w, https:\/\/gimnasticna-zveza.si\/wp-content\/uploads\/2020\/09\/spletna-stran_dnevi-odprtih-vrat-600x600.jpg 600w\" sizes=\"(max-width:767px) 480px, (max-width:984px) 100vw, 984px\" \/>\t\t\t\t\t\t\t\t\t\t\t\t\t\t\t<\/div>\n\t\t\t\t<\/div>\n\t\t\t\t\t<\/div>\n\t\t<\/div>\n\t\t\t\t<div class=\"elementor-column elementor-col-66 elementor-top-column elementor-element elementor-element-8227e60\" data-id=\"8227e60\" data-element_type=\"column\" data-e-type=\"column\">\n\t\t\t<div class=\"elementor-widget-wrap elementor-element-populated\">\n\t\t\t\t\t\t<div class=\"elementor-element elementor-element-ee952d1 elementor-widget elementor-widget-text-editor\" data-id=\"ee952d1\" data-element_type=\"widget\" data-e-type=\"widget\" data-widget_type=\"text-editor.default\">\n\t\t\t\t<div class=\"elementor-widget-container\">\n\t\t\t\t\t\t\t\t\t<h4>Odpiramo vrata gimnasti\u010dnih dvoran<\/h4><p>Gimnasti\u010dna zveza Slovenije v sklopu aktivnosti evropskega tedna v sodelovanju s svojimi \u010dlanicami in ob podpori Fundacije za \u0161port odpre vrata gimnasti\u010dnih tekmovanj. V tem tednu se lahko vsi brezpla\u010dno udele\u017eijo vadbe v lokalnem okolju in se preizkusijo v vadbi.<\/p><p>Cilj projekta je gimnastiko pribli\u017eati vsem, tako otrokom kot tudi starej\u0161i populaciji.<\/p>\t\t\t\t\t\t\t\t<\/div>\n\t\t\t\t<\/div>\n\t\t\t\t\t<\/div>\n\t\t<\/div>\n\t\t\t\t\t<\/div>\n\t\t<\/section>\n\t\t\t\t<section class=\"elementor-section elementor-top-section elementor-element elementor-element-dbf41fc elementor-section-boxed elementor-section-height-default elementor-section-height-default\" data-id=\"dbf41fc\" data-element_type=\"section\" data-e-type=\"section\">\n\t\t\t\t\t\t<div class=\"elementor-container elementor-column-gap-default\">\n\t\t\t\t\t<div class=\"elementor-column elementor-col-100 elementor-top-column elementor-element elementor-element-1d94c8b\" data-id=\"1d94c8b\" data-element_type=\"column\" data-e-type=\"column\">\n\t\t\t<div class=\"elementor-widget-wrap elementor-element-populated\">\n\t\t\t\t\t\t<div class=\"elementor-element elementor-element-af0d773 elementor-widget elementor-widget-spacer\" data-id=\"af0d773\" data-element_type=\"widget\" data-e-type=\"widget\" data-widget_type=\"spacer.default\">\n\t\t\t\t<div class=\"elementor-widget-container\">\n\t\t\t\t\t\t\t<div class=\"elementor-spacer\">\n\t\t\t<div class=\"elementor-spacer-inner\"><\/div>\n\t\t<\/div>\n\t\t\t\t\t\t<\/div>\n\t\t\t\t<\/div>\n\t\t\t\t\t<\/div>\n\t\t<\/div>\n\t\t\t\t\t<\/div>\n\t\t<\/section>\n\t\t\t\t<section class=\"elementor-section elementor-top-section elementor-element elementor-element-e0bc272 elementor-section-boxed elementor-section-height-default elementor-section-height-default\" data-id=\"e0bc272\" data-element_type=\"section\" data-e-type=\"section\">\n\t\t\t\t\t\t<div class=\"elementor-container elementor-column-gap-default\">\n\t\t\t\t\t<div class=\"elementor-column elementor-col-66 elementor-top-column elementor-element elementor-element-38001af\" data-id=\"38001af\" data-element_type=\"column\" data-e-type=\"column\">\n\t\t\t<div class=\"elementor-widget-wrap elementor-element-populated\">\n\t\t\t\t\t\t<div class=\"elementor-element elementor-element-f67ff85 elementor-widget elementor-widget-text-editor\" data-id=\"f67ff85\" data-element_type=\"widget\" data-e-type=\"widget\" data-widget_type=\"text-editor.default\">\n\t\t\t\t<div class=\"elementor-widget-container\">\n\t\t\t\t\t\t\t\t\t<h4>Kongres Gimnasti\u010dne zveze Slovenije<\/h4><p>Gimnasti\u010dna zveza Slovenije tradicionalno tretji teden januarja organizira kongres Gimnasti\u010dne zveze Slovenije, kjer se na enem mestu sestanejo vsi trenerji, sodniki gimnastike in ostali strokovni delavci v \u0161portu. Dogodek slu\u017ei tudi kot licen\u010dni seminar za vse gimnasti\u010dne delavce. Ve\u010d o kongresu si lahko preberete na podstraneh <a href=\"http:\/\/www.gimnasticna-zveza.si\/index.php\/znanstveni-kongres-gimnasticne-zveze-slovenije\/\">znanstvenega kongresa Gimnasti\u010dne zveze Slovenije<\/a> in <a href=\"http:\/\/www.gimnasticna-zveza.si\/index.php\/strokovni-kongres-gzs\/\">strokovnega kongresa Gimnasti\u010dne zveze Slovenije<\/a>, izdane publikacije pa so na voljo brezpla\u010dno v <a href=\"http:\/\/www.gimnasticna-zveza.si\/index.php\/trgovina\/\">gimnasti\u010dni knjigarni<\/a>.<\/p>\t\t\t\t\t\t\t\t<\/div>\n\t\t\t\t<\/div>\n\t\t\t\t\t<\/div>\n\t\t<\/div>\n\t\t\t\t<div class=\"elementor-column elementor-col-33 elementor-top-column elementor-element elementor-element-8b39908\" data-id=\"8b39908\" data-element_type=\"column\" data-e-type=\"column\">\n\t\t\t<div class=\"elementor-widget-wrap elementor-element-populated\">\n\t\t\t\t\t\t<div class=\"elementor-element elementor-element-fa310d0 elementor-widget elementor-widget-image\" data-id=\"fa310d0\" data-element_type=\"widget\" data-e-type=\"widget\" data-widget_type=\"image.default\">\n\t\t\t\t<div class=\"elementor-widget-container\">\n\t\t\t\t\t\t\t\t\t\t\t\t\t\t\t<img loading=\"lazy\" decoding=\"async\" width=\"1024\" height=\"1024\" src=\"https:\/\/gimnasticna-zveza.si\/wp-content\/uploads\/2021\/02\/kongres_gzs_kocka-1024x1024.jpg\" class=\"attachment-large size-large wp-image-2035\" alt=\"\" srcset=\"https:\/\/gimnasticna-zveza.si\/wp-content\/uploads\/2021\/02\/kongres_gzs_kocka-1024x1024.jpg 1024w, https:\/\/gimnasticna-zveza.si\/wp-content\/uploads\/2021\/02\/kongres_gzs_kocka-300x300.jpg 300w, https:\/\/gimnasticna-zveza.si\/wp-content\/uploads\/2021\/02\/kongres_gzs_kocka-150x150.jpg 150w, https:\/\/gimnasticna-zveza.si\/wp-content\/uploads\/2021\/02\/kongres_gzs_kocka-768x768.jpg 768w, https:\/\/gimnasticna-zveza.si\/wp-content\/uploads\/2021\/02\/kongres_gzs_kocka-1536x1536.jpg 1536w, https:\/\/gimnasticna-zveza.si\/wp-content\/uploads\/2021\/02\/kongres_gzs_kocka-2048x2048.jpg 2048w, https:\/\/gimnasticna-zveza.si\/wp-content\/uploads\/2021\/02\/kongres_gzs_kocka-146x146.jpg 146w, https:\/\/gimnasticna-zveza.si\/wp-content\/uploads\/2021\/02\/kongres_gzs_kocka-50x50.jpg 50w, https:\/\/gimnasticna-zveza.si\/wp-content\/uploads\/2021\/02\/kongres_gzs_kocka-75x75.jpg 75w, https:\/\/gimnasticna-zveza.si\/wp-content\/uploads\/2021\/02\/kongres_gzs_kocka-85x85.jpg 85w, https:\/\/gimnasticna-zveza.si\/wp-content\/uploads\/2021\/02\/kongres_gzs_kocka-80x80.jpg 80w, https:\/\/gimnasticna-zveza.si\/wp-content\/uploads\/2021\/02\/kongres_gzs_kocka-600x600.jpg 600w\" sizes=\"(max-width:767px) 480px, (max-width:1024px) 100vw, 1024px\" \/>\t\t\t\t\t\t\t\t\t\t\t\t\t\t\t<\/div>\n\t\t\t\t<\/div>\n\t\t\t\t\t<\/div>\n\t\t<\/div>\n\t\t\t\t\t<\/div>\n\t\t<\/section>\n\t\t\t\t<section class=\"elementor-section elementor-top-section elementor-element elementor-element-5145e78 elementor-section-boxed elementor-section-height-default elementor-section-height-default\" data-id=\"5145e78\" data-element_type=\"section\" data-e-type=\"section\">\n\t\t\t\t\t\t<div class=\"elementor-container elementor-column-gap-default\">\n\t\t\t\t\t<div class=\"elementor-column elementor-col-33 elementor-top-column elementor-element elementor-element-44099a0\" data-id=\"44099a0\" data-element_type=\"column\" data-e-type=\"column\">\n\t\t\t<div class=\"elementor-widget-wrap elementor-element-populated\">\n\t\t\t\t\t\t<div class=\"elementor-element elementor-element-423ca6a elementor-widget elementor-widget-image\" data-id=\"423ca6a\" data-element_type=\"widget\" data-e-type=\"widget\" data-widget_type=\"image.default\">\n\t\t\t\t<div class=\"elementor-widget-container\">\n\t\t\t\t\t\t\t\t\t\t\t\t\t\t\t<img loading=\"lazy\" decoding=\"async\" width=\"1024\" height=\"1024\" src=\"https:\/\/gimnasticna-zveza.si\/wp-content\/uploads\/2020\/11\/spletna-stran_gimko-1024x1024.jpg\" class=\"attachment-large size-large wp-image-1154\" alt=\"\" srcset=\"https:\/\/gimnasticna-zveza.si\/wp-content\/uploads\/2020\/11\/spletna-stran_gimko-1024x1024.jpg 1024w, https:\/\/gimnasticna-zveza.si\/wp-content\/uploads\/2020\/11\/spletna-stran_gimko-300x300.jpg 300w, https:\/\/gimnasticna-zveza.si\/wp-content\/uploads\/2020\/11\/spletna-stran_gimko-150x150.jpg 150w, https:\/\/gimnasticna-zveza.si\/wp-content\/uploads\/2020\/11\/spletna-stran_gimko-768x768.jpg 768w, https:\/\/gimnasticna-zveza.si\/wp-content\/uploads\/2020\/11\/spletna-stran_gimko-146x146.jpg 146w, https:\/\/gimnasticna-zveza.si\/wp-content\/uploads\/2020\/11\/spletna-stran_gimko-50x50.jpg 50w, https:\/\/gimnasticna-zveza.si\/wp-content\/uploads\/2020\/11\/spletna-stran_gimko-75x75.jpg 75w, https:\/\/gimnasticna-zveza.si\/wp-content\/uploads\/2020\/11\/spletna-stran_gimko-85x85.jpg 85w, https:\/\/gimnasticna-zveza.si\/wp-content\/uploads\/2020\/11\/spletna-stran_gimko-80x80.jpg 80w, https:\/\/gimnasticna-zveza.si\/wp-content\/uploads\/2020\/11\/spletna-stran_gimko-600x600.jpg 600w, https:\/\/gimnasticna-zveza.si\/wp-content\/uploads\/2020\/11\/spletna-stran_gimko.jpg 1181w\" sizes=\"(max-width:767px) 480px, (max-width:1024px) 100vw, 1024px\" \/>\t\t\t\t\t\t\t\t\t\t\t\t\t\t\t<\/div>\n\t\t\t\t<\/div>\n\t\t\t\t\t<\/div>\n\t\t<\/div>\n\t\t\t\t<div class=\"elementor-column elementor-col-66 elementor-top-column elementor-element elementor-element-6f7e22d\" data-id=\"6f7e22d\" data-element_type=\"column\" data-e-type=\"column\">\n\t\t\t<div class=\"elementor-widget-wrap elementor-element-populated\">\n\t\t\t\t\t\t<div class=\"elementor-element elementor-element-c8aaabc elementor-widget elementor-widget-text-editor\" data-id=\"c8aaabc\" data-element_type=\"widget\" data-e-type=\"widget\" data-widget_type=\"text-editor.default\">\n\t\t\t\t<div class=\"elementor-widget-container\">\n\t\t\t\t\t\t\t\t\t<h4>Gimko<\/h4><p>Sklop projektov Gimnasti\u010dne zveze Slovenije &#8220;Slovenija telovadi&#8221; je rezultat dolgoletnih te\u017eenj po popularizaciji \u0161portne gimnastike med slovenskimi otroci in pove\u010danju \u0161tevila otrok, ki bi se ukvarjali z gimnastiko v vseh slovenskih regijah. Z tem namenom je Gimnasti\u010dna zveza Slovenije za\u010dela izvajati kup projektov s katerimi bi omogo\u010dili gimnasti\u010dno udejstvovanje vsakemu, ki si to \u017eeli. Ve\u010d si lahko preberete na <a href=\"http:\/\/www.gimnasticna-zveza.si\/index.php\/slovenija-telovadi\/\">podstrani projekta<\/a>.<\/p>\t\t\t\t\t\t\t\t<\/div>\n\t\t\t\t<\/div>\n\t\t\t\t\t<\/div>\n\t\t<\/div>\n\t\t\t\t\t<\/div>\n\t\t<\/section>\n\t\t\t\t<\/div>\n\t\t","protected":false},"excerpt":{"rendered":"<p>Svetovni pokal v \u0161portni gimnastiki Gimnasti\u010dna zveza Slovenije vsako leto<span class=\"excerpt-hellip\"> [\u2026]<\/span><\/p>\n","protected":false},"author":3,"featured_media":0,"parent":0,"menu_order":0,"comment_status":"closed","ping_status":"closed","template":"","meta":{"_monsterinsights_skip_tracking":false,"_monsterinsights_sitenote_active":false,"_monsterinsights_sitenote_note":"","_monsterinsights_sitenote_category":0,"footnotes":""},"class_list":["post-520","page","type-page","status-publish","hentry"],"_links":{"self":[{"href":"https:\/\/gimnasticna-zveza.si\/index.php\/wp-json\/wp\/v2\/pages\/520","targetHints":{"allow":["GET"]}}],"collection":[{"href":"https:\/\/gimnasticna-zveza.si\/index.php\/wp-json\/wp\/v2\/pages"}],"about":[{"href":"https:\/\/gimnasticna-zveza.si\/index.php\/wp-json\/wp\/v2\/types\/page"}],"author":[{"embeddable":true,"href":"https:\/\/gimnasticna-zveza.si\/index.php\/wp-json\/wp\/v2\/users\/3"}],"replies":[{"embeddable":true,"href":"https:\/\/gimnasticna-zveza.si\/index.php\/wp-json\/wp\/v2\/comments?post=520"}],"version-history":[{"count":37,"href":"https:\/\/gimnasticna-zveza.si\/index.php\/wp-json\/wp\/v2\/pages\/520\/revisions"}],"predecessor-version":[{"id":2038,"href":"https:\/\/gimnasticna-zveza.si\/index.php\/wp-json\/wp\/v2\/pages\/520\/revisions\/2038"}],"wp:attachment":[{"href":"https:\/\/gimnasticna-zveza.si\/index.php\/wp-json\/wp\/v2\/media?parent=520"}],"curies":[{"name":"wp","href":"https:\/\/api.w.org\/{rel}","templated":true}]}}