{"id":452,"date":"2020-08-29T13:44:11","date_gmt":"2020-08-29T13:44:11","guid":{"rendered":"http:\/\/www.gimnasticna-zveza.si\/?page_id=452"},"modified":"2020-11-13T00:16:13","modified_gmt":"2020-11-12T22:16:13","slug":"koledar-tekmovanj","status":"publish","type":"page","link":"https:\/\/gimnasticna-zveza.si\/index.php\/koledar-tekmovanj\/","title":{"rendered":"Koledar tekmovanj"},"content":{"rendered":"<div class=\"wpb-content-wrapper\">\t\t<div data-elementor-type=\"wp-page\" data-elementor-id=\"452\" class=\"elementor elementor-452\" data-elementor-post-type=\"page\">\n\t\t\t\t\t\t<section class=\"elementor-section elementor-top-section elementor-element elementor-element-447aa42b elementor-section-boxed elementor-section-height-default elementor-section-height-default\" data-id=\"447aa42b\" data-element_type=\"section\" data-e-type=\"section\">\n\t\t\t\t\t\t<div class=\"elementor-container elementor-column-gap-default\">\n\t\t\t\t\t<div class=\"elementor-column elementor-col-100 elementor-top-column elementor-element elementor-element-530ad57e\" data-id=\"530ad57e\" data-element_type=\"column\" data-e-type=\"column\">\n\t\t\t<div class=\"elementor-widget-wrap elementor-element-populated\">\n\t\t\t\t\t\t<div class=\"elementor-element elementor-element-178ffc71 elementor-widget elementor-widget-text-editor\" data-id=\"178ffc71\" data-element_type=\"widget\" data-e-type=\"widget\" data-widget_type=\"text-editor.default\">\n\t\t\t\t<div class=\"elementor-widget-container\">\n\t\t\t\t\t\t\t\t\t<p>[vc_row][vc_column][\/vc_column][\/vc_row]<\/p>\n\t\t\t\t\t\t\t\t<\/div>\n\t\t\t\t<\/div>\n\t\t\t\t\t<\/div>\n\t\t<\/div>\n\t\t\t\t\t<\/div>\n\t\t<\/section>\n\t\t\t\t<section class=\"elementor-section elementor-top-section elementor-element elementor-element-fe574f3 elementor-section-boxed elementor-section-height-default elementor-section-height-default\" data-id=\"fe574f3\" data-element_type=\"section\" data-e-type=\"section\">\n\t\t\t\t\t\t<div class=\"elementor-container elementor-column-gap-default\">\n\t\t\t\t\t<div class=\"elementor-column elementor-col-100 elementor-top-column elementor-element elementor-element-3056ad0\" data-id=\"3056ad0\" data-element_type=\"column\" data-e-type=\"column\">\n\t\t\t<div class=\"elementor-widget-wrap elementor-element-populated\">\n\t\t\t\t\t\t<div class=\"elementor-element elementor-element-38c9f1e elementor-widget elementor-widget-shortcode\" data-id=\"38c9f1e\" data-element_type=\"widget\" data-e-type=\"widget\" data-widget_type=\"shortcode.default\">\n\t\t\t\t<div class=\"elementor-widget-container\">\n\t\t\t\t\t\t\t<div class=\"elementor-shortcode\"><form name=\"filter\" action=\"https:\/\/gimnasticna-zveza.si\/index.php\/koledar-tekmovanj\/\" method=\"get\">\n               <input type=\"hidden\" id=\"filter\" name=\"filter\" value=\"filter_koledar\">\n               <input type=\"hidden\" id=\"pagination\" name=\"pagination\" value=\"0\">\n               <table style=\"width:100%\" border=\"0\">\n                <tbody>\n                <tr>\n                    <td style=\"box-shadow: none; border-width: 0px;\"><select name=\"EventTypeID\" id=\"EventTypeID\" class=\"EventType\">\n\t\t\t<option selected=\"selected\" value=\"-1\">- Tip dogodka -<\/option>\n\t\t\t<option value=\"26\">Promocija<\/option>\n\t\t\t<option value=\"25\">Razpis<\/option>\n\t\t\t<option value=\"23\">Seja<\/option>\n\t\t\t<option value=\"24\">Seminar<\/option>\n\t\t\t<option value=\"27\">Splo\u0161no<\/option>\n\t\t\t<option value=\"22\">Tekmovanje<\/option>\n\t\t\t<\/select><\/td>\n                    <td style=\"box-shadow: none; border-width: 0px;\"><select name=\"GroupID\" id=\"GroupID\" class=\"GroupID\">\n\t        <option selected=\"selected\" value=\"-1\">- Skupina -<\/option>\n\t\t\t<option value=\"5\">Aerobika<\/option>\n\t\t\t<option value=\"6\">Akrobatika<\/option>\n\t\t\t<option value=\"8\">Gimko<\/option>\n\t\t\t<option value=\"4\">Gimnastika za vse<\/option>\n\t\t\t<option value=\"1\">Mo\u0161ka \u0161portna gimnastika<\/option>\n\t\t\t<option value=\"9\">Organi GZS<\/option>\n\t\t\t<option value=\"10\">Pilates<\/option>\n\t\t\t<option value=\"3\">Ritmi\u010dna gimnastika<\/option>\n\t\t\t<option value=\"2\">\u017denska \u0161portna gimnastika<\/option>\n\t\t\t<\/select>\n    <\/td>\n                    <td style=\"box-shadow: none; border-width: 0px;\"><select name=\"YearID\" id=\"YearID\" class=\"YearID\">\n<option selected=\"selected\" value=\"-1\">- Leto -<\/option>\n<option value=\"1991\">1991<\/option>\n<option value=\"1992\">1992<\/option>\n<option value=\"1993\">1993<\/option>\n<option value=\"1994\">1994<\/option>\n<option value=\"1995\">1995<\/option>\n<option value=\"1996\">1996<\/option>\n<option value=\"1997\">1997<\/option>\n<option value=\"1998\">1998<\/option>\n<option value=\"1999\">1999<\/option>\n<option value=\"2000\">2000<\/option>\n<option value=\"2001\">2001<\/option>\n<option value=\"2002\">2002<\/option>\n<option value=\"2003\">2003<\/option>\n<option value=\"2004\">2004<\/option>\n<option value=\"2005\">2005<\/option>\n<option value=\"2006\">2006<\/option>\n<option value=\"2007\">2007<\/option>\n<option value=\"2008\">2008<\/option>\n<option value=\"2009\">2009<\/option>\n<option value=\"2010\">2010<\/option>\n<option value=\"2011\">2011<\/option>\n<option value=\"2012\">2012<\/option>\n<option value=\"2013\">2013<\/option>\n<option value=\"2014\">2014<\/option>\n<option value=\"2015\">2015<\/option>\n<option value=\"2016\">2016<\/option>\n<option value=\"2017\">2017<\/option>\n<option value=\"2018\">2018<\/option>\n<option value=\"2019\">2019<\/option>\n<option value=\"2020\">2020<\/option>\n<option value=\"2021\">2021<\/option>\n<option value=\"2022\">2022<\/option>\n<option value=\"2023\">2023<\/option>\n<option value=\"2024\">2024<\/option>\n<option value=\"2025\">2025<\/option>\n<option value=\"2026\">2026<\/option>\n<option value=\"2027\">2027<\/option>\n<option value=\"2028\">2028<\/option>\n<\/select>\n<\/td>\n                    <td style=\"box-shadow: none; border-width: 0px;\"><select name=\"MonthID\" id=\"MonthID\" class=\"MonthID\">\n            <option selected=\"selected\" value=\"-1\">- Mesec -<\/option>\n\t\t\t<option value=\"12\">December<\/option>\n\t\t\t<option value=\"11\">November<\/option>\n\t\t\t<option value=\"10\">Oktober<\/option>\n\t\t\t<option value=\"9\">September<\/option>\n\t\t\t<option value=\"8\">Avgust<\/option>\n\t\t\t<option value=\"7\">Julij<\/option>\n\t\t\t<option value=\"6\">Junij<\/option>\n\t\t\t<option value=\"5\">Maj<\/option>\n\t\t\t<option value=\"4\">April<\/option>\n\t\t\t<option value=\"3\">Marec<\/option>\n\t\t\t<option value=\"2\">Februar<\/option>\n\t\t\t<option value=\"1\">Januar<\/option>\n\t\t\t<\/select>\n    <\/td>\n                    <td style=\"box-shadow: none; border-width: 0px;\"><input type=\"submit\" value=\"Filter\"><\/td>\n                <\/tr>\n                <\/tbody>\n               <\/table>\n               <\/form><a href=\"https:\/\/gimnasticna-zveza.si\/index.php\/koledar-tekmovanj\/?UrlRewrite=Svetovni-pokal-v-SG-Doha-2026.aspx&DocumentID=5293&MagazineID=2421&more=1\"><h5>Svetovni pokal v \u0160G Doha 2026<\/h5><\/a><div><span><b>Lokcija:<\/b><\/span> Doha, Katar<\/div><div><span><b>Datum:<\/b><\/span> 15.04.2026<\/div><div><span><b>Tip:<\/b><\/span> Tekmovanje<\/div><div style=\"margin-bottom: 20px; border-bottom: 1px solid darkgrey\"><\/div><a href=\"https:\/\/gimnasticna-zveza.si\/index.php\/koledar-tekmovanj\/?UrlRewrite=-1-prvenstveno-tekmovanje-za-skupinske-sestave-pari-trojice-2026.aspx&DocumentID=5285&MagazineID=2413&more=1\"><h5>1. prvenstveno tekmovanje za skupinske sestave, pari\/trojice 2026<\/h5><\/a><div><span><b>Lokcija:<\/b><\/span> <\/div><div><span><b>Datum:<\/b><\/span> 18.04.2026<\/div><div><span><b>Tip:<\/b><\/span> Tekmovanje<\/div><div style=\"margin-bottom: 20px; border-bottom: 1px solid darkgrey\"><\/div><a href=\"https:\/\/gimnasticna-zveza.si\/index.php\/koledar-tekmovanj\/?UrlRewrite=Pokal-SD-Center-Maribor-v-ZSG-2026.aspx&DocumentID=5325&MagazineID=2454&more=1\"><h5>Pokal \u0160D Center Maribor v \u017d\u0160G 2026<\/h5><\/a><div><span><b>Lokcija:<\/b><\/span> Maribor<\/div><div><span><b>Datum:<\/b><\/span> 18.04.2026<\/div><div><span><b>Tip:<\/b><\/span> Tekmovanje<\/div><div style=\"margin-bottom: 20px; border-bottom: 1px solid darkgrey\"><\/div><a href=\"https:\/\/gimnasticna-zveza.si\/index.php\/koledar-tekmovanj\/?UrlRewrite=MT-Budimpesta-2026.aspx&DocumentID=5322&MagazineID=2450&more=1\"><h5>MT Budimpe\u0161ta 2026<\/h5><\/a><div><span><b>Lokcija:<\/b><\/span> Budimpe\u0161ta, Mad\u017earska<\/div><div><span><b>Datum:<\/b><\/span> 24.04.2026<\/div><div><span><b>Tip:<\/b><\/span> Tekmovanje<\/div><div style=\"margin-bottom: 20px; border-bottom: 1px solid darkgrey\"><\/div><a href=\"https:\/\/gimnasticna-zveza.si\/index.php\/koledar-tekmovanj\/?UrlRewrite=Svetovni-pokal-v-SG-Varna-2026.aspx&DocumentID=5295&MagazineID=2423&more=1\"><h5>Svetovni pokal v \u0160G Varna 2026<\/h5><\/a><div><span><b>Lokcija:<\/b><\/span> Varna, Bolgarija<\/div><div><span><b>Datum:<\/b><\/span> 07.05.2026<\/div><div><span><b>Tip:<\/b><\/span> Tekmovanje<\/div><div style=\"margin-bottom: 20px; border-bottom: 1px solid darkgrey\"><\/div><a href=\"https:\/\/gimnasticna-zveza.si\/index.php\/koledar-tekmovanj\/?UrlRewrite=-35-POKAL-NARODNEGA-DOMA.aspx&DocumentID=5330&MagazineID=2451&more=1\"><h5>35. POKAL NARODNEGA DOMA <\/h5><\/a><div><span><b>Lokcija:<\/b><\/span> Gimnasti\u010dni center Ljubljana, Koprska 29, 1000 Ljubljana<\/div><div><span><b>Datum:<\/b><\/span> 09.05.2026<\/div><div><span><b>Tip:<\/b><\/span> Tekmovanje<\/div><div style=\"margin-bottom: 20px; border-bottom: 1px solid darkgrey\"><\/div><a href=\"https:\/\/gimnasticna-zveza.si\/index.php\/koledar-tekmovanj\/?UrlRewrite=-2-prvenstveno-tekmovanje-za-skupinske-sestave-pari-trojice-2026.aspx&DocumentID=5286&MagazineID=2414&more=1\"><h5>2. prvenstveno tekmovanje za skupinske sestave, pari\/trojice 2026<\/h5><\/a><div><span><b>Lokcija:<\/b><\/span> <\/div><div><span><b>Datum:<\/b><\/span> 16.05.2026<\/div><div><span><b>Tip:<\/b><\/span> Tekmovanje<\/div><div style=\"margin-bottom: 20px; border-bottom: 1px solid darkgrey\"><\/div><a href=\"https:\/\/gimnasticna-zveza.si\/index.php\/koledar-tekmovanj\/?UrlRewrite=OP-Bezigrada-v-skokih-na-VPP-2026.aspx&DocumentID=5314&MagazineID=2442&more=1\"><h5>OP Be\u017eigrada v skokih na VPP 2026<\/h5><\/a><div><span><b>Lokcija:<\/b><\/span> Ljubljana<\/div><div><span><b>Datum:<\/b><\/span> 16.05.2026<\/div><div><span><b>Tip:<\/b><\/span> Tekmovanje<\/div><div style=\"margin-bottom: 20px; border-bottom: 1px solid darkgrey\"><\/div><a href=\"https:\/\/gimnasticna-zveza.si\/index.php\/koledar-tekmovanj\/?UrlRewrite=Pokal-Zelene-jame-2026.aspx&DocumentID=5326&MagazineID=2455&more=1\"><h5>Pokal Zelene jame 2026<\/h5><\/a><div><span><b>Lokcija:<\/b><\/span> Ljubljana<\/div><div><span><b>Datum:<\/b><\/span> 16.05.2026<\/div><div><span><b>Tip:<\/b><\/span> Tekmovanje<\/div><div style=\"margin-bottom: 20px; border-bottom: 1px solid darkgrey\"><\/div><a href=\"https:\/\/gimnasticna-zveza.si\/index.php\/koledar-tekmovanj\/?UrlRewrite=Beskidy-Cup-2026-Wilkowice.aspx&DocumentID=5320&MagazineID=2448&more=1\"><h5>Beskidy Cup 2026 Wilkowice <\/h5><\/a><div><span><b>Lokcija:<\/b><\/span> Wilkowice, Poljska<\/div><div><span><b>Datum:<\/b><\/span> 22.05.2026<\/div><div><span><b>Tip:<\/b><\/span> Tekmovanje<\/div><div style=\"margin-bottom: 20px; border-bottom: 1px solid darkgrey\"><\/div><a style=\"float: right; padding-left: 5px;\" href=\"https:\/\/gimnasticna-zveza.si\/index.php\/koledar-tekmovanj\/?filter=filter_koledar&pagination=2&CompetitionGroupID=-1&GroupID=-1&YearID=-1&MonthID=-1\">3<\/a><a style=\"float: right; padding-left: 5px;\" href=\"https:\/\/gimnasticna-zveza.si\/index.php\/koledar-tekmovanj\/?filter=filter_koledar&pagination=1&CompetitionGroupID=-1&GroupID=-1&YearID=-1&MonthID=-1\">2<\/a><a style=\"float: right; padding-left: 5px;\" href=\"https:\/\/gimnasticna-zveza.si\/index.php\/koledar-tekmovanj\/?filter=filter_koledar&pagination=0&CompetitionGroupID=-1&GroupID=-1&YearID=-1&MonthID=-1\">1<\/a><\/div>\n\t\t\t\t\t\t<\/div>\n\t\t\t\t<\/div>\n\t\t\t\t\t<\/div>\n\t\t<\/div>\n\t\t\t\t\t<\/div>\n\t\t<\/section>\n\t\t\t\t<\/div>\n\t\t<\/div>","protected":false},"excerpt":{"rendered":"<p>[vc_row][vc_column][\/vc_column][\/vc_row]<\/p>\n","protected":false},"author":3,"featured_media":0,"parent":0,"menu_order":0,"comment_status":"closed","ping_status":"closed","template":"","meta":{"_monsterinsights_skip_tracking":false,"_monsterinsights_sitenote_active":false,"_monsterinsights_sitenote_note":"","_monsterinsights_sitenote_category":0,"footnotes":""},"class_list":["post-452","page","type-page","status-publish","hentry"],"_links":{"self":[{"href":"https:\/\/gimnasticna-zveza.si\/index.php\/wp-json\/wp\/v2\/pages\/452","targetHints":{"allow":["GET"]}}],"collection":[{"href":"https:\/\/gimnasticna-zveza.si\/index.php\/wp-json\/wp\/v2\/pages"}],"about":[{"href":"https:\/\/gimnasticna-zveza.si\/index.php\/wp-json\/wp\/v2\/types\/page"}],"author":[{"embeddable":true,"href":"https:\/\/gimnasticna-zveza.si\/index.php\/wp-json\/wp\/v2\/users\/3"}],"replies":[{"embeddable":true,"href":"https:\/\/gimnasticna-zveza.si\/index.php\/wp-json\/wp\/v2\/comments?post=452"}],"version-history":[{"count":9,"href":"https:\/\/gimnasticna-zveza.si\/index.php\/wp-json\/wp\/v2\/pages\/452\/revisions"}],"predecessor-version":[{"id":1208,"href":"https:\/\/gimnasticna-zveza.si\/index.php\/wp-json\/wp\/v2\/pages\/452\/revisions\/1208"}],"wp:attachment":[{"href":"https:\/\/gimnasticna-zveza.si\/index.php\/wp-json\/wp\/v2\/media?parent=452"}],"curies":[{"name":"wp","href":"https:\/\/api.w.org\/{rel}","templated":true}]}}