{"id":350,"date":"2020-07-22T08:51:12","date_gmt":"2020-07-22T08:51:12","guid":{"rendered":"http:\/\/www.gimnasticna-zveza.si\/?page_id=350"},"modified":"2020-08-29T13:12:54","modified_gmt":"2020-08-29T13:12:54","slug":"zgodovina-gzs","status":"publish","type":"page","link":"https:\/\/gimnasticna-zveza.si\/index.php\/zgodovina-gzs\/","title":{"rendered":"Zgodovina gimnastike v Sloveniji"},"content":{"rendered":"\t\t<div data-elementor-type=\"wp-page\" data-elementor-id=\"350\" class=\"elementor elementor-350\" data-elementor-post-type=\"page\">\n\t\t\t\t\t\t<section class=\"elementor-section elementor-top-section elementor-element elementor-element-c12e9c8 elementor-section-boxed elementor-section-height-default elementor-section-height-default\" data-id=\"c12e9c8\" data-element_type=\"section\">\n\t\t\t\t\t\t<div class=\"elementor-container elementor-column-gap-default\">\n\t\t\t\t\t<div class=\"elementor-column elementor-col-100 elementor-top-column elementor-element elementor-element-0959fee\" data-id=\"0959fee\" data-element_type=\"column\">\n\t\t\t<div class=\"elementor-widget-wrap elementor-element-populated\">\n\t\t\t\t\t\t<div class=\"elementor-element elementor-element-45759fa elementor-widget elementor-widget-spacer\" data-id=\"45759fa\" data-element_type=\"widget\" data-widget_type=\"spacer.default\">\n\t\t\t\t<div class=\"elementor-widget-container\">\n\t\t\t\t\t\t\t<div class=\"elementor-spacer\">\n\t\t\t<div class=\"elementor-spacer-inner\"><\/div>\n\t\t<\/div>\n\t\t\t\t\t\t<\/div>\n\t\t\t\t<\/div>\n\t\t\t\t<div class=\"elementor-element elementor-element-5d9c276 elementor-widget elementor-widget-text-editor\" data-id=\"5d9c276\" data-element_type=\"widget\" data-widget_type=\"text-editor.default\">\n\t\t\t\t<div class=\"elementor-widget-container\">\n\t\t\t\t\t\t\t\t\t<p>Osnovno poslanstvo Gimnasti\u010dne zveze Slovenije je zagotavljanje strokovnih, organizacijskih, materialnih, finan\u010dnih, kadrovskih in drugih pogojev za razvoj gimnasti\u010dnega \u0161porta v Republiki Sloveniji, vsestranska skrb za celostni razvoj \u0161portnikov, reprezentantov republike Slovenije ter zagotavljanje podpore za rast in razvoj osnovnih organizacij, \u010dlanic Gimnasti\u010dne zveze Slovenije. Vizija Gimnasti\u010dne zveze Slovenije je postati nacionalna pano\u017ena \u0161portna zveza (NP\u0160Z) vsestransko zadovoljnih, preskrbljenih in uspe\u0161nih \u0161portnic in \u0161portnikov ter uspe\u0161nih \u010dlanic (dru\u0161tev in klubov). S svojim delovanjem bo ustvarjala vsestranske pogoje za doseganje \u0161portne in poslovne odli\u010dnosti. Gimnastiko kot \u0161portno dejavnost so v starem veku gojili v voja\u0161ke namene na Kitajskem, Japonskem, v Indiji, Egiptu in Iranu. Najve\u010dji razcvet je dosegla v stari Gr\u010diji kot sistem telesne vzgoje za krepitev in lepoto telesa. Na Slovenskem se je telovadba, iz katere se je oblikovala dana\u0161nja gimnastika, za\u010dela razvijati sredi 19. stoletja. Zgodovina telovadbe na Slovenskem pa je zelo povezana z razvojem sokolstva in orlovstva. Ustanovna konferenca Gimnasti\u010dne zveze Slovenije je bila 16. 12. 1962 s sede\u017eem na Celov\u0161ki 25 v Ljubljani. Novoustanovljena zveza, katere prvi predsednik je bil France Kutin, je prevzela nase velike obveznosti. Dolgoletna tradicija uspehov slovenskih telovadcev v mednarodnih arenah je terjala jasno opredelitev in intenzivno delo za razvoj mno\u017ei\u010dnosti in dvig kvalitete gimnastike. Mnogi so takrat menili, da osamosvojitev ni bila potrebna, vendar je kasnej\u0161i razvoj dogodkov pokazal, da je bila samostojnost gimnasti\u010dne organizacije upravi\u010dena in da je v razvoju gimnastike v Sloveniji odigrala pomembno vlogo.<\/p>\t\t\t\t\t\t\t\t<\/div>\n\t\t\t\t<\/div>\n\t\t\t\t\t<\/div>\n\t\t<\/div>\n\t\t\t\t\t<\/div>\n\t\t<\/section>\n\t\t\t\t<section class=\"elementor-section elementor-top-section elementor-element elementor-element-fbf6e99 elementor-section-boxed elementor-section-height-default elementor-section-height-default\" data-id=\"fbf6e99\" data-element_type=\"section\">\n\t\t\t\t\t\t<div class=\"elementor-container elementor-column-gap-default\">\n\t\t\t\t\t<div class=\"elementor-column elementor-col-100 elementor-top-column elementor-element elementor-element-0a78193\" data-id=\"0a78193\" data-element_type=\"column\">\n\t\t\t<div class=\"elementor-widget-wrap elementor-element-populated\">\n\t\t\t\t\t\t<div class=\"elementor-element elementor-element-940db6c elementor-widget elementor-widget-text-editor\" data-id=\"940db6c\" data-element_type=\"widget\" data-widget_type=\"text-editor.default\">\n\t\t\t\t<div class=\"elementor-widget-container\">\n\t\t\t\t\t\t\t\t\t<p><span style=\"letter-spacing: 0px;\">Leta 1964 je bila prva konferenca zveze, za predsednika je bil ponovno izvoljen France Kutin. Konec leta 1966 je bila na drugi konferenci Gimnasti\u010dne zveze Slovenije \u0161e tretji\u010d izbran za predsednika zveze France Kutin, na tretji konferenci leta 1969 pa je bil za predsednika izvoljen Jo\u017ee Valentin\u010di\u010d. Na \u010detrti konferenci GZS 26. 2. 1972 je bil za predsednika izvoljen Rajko \u0160ugman, ki pa je po enem letu zaradi slu\u017ebenih obveznosti krmilo vodenja zveze predal Jo\u017eetu Zakraj\u0161ku. Obdobje od ustanovitve GZS pa do leta 1972 je bilo v razvoju organizacije izredno pomembno, saj je bil v tem \u010dasu zabele\u017een izreden vzpon in veliki uspehi slovenskih telovadcev, zlasti Mira Cerarja, ki je v tem \u010dasu suvereno obvladoval svetovni vrh gimnastike. To pa je bilo zlato obdobje slovenske gimnastike, saj je po svetovnem prvenstvu v Dortmundu leta 1966 in po olimpijskih igrah v Mehiki leta 1968 mednarodna gimnasti\u010dna organizacija leta 1970 zaupala izvedbo svetovnega prvenstva Jugoslaviji, organizacijo pa je dobila Ljubljana.<\/span><\/p><p>Po svetovnem prvenstvu v Ljubljani je pri\u0161lo do menjave generacij. Odhod nekaterih najbolj\u0161ih telovadcev je bilo te\u017eko nadomestiti. Vrzel, ki je nastala po njihovi kon\u010dani tekmovalni karieri, se je pri\u010dela nekako ma\u0161iti \u0161ele leta 1975. Slovenski tekmovalci in tekmovalke so uspe\u0161no tekmovali na velikih tekmovanjih, vendar na olimpijskih igrah, evropskih in svetovnih prvenstvih niso posegali po medaljah.\u00a0<\/p><p>Leta 1990 je slovenska gimnastika ponovno dobila nosilca medalje z najve\u010djih tekmovanj, ko je Lojze Kolman na Evropskem prvenstvu v Loussani, tudi na ra\u010dun svoje izvirne prvine na drogu, ki se imenuje po njem, osvojil tretje mesto na drogu. Tudi po osamosvojitvi Slovenije so slovenski tekmovalci dosegali lepe in odmevne rezultate na velikih tekmovanjih.<\/p><p>V zadnjem desetletju sta nosilca slovenske gimnastike, sicer najuspe\u0161nej\u0161ega slovenskega olimpijskega \u0161porta, prav gotovo Alja\u017e Pegan in Mitja Petkov\u0161ek, njunih uspehov in pomena pa se dejansko sploh ne zavedamo, v kolikor ne vzporejamo konstante vrhunskih rezultatov, ki jih dosega malokateri \u0161portnik.<\/p>\t\t\t\t\t\t\t\t<\/div>\n\t\t\t\t<\/div>\n\t\t\t\t\t<\/div>\n\t\t<\/div>\n\t\t\t\t\t<\/div>\n\t\t<\/section>\n\t\t\t\t<\/div>\n\t\t","protected":false},"excerpt":{"rendered":"<p>Osnovno poslanstvo Gimnasti\u010dne zveze Slovenije je zagotavljanje strokovnih, organizacijskih, materialnih,<span class=\"excerpt-hellip\"> [\u2026]<\/span><\/p>\n","protected":false},"author":3,"featured_media":0,"parent":0,"menu_order":0,"comment_status":"closed","ping_status":"closed","template":"","meta":{"_monsterinsights_skip_tracking":false,"_monsterinsights_sitenote_active":false,"_monsterinsights_sitenote_note":"","_monsterinsights_sitenote_category":0,"footnotes":""},"class_list":["post-350","page","type-page","status-publish","hentry"],"_links":{"self":[{"href":"https:\/\/gimnasticna-zveza.si\/index.php\/wp-json\/wp\/v2\/pages\/350","targetHints":{"allow":["GET"]}}],"collection":[{"href":"https:\/\/gimnasticna-zveza.si\/index.php\/wp-json\/wp\/v2\/pages"}],"about":[{"href":"https:\/\/gimnasticna-zveza.si\/index.php\/wp-json\/wp\/v2\/types\/page"}],"author":[{"embeddable":true,"href":"https:\/\/gimnasticna-zveza.si\/index.php\/wp-json\/wp\/v2\/users\/3"}],"replies":[{"embeddable":true,"href":"https:\/\/gimnasticna-zveza.si\/index.php\/wp-json\/wp\/v2\/comments?post=350"}],"version-history":[{"count":9,"href":"https:\/\/gimnasticna-zveza.si\/index.php\/wp-json\/wp\/v2\/pages\/350\/revisions"}],"predecessor-version":[{"id":430,"href":"https:\/\/gimnasticna-zveza.si\/index.php\/wp-json\/wp\/v2\/pages\/350\/revisions\/430"}],"wp:attachment":[{"href":"https:\/\/gimnasticna-zveza.si\/index.php\/wp-json\/wp\/v2\/media?parent=350"}],"curies":[{"name":"wp","href":"https:\/\/api.w.org\/{rel}","templated":true}]}}