{"id":2525,"date":"2021-06-02T17:52:21","date_gmt":"2021-06-02T15:52:21","guid":{"rendered":"http:\/\/www.gimnasticna-zveza.si\/?page_id=2525"},"modified":"2022-09-02T12:18:15","modified_gmt":"2022-09-02T10:18:15","slug":"seznam-licenciranih-sodnic-za-sojenje-na-tekmah-ritmicne-gimnastike","status":"publish","type":"page","link":"https:\/\/gimnasticna-zveza.si\/index.php\/seznam-licenciranih-sodnic-za-sojenje-na-tekmah-ritmicne-gimnastike\/","title":{"rendered":"Seznam licenciranih sodnic za sojenje na tekmah ritmi\u010dne gimnastike"},"content":{"rendered":"\n<p><\/p>\n\n\n\n<h4 class=\"wp-block-heading\">Seznam licenciranih sodnic za sojenje na tekmah ritmi\u010dne gimnastike za leto 2022<\/h4>\n\n\n\n<h5 class=\"wp-block-heading\">A1<\/h5>\n\n\n\n<ul class=\"wp-block-list\"><li>Draga\u0161 \u0160pela Alenka (ind A1, skup A1)<\/li><\/ul>\n\n\n\n<h5 class=\"wp-block-heading\">A2<\/h5>\n\n\n\n<ul class=\"wp-block-list\"><li>Yakubouskaya Alena (ind A2, skup A2),<\/li><li>\u010cas Tina (ind A2, skup A2),<\/li><li>Kokalj Ana (ind A3, skup A2),<\/li><li>Rus Viktorija (ind A3, skup A2),<\/li><li>\u017degarac Andrea (ind A2, skup A4).<\/li><\/ul>\n\n\n\n<h5 class=\"wp-block-heading\">A3<\/h5>\n\n\n\n<ul class=\"wp-block-list\"><li>Rebov Ana (ind A3, skup A3),<\/li><li>Rode Mojca (ind A3, skup A4)<\/li><li>Luzanova Sviatlana (ind A3, skup A3),<\/li><li>Salauyova Alena (ind A3, skup A3).<\/li><\/ul>\n\n\n\n<h5 class=\"wp-block-heading\">A4<\/h5>\n\n\n\n<ul class=\"wp-block-list\"><li>Belkina Natalia (ind A4, skup A4),<\/li><li>Leskovec Tinka (ind A4, skup A4),<\/li><li>Strajnar Brina (ind A4, skup A4),<\/li><li>&nbsp;\u0160indi\u010d Kaja (ind A4, skup A4),<\/li><li>Raku\u0161a Erika&nbsp; (ind A4, skup A4).<\/li><\/ul>\n\n\n\n<h5 class=\"wp-block-heading\">B<\/h5>\n\n\n\n<ul class=\"wp-block-list\"><li>Celarc Ne\u017ea,<\/li><li>Cvetko Rebov Ur\u0161a,<\/li><li>Ga\u0161per\u0161i\u010d Iza,<\/li><li>Grum Tina,<\/li><li>Ivan\u010di\u010d Zoja Marija,<\/li><li>Jamnik Teja,<\/li><li>Jerman Aja,<\/li><li>Kav\u010di\u010d Rija,<\/li><li>Kragulj Ana,<\/li><li>Kragulj Sara,<\/li><li>Kline Suzi\u010d Marjeta,<\/li><li>Leskov\u0161ek Teja,<\/li><li>Lon\u010dar Monika,<\/li><li>Mancevi\u010d Olga,<\/li><li>Moderndorfer Tja\u0161a,<\/li><li>P\u0161eni\u010dny Evita,<\/li><li>Pucelj Ur\u0161a,<\/li><li>Sagmeister Martini Zoya,<\/li><li>Sko\u010dir Laura,<\/li><li>Strajnar Ajda,<\/li><li>Tomazin Anja.<\/li><\/ul>\n\n\n\n<h5 class=\"wp-block-heading\">C1<\/h5>\n\n\n\n<ul class=\"wp-block-list\"><li>Chaynikova Ksenia,<\/li><li>Cossutta Alenka,<\/li><li>\u010cuk Ne\u017ea,<\/li><li>Jilek \u0160pela,<\/li><li>Udir Lucija,<\/li><li>Zobec Ne\u017ea.<\/li><\/ul>\n\n\n\n<h5 class=\"wp-block-heading\">C2<\/h5>\n\n\n\n<ul class=\"wp-block-list\"><li>Biianova Alina,<\/li><li>Epifanova Aleksandra,<\/li><li>Fin\u017egar Nika,<\/li><li>Golenkova Iulia,<\/li><li>Rozanc Robertina,<\/li><li>Svet Maja,<\/li><li>\u0160ket Maja Julijana.<\/li><\/ul>\n\n\n\n<p>Celoten program sodni\u0161ke komisije za leto 2021 najdete <a href=\"https:\/\/www.gimnasticna-zveza.si\/wp-content\/uploads\/2021\/06\/PROGRAM-SODNISKE-KOMISIJE-2021.pdf\">tukaj<\/a>.<\/p>\n","protected":false},"excerpt":{"rendered":"<p>Seznam licenciranih sodnic za sojenje na tekmah ritmi\u010dne gimnastike za<span class=\"excerpt-hellip\"> [\u2026]<\/span><\/p>\n","protected":false},"author":3,"featured_media":0,"parent":0,"menu_order":0,"comment_status":"closed","ping_status":"closed","template":"","meta":{"_monsterinsights_skip_tracking":false,"_monsterinsights_sitenote_active":false,"_monsterinsights_sitenote_note":"","_monsterinsights_sitenote_category":0,"footnotes":""},"class_list":["post-2525","page","type-page","status-publish","hentry"],"_links":{"self":[{"href":"https:\/\/gimnasticna-zveza.si\/index.php\/wp-json\/wp\/v2\/pages\/2525","targetHints":{"allow":["GET"]}}],"collection":[{"href":"https:\/\/gimnasticna-zveza.si\/index.php\/wp-json\/wp\/v2\/pages"}],"about":[{"href":"https:\/\/gimnasticna-zveza.si\/index.php\/wp-json\/wp\/v2\/types\/page"}],"author":[{"embeddable":true,"href":"https:\/\/gimnasticna-zveza.si\/index.php\/wp-json\/wp\/v2\/users\/3"}],"replies":[{"embeddable":true,"href":"https:\/\/gimnasticna-zveza.si\/index.php\/wp-json\/wp\/v2\/comments?post=2525"}],"version-history":[{"count":22,"href":"https:\/\/gimnasticna-zveza.si\/index.php\/wp-json\/wp\/v2\/pages\/2525\/revisions"}],"predecessor-version":[{"id":4327,"href":"https:\/\/gimnasticna-zveza.si\/index.php\/wp-json\/wp\/v2\/pages\/2525\/revisions\/4327"}],"wp:attachment":[{"href":"https:\/\/gimnasticna-zveza.si\/index.php\/wp-json\/wp\/v2\/media?parent=2525"}],"curies":[{"name":"wp","href":"https:\/\/api.w.org\/{rel}","templated":true}]}}