{"id":1789,"date":"2021-01-05T11:58:16","date_gmt":"2021-01-05T09:58:16","guid":{"rendered":"http:\/\/www.gimnasticna-zveza.si\/?page_id=1789"},"modified":"2022-01-17T15:08:11","modified_gmt":"2022-01-17T13:08:11","slug":"pravice-in-obveznosti-sportnikov","status":"publish","type":"page","link":"https:\/\/gimnasticna-zveza.si\/index.php\/pravice-in-obveznosti-sportnikov\/","title":{"rendered":"Pravice in obveznosti \u0161portnikov"},"content":{"rendered":"\t\t<div data-elementor-type=\"wp-page\" data-elementor-id=\"1789\" class=\"elementor elementor-1789\" data-elementor-post-type=\"page\">\n\t\t\t\t\t\t<section class=\"elementor-section elementor-top-section elementor-element elementor-element-d294df4 elementor-section-boxed elementor-section-height-default elementor-section-height-default\" data-id=\"d294df4\" data-element_type=\"section\">\n\t\t\t\t\t\t<div class=\"elementor-container elementor-column-gap-default\">\n\t\t\t\t\t<div class=\"elementor-column elementor-col-100 elementor-top-column elementor-element elementor-element-5dcc49e\" data-id=\"5dcc49e\" data-element_type=\"column\">\n\t\t\t<div class=\"elementor-widget-wrap elementor-element-populated\">\n\t\t\t\t\t\t<div class=\"elementor-element elementor-element-7b54039 elementor-widget elementor-widget-spacer\" data-id=\"7b54039\" data-element_type=\"widget\" data-widget_type=\"spacer.default\">\n\t\t\t\t<div class=\"elementor-widget-container\">\n\t\t\t\t\t\t\t<div class=\"elementor-spacer\">\n\t\t\t<div class=\"elementor-spacer-inner\"><\/div>\n\t\t<\/div>\n\t\t\t\t\t\t<\/div>\n\t\t\t\t<\/div>\n\t\t\t\t<div class=\"elementor-element elementor-element-7dbd44d elementor-widget elementor-widget-heading\" data-id=\"7dbd44d\" data-element_type=\"widget\" data-widget_type=\"heading.default\">\n\t\t\t\t<div class=\"elementor-widget-container\">\n\t\t\t\t\t<h4 class=\"elementor-heading-title elementor-size-default\">Pravice \u0161portnikov<\/h4>\t\t\t\t<\/div>\n\t\t\t\t<\/div>\n\t\t\t\t<div class=\"elementor-element elementor-element-2aa65f4 elementor-widget elementor-widget-text-editor\" data-id=\"2aa65f4\" data-element_type=\"widget\" data-widget_type=\"text-editor.default\">\n\t\t\t\t<div class=\"elementor-widget-container\">\n\t\t\t\t\t\t\t\t\t<p>Pravice, ki izhajajo z naslova \u0161portnega udejstvovanja, so opredeljene v <a href=\"http:\/\/www.pisrs.si\/Pis.web\/pregledPredpisa?id=ZAKO6853\">Zakonu o \u0161portu<\/a> in zadevnih aktih Gimnasti\u010dne zveze Slovenije. Klju\u010dni pojmi, ki se nana\u0161ajo na pravice \u0161portnikov, so slede\u010di:<\/p><ul><li><strong>Tekmovalna licenca<\/strong> (na Gimnasti\u010dni zvezi Slovenije za to uporabljamo izraz &#8220;registracija&#8221; kot opredeljeno v <a href=\"http:\/\/www.gimnasticna-zveza.si\/wp-content\/uploads\/2021\/01\/Registracijski_pravilnik__cistopis_marec2011.pdf\">Registracijskem pravilniku Gimnasti\u010dne zveze Slovenije<\/a>, katerega pa ne gre zamenjevati z registracijo, opredeljeno po Zakonu o \u0161portu) predstavlja predpogoj za udele\u017ebo na tekmovanjih, ki so del uradnega koledarja Gimnasti\u010dne zveze Slovenije. \u0160portnika registrira njegovo mati\u010dno dru\u0161tvo preko informacijskega sistema Gimnasti\u010dne zveze Slovenije. Tekmovalna licenca velja eno leto, od 1. januarja do 31. decembra.<\/li><li><strong>Registracija<\/strong> (opredeljena v 32. \u010dlenu Zakona o \u0161portu): \u0161portnik je lahko registriran, \u010de je star najmanj 12 let, je \u010dlan \u0161portnega dru\u0161tva, ki je v\u010dlanjeno v Gimnasti\u010dno zvezo Slovenije, in ima s strani OKS-Z\u0160Z potrjen nastop na tekmovanju uradnega tekmovalnega sistema ter je vpisan v evidenco registriranih in kategoriziranih \u0161portnikov. V olimpijskih \u0161portnih disciplinah individualnih \u0161portnih panog, pri katerih lahko na svetovnih prvenstvih v \u010dlanski kategoriji nastopajo \u0161portniki mlaj\u0161i od 18 let, lahko registracijo pridobi \u0161portnik, mlaj\u0161i od 12 let, vendar ne mlaj\u0161i od 10 let.<\/li><li><strong>Kategorizacija\u00a0<\/strong>(opredeljena v 33. \u010dlenu Zakona o \u0161portu): \u0161portnik, ki je star najmanj 14 let in je dr\u017eavljan Republike Slovenije, se glede na dose\u017een rezultat na tekmovanju uradnega tekmovalnega sistema razvrsti v naziv mladinskega, dr\u017eavnega, perspektivnega, mednarodnega, svetovnega ali olimpijskega razreda. Dokument <strong>Pogoji, pravila in kriteriji za registriranje in kategoriziranje \u0161portnikov v Republiki Sloveniji<\/strong><strong>\u00a0<\/strong>lahko najdete na povezavi <a href=\"https:\/\/www.olympic.si\/sportniki\/registracija-in-kategorizacija\">tukaj<\/a>.<\/li><\/ul><p><a href=\"https:\/\/www.olympic.si\/evidenca\">Evidenca registracij in kategorizacij<\/a> je javno objavljena na spletnih straneh Olimpijskega komiteja Slovenije &#8211; Zdru\u017eenja \u0161portnih zvez.<\/p><p>Pravice in obveznosti \u0161portnikov, ki so \u010dlani reprezentanc Gimnasti\u010dne zveze Slovenije, natan\u010dneje opredeljuje <a href=\"http:\/\/www.gimnasticna-zveza.si\/wp-content\/uploads\/2020\/12\/Pravilnik-o-reprezentantih-Gimnasticne-zveze-Slovenije.pdf\">Pravilnik o statusu dr\u017eavnega reprezentanta Gimnasti\u010dne zveze Slovenije<\/a>.<\/p>\t\t\t\t\t\t\t\t<\/div>\n\t\t\t\t<\/div>\n\t\t\t\t\t<\/div>\n\t\t<\/div>\n\t\t\t\t\t<\/div>\n\t\t<\/section>\n\t\t\t\t<section class=\"elementor-section elementor-top-section elementor-element elementor-element-b0cac78 elementor-section-boxed elementor-section-height-default elementor-section-height-default\" data-id=\"b0cac78\" data-element_type=\"section\">\n\t\t\t\t\t\t<div class=\"elementor-container elementor-column-gap-default\">\n\t\t\t\t\t<div class=\"elementor-column elementor-col-100 elementor-top-column elementor-element elementor-element-a7aecd8\" data-id=\"a7aecd8\" data-element_type=\"column\">\n\t\t\t<div class=\"elementor-widget-wrap elementor-element-populated\">\n\t\t\t\t\t\t<div class=\"elementor-element elementor-element-b904332 elementor-widget elementor-widget-heading\" data-id=\"b904332\" data-element_type=\"widget\" data-widget_type=\"heading.default\">\n\t\t\t\t<div class=\"elementor-widget-container\">\n\t\t\t\t\t<h4 class=\"elementor-heading-title elementor-size-default\">Na\u010din uveljavljanja pravic<\/h4>\t\t\t\t<\/div>\n\t\t\t\t<\/div>\n\t\t\t\t<div class=\"elementor-element elementor-element-ddc0e3b elementor-widget elementor-widget-text-editor\" data-id=\"ddc0e3b\" data-element_type=\"widget\" data-widget_type=\"text-editor.default\">\n\t\t\t\t<div class=\"elementor-widget-container\">\n\t\t\t\t\t\t\t\t\t<p>Skladno s 36. \u010dlenom Statuta Gimnasti\u010dne zveze Slovenije interese \u0161portnikov v Izvr\u0161nem odboru Gimnasti\u010dne zveze Slovenije zastopa <strong>predstavnik aktivnih \u0161portnikov<\/strong>, ki je voljen na Skup\u0161\u010dini. Po funkciji je ta tudi \u010dlan Strokovnega sveta Gimnasti\u010dne zveze Slovenije. V trenutnem mandatu je predstavnik aktivnih \u0161portnikov <strong>Luka Bojanc<\/strong>.<\/p><p>Zakon o \u0161portu v 66. \u010dlenu opredeljuje <strong>varuha \u0161portnikovih pravic<\/strong>. Ta skrbi za pravice \u0161portnikov in strokovnih delavcev v \u0161portu po tem zakonu, obravnava prito\u017ebe, pripombe, predloge in pobude \u0161portnikov oziroma njihovih zakonitih zastopnikov, strokovnih delavcev v \u0161portu, izvajalcev \u0161portnih programov, lahko pa tudi dr\u017eavnih organov, organov lokalne samouprave in nosilcev javnih pooblastil, objavlja primere dobrih in slabih praks v \u0161portu na spletni strani varuha \u0161portnikovih pravic in o tem obve\u0161\u010da javnost, v skladu s predpisi, ki urejajo varstvo osebnih podatkov. Trenutno potrjeni varuh \u0161portnikovih pravic je Ro\u017ele Prezelj (051 388 361, <a href=\"mailto:rozle.prezelj@gov.si\">rozle.prezelj@gov.si<\/a>). Ve\u010d si lahko preberete na povezavi <a href=\"https:\/\/www.gov.si\/zbirke\/delovna-telesa\/varuh-sportnikovih-pravic\/\">tukaj<\/a>.<\/p>\t\t\t\t\t\t\t\t<\/div>\n\t\t\t\t<\/div>\n\t\t\t\t\t<\/div>\n\t\t<\/div>\n\t\t\t\t\t<\/div>\n\t\t<\/section>\n\t\t\t\t<\/div>\n\t\t","protected":false},"excerpt":{"rendered":"<p>Pravice \u0161portnikov Pravice, ki izhajajo z naslova \u0161portnega udejstvovanja, so<span class=\"excerpt-hellip\"> [\u2026]<\/span><\/p>\n","protected":false},"author":3,"featured_media":1791,"parent":0,"menu_order":0,"comment_status":"closed","ping_status":"closed","template":"","meta":{"_monsterinsights_skip_tracking":false,"_monsterinsights_sitenote_active":false,"_monsterinsights_sitenote_note":"","_monsterinsights_sitenote_category":0,"footnotes":""},"class_list":["post-1789","page","type-page","status-publish","has-post-thumbnail","hentry"],"_links":{"self":[{"href":"https:\/\/gimnasticna-zveza.si\/index.php\/wp-json\/wp\/v2\/pages\/1789","targetHints":{"allow":["GET"]}}],"collection":[{"href":"https:\/\/gimnasticna-zveza.si\/index.php\/wp-json\/wp\/v2\/pages"}],"about":[{"href":"https:\/\/gimnasticna-zveza.si\/index.php\/wp-json\/wp\/v2\/types\/page"}],"author":[{"embeddable":true,"href":"https:\/\/gimnasticna-zveza.si\/index.php\/wp-json\/wp\/v2\/users\/3"}],"replies":[{"embeddable":true,"href":"https:\/\/gimnasticna-zveza.si\/index.php\/wp-json\/wp\/v2\/comments?post=1789"}],"version-history":[{"count":28,"href":"https:\/\/gimnasticna-zveza.si\/index.php\/wp-json\/wp\/v2\/pages\/1789\/revisions"}],"predecessor-version":[{"id":3670,"href":"https:\/\/gimnasticna-zveza.si\/index.php\/wp-json\/wp\/v2\/pages\/1789\/revisions\/3670"}],"wp:featuredmedia":[{"embeddable":true,"href":"https:\/\/gimnasticna-zveza.si\/index.php\/wp-json\/wp\/v2\/media\/1791"}],"wp:attachment":[{"href":"https:\/\/gimnasticna-zveza.si\/index.php\/wp-json\/wp\/v2\/media?parent=1789"}],"curies":[{"name":"wp","href":"https:\/\/api.w.org\/{rel}","templated":true}]}}