{"id":1363,"date":"2020-12-14T18:01:00","date_gmt":"2020-12-14T16:01:00","guid":{"rendered":"http:\/\/www.gimnasticna-zveza.si\/?page_id=1363"},"modified":"2021-01-18T11:27:48","modified_gmt":"2021-01-18T09:27:48","slug":"boj-proti-dopingu","status":"publish","type":"page","link":"https:\/\/gimnasticna-zveza.si\/index.php\/boj-proti-dopingu\/","title":{"rendered":"Boj proti dopingu"},"content":{"rendered":"\t\t<div data-elementor-type=\"wp-page\" data-elementor-id=\"1363\" class=\"elementor elementor-1363\" data-elementor-post-type=\"page\">\n\t\t\t\t\t\t<section class=\"elementor-section elementor-top-section elementor-element elementor-element-60d2fab elementor-section-boxed elementor-section-height-default elementor-section-height-default\" data-id=\"60d2fab\" data-element_type=\"section\" data-e-type=\"section\">\n\t\t\t\t\t\t<div class=\"elementor-container elementor-column-gap-default\">\n\t\t\t\t\t<div class=\"elementor-column elementor-col-100 elementor-top-column elementor-element elementor-element-aa431ef\" data-id=\"aa431ef\" data-element_type=\"column\" data-e-type=\"column\">\n\t\t\t<div class=\"elementor-widget-wrap elementor-element-populated\">\n\t\t\t\t\t\t<div class=\"elementor-element elementor-element-6407abe elementor-widget elementor-widget-spacer\" data-id=\"6407abe\" data-element_type=\"widget\" data-e-type=\"widget\" data-widget_type=\"spacer.default\">\n\t\t\t\t<div class=\"elementor-widget-container\">\n\t\t\t\t\t\t\t<div class=\"elementor-spacer\">\n\t\t\t<div class=\"elementor-spacer-inner\"><\/div>\n\t\t<\/div>\n\t\t\t\t\t\t<\/div>\n\t\t\t\t<\/div>\n\t\t\t\t\t<\/div>\n\t\t<\/div>\n\t\t\t\t\t<\/div>\n\t\t<\/section>\n\t\t\t\t<section class=\"elementor-section elementor-top-section elementor-element elementor-element-06eb232 elementor-section-boxed elementor-section-height-default elementor-section-height-default\" data-id=\"06eb232\" data-element_type=\"section\" data-e-type=\"section\">\n\t\t\t\t\t\t<div class=\"elementor-container elementor-column-gap-default\">\n\t\t\t\t\t<div class=\"elementor-column elementor-col-100 elementor-top-column elementor-element elementor-element-054476a\" data-id=\"054476a\" data-element_type=\"column\" data-e-type=\"column\">\n\t\t\t<div class=\"elementor-widget-wrap elementor-element-populated\">\n\t\t\t\t\t\t<div class=\"elementor-element elementor-element-617c68c elementor-widget elementor-widget-text-editor\" data-id=\"617c68c\" data-element_type=\"widget\" data-e-type=\"widget\" data-widget_type=\"text-editor.default\">\n\t\t\t\t<div class=\"elementor-widget-container\">\n\t\t\t\t\t\t\t\t\t<h4>Boj proti dopingu<\/h4><p>Boj proti dopingu je ena izmed pomembnej\u0161ih usmeritev Gimnasti\u010dne zveze Slovenije. Skladno z novimi usmeritvami Svetovne protidopin\u0161ke agencije (WADA), ki so zajete v novem Svetovnem protidopin\u0161kem kodeksu, morajo vsi kategorizirani \u0161portniki in trenerji ter drugo spremljevalno osebje imeti opravljeno e-izobra\u017eevanje. Zaradi pomembnosti te vsebine smo na Gimnasti\u010dni zvezi Slovenije opravljeno e-izobra\u017eevanje kot pogoj za imenovanje v reprezentanco umestili v Pravilnik o reprezentantih.<\/p><p>Povezava do e-izobra\u017eevanja <a href=\"https:\/\/adel.wada-ama.org\/\">ADeL<\/a>, povezava do podstrani SLOADO, ki <a href=\"https:\/\/www.sloado.si\/kategorija\/za-sportnike-adel\">pojasnjuje spletno izobra\u017eevanje<\/a>.<\/p><p>Ve\u010d o boju proti dopingu ter protidopin\u0161kih pravilih lahko najdete na\u00a0<a href=\"http:\/\/www.sloado.si\/\">spletni strani<\/a> Slovenske antidoping organizacije (SLOADO), medtem ko lahko informacije o spremembah, ki nas \u010dakajo v letu 2021, preberete <a href=\"https:\/\/www.sloado.si\/kategorija\/novo-2021\">tukaj<\/a>.<\/p>\t\t\t\t\t\t\t\t<\/div>\n\t\t\t\t<\/div>\n\t\t\t\t\t<\/div>\n\t\t<\/div>\n\t\t\t\t\t<\/div>\n\t\t<\/section>\n\t\t\t\t<\/div>\n\t\t","protected":false},"excerpt":{"rendered":"<p>Boj proti dopingu Boj proti dopingu je ena izmed pomembnej\u0161ih<span class=\"excerpt-hellip\"> [\u2026]<\/span><\/p>\n","protected":false},"author":3,"featured_media":0,"parent":0,"menu_order":0,"comment_status":"closed","ping_status":"closed","template":"","meta":{"_monsterinsights_skip_tracking":false,"_monsterinsights_sitenote_active":false,"_monsterinsights_sitenote_note":"","_monsterinsights_sitenote_category":0,"footnotes":""},"class_list":["post-1363","page","type-page","status-publish","hentry"],"_links":{"self":[{"href":"https:\/\/gimnasticna-zveza.si\/index.php\/wp-json\/wp\/v2\/pages\/1363","targetHints":{"allow":["GET"]}}],"collection":[{"href":"https:\/\/gimnasticna-zveza.si\/index.php\/wp-json\/wp\/v2\/pages"}],"about":[{"href":"https:\/\/gimnasticna-zveza.si\/index.php\/wp-json\/wp\/v2\/types\/page"}],"author":[{"embeddable":true,"href":"https:\/\/gimnasticna-zveza.si\/index.php\/wp-json\/wp\/v2\/users\/3"}],"replies":[{"embeddable":true,"href":"https:\/\/gimnasticna-zveza.si\/index.php\/wp-json\/wp\/v2\/comments?post=1363"}],"version-history":[{"count":10,"href":"https:\/\/gimnasticna-zveza.si\/index.php\/wp-json\/wp\/v2\/pages\/1363\/revisions"}],"predecessor-version":[{"id":1955,"href":"https:\/\/gimnasticna-zveza.si\/index.php\/wp-json\/wp\/v2\/pages\/1363\/revisions\/1955"}],"wp:attachment":[{"href":"https:\/\/gimnasticna-zveza.si\/index.php\/wp-json\/wp\/v2\/media?parent=1363"}],"curies":[{"name":"wp","href":"https:\/\/api.w.org\/{rel}","templated":true}]}}