{"id":1213,"date":"2020-11-13T00:23:41","date_gmt":"2020-11-12T22:23:41","guid":{"rendered":"http:\/\/www.gimnasticna-zveza.si\/?page_id=1213"},"modified":"2020-11-13T00:24:46","modified_gmt":"2020-11-12T22:24:46","slug":"drustva","status":"publish","type":"page","link":"https:\/\/gimnasticna-zveza.si\/index.php\/drustva\/","title":{"rendered":"Dru\u0161tva"},"content":{"rendered":"<div class=\"wpb-content-wrapper\">\t\t<div data-elementor-type=\"wp-page\" data-elementor-id=\"1213\" class=\"elementor elementor-1213\" data-elementor-post-type=\"page\">\n\t\t\t\t\t\t<section class=\"elementor-section elementor-top-section elementor-element elementor-element-182028c6 elementor-section-boxed elementor-section-height-default elementor-section-height-default\" data-id=\"182028c6\" data-element_type=\"section\" data-e-type=\"section\">\n\t\t\t\t\t\t<div class=\"elementor-container elementor-column-gap-default\">\n\t\t\t\t\t<div class=\"elementor-column elementor-col-100 elementor-top-column elementor-element elementor-element-3539c64\" data-id=\"3539c64\" data-element_type=\"column\" data-e-type=\"column\">\n\t\t\t<div class=\"elementor-widget-wrap elementor-element-populated\">\n\t\t\t\t\t\t<div class=\"elementor-element elementor-element-7a553081 elementor-widget elementor-widget-text-editor\" data-id=\"7a553081\" data-element_type=\"widget\" data-e-type=\"widget\" data-widget_type=\"text-editor.default\">\n\t\t\t\t<div class=\"elementor-widget-container\">\n\t\t\t\t\t\t\t\t\t[vc_row][vc_column][\/vc_column][\/vc_row]\t\t\t\t\t\t\t\t<\/div>\n\t\t\t\t<\/div>\n\t\t\t\t\t<\/div>\n\t\t<\/div>\n\t\t\t\t\t<\/div>\n\t\t<\/section>\n\t\t\t\t<section class=\"elementor-section elementor-top-section elementor-element elementor-element-afd341b elementor-section-boxed elementor-section-height-default elementor-section-height-default\" data-id=\"afd341b\" data-element_type=\"section\" data-e-type=\"section\">\n\t\t\t\t\t\t<div class=\"elementor-container elementor-column-gap-default\">\n\t\t\t\t\t<div class=\"elementor-column elementor-col-100 elementor-top-column elementor-element elementor-element-ff13330\" data-id=\"ff13330\" data-element_type=\"column\" data-e-type=\"column\">\n\t\t\t<div class=\"elementor-widget-wrap elementor-element-populated\">\n\t\t\t\t\t\t<div class=\"elementor-element elementor-element-1965316 elementor-widget elementor-widget-shortcode\" data-id=\"1965316\" data-element_type=\"widget\" data-e-type=\"widget\" data-widget_type=\"shortcode.default\">\n\t\t\t\t<div class=\"elementor-widget-container\">\n\t\t\t\t\t\t\t<div class=\"elementor-shortcode\"><h4>OSREDNJE SLOVENSKA<\/h4><a href=\"https:\/\/gimnasticna-zveza.si\/index.php\/drustva\/?CompanyID=156&UrlRewrite=SD-Partizan-Vic.aspx\"><h5>Dru\u0161tvo Partizan Vi\u010d<\/h5><\/a><a href=\"https:\/\/gimnasticna-zveza.si\/index.php\/drustva\/?CompanyID=294&UrlRewrite=GD-Sokol.aspx\"><h5>GD Sokol<\/h5><\/a><a href=\"https:\/\/gimnasticna-zveza.si\/index.php\/drustva\/?CompanyID=149&UrlRewrite=GD-Vrhnika.aspx\"><h5>GD Vrhnika<\/h5><\/a><a href=\"https:\/\/gimnasticna-zveza.si\/index.php\/drustva\/?CompanyID=150&UrlRewrite=GD-Zelena-Jama.aspx\"><h5>GD Zelena jama<\/h5><\/a><a href=\"https:\/\/gimnasticna-zveza.si\/index.php\/drustva\/?CompanyID=301&UrlRewrite=Klub-za-ritmiko-Sansa.aspx\"><h5>KR Sansa<\/h5><\/a><a href=\"https:\/\/gimnasticna-zveza.si\/index.php\/drustva\/?CompanyID=154&UrlRewrite=KRG-Narodni-Dom-Ljubljana.aspx\"><h5>KRG Narodni dom Ljubljana<\/h5><\/a><a href=\"https:\/\/gimnasticna-zveza.si\/index.php\/drustva\/?CompanyID=155&UrlRewrite=KSRG-Siska.aspx\"><h5>KRG \u0160i\u0161ka<\/h5><\/a><a href=\"https:\/\/gimnasticna-zveza.si\/index.php\/drustva\/?CompanyID=279&UrlRewrite=SPORTNO-DRUSTVO-SPICKA.aspx\"><h5>KRG \u0160pica<\/h5><\/a><a href=\"https:\/\/gimnasticna-zveza.si\/index.php\/drustva\/?CompanyID=287&UrlRewrite=KLUB-ZA-RITMICNO-GIMNASTIKO-TIM.aspx\"><h5>KRG TiM<\/h5><\/a><a href=\"https:\/\/gimnasticna-zveza.si\/index.php\/drustva\/?CompanyID=312&UrlRewrite=KLUB-ZA-RITMICNO-GIMNASTIKO-TJASA-SEME.aspx\"><h5>KRG Tja\u0161a \u0160eme<\/h5><\/a><a href=\"https:\/\/gimnasticna-zveza.si\/index.php\/drustva\/?CompanyID=289&UrlRewrite=Ljubljanska-gimnasticna-zveza.aspx\"><h5>Ljubljanska gimnasti\u010dna zveza<\/h5><\/a><a href=\"https:\/\/gimnasticna-zveza.si\/index.php\/drustva\/?CompanyID=295&UrlRewrite=SD-Devils.aspx\"><h5>\u0160D Devils<\/h5><\/a><a href=\"https:\/\/gimnasticna-zveza.si\/index.php\/drustva\/?CompanyID=158&UrlRewrite=SD-Drog.aspx\"><h5>\u0160D Drog<\/h5><\/a><a href=\"https:\/\/gimnasticna-zveza.si\/index.php\/drustva\/?CompanyID=214&UrlRewrite=SRD-Gazela.aspx\"><h5>\u0160D Gazela<\/h5><\/a><a href=\"https:\/\/gimnasticna-zveza.si\/index.php\/drustva\/?CompanyID=159&UrlRewrite=SD-GIB-Siska.aspx\"><h5>\u0160D GIB \u0160i\u0161ka<\/h5><\/a><a href=\"https:\/\/gimnasticna-zveza.si\/index.php\/drustva\/?CompanyID=162&UrlRewrite=SD-Moste.aspx\"><h5>\u0160D Moste<\/h5><\/a><a href=\"https:\/\/gimnasticna-zveza.si\/index.php\/drustva\/?CompanyID=163&UrlRewrite=SD-Narodni-Dom.aspx\"><h5>\u0160D Narodni dom<\/h5><\/a><a href=\"https:\/\/gimnasticna-zveza.si\/index.php\/drustva\/?CompanyID=168&UrlRewrite=SD-Sokol-Bezigrad.aspx\"><h5>\u0160D Sokol Be\u017eigrad<\/h5><\/a><a href=\"https:\/\/gimnasticna-zveza.si\/index.php\/drustva\/?CompanyID=315&UrlRewrite=SD-Soncek.aspx\"><h5>\u0160D Son\u010dek<\/h5><\/a><a href=\"https:\/\/gimnasticna-zveza.si\/index.php\/drustva\/?CompanyID=170&UrlRewrite=SD-Tabor.aspx\"><h5>\u0160D Tabor<\/h5><\/a><a href=\"https:\/\/gimnasticna-zveza.si\/index.php\/drustva\/?CompanyID=171&UrlRewrite=SD-Trnovo.aspx\"><h5>\u0160D Trnovo<\/h5><\/a><a href=\"https:\/\/gimnasticna-zveza.si\/index.php\/drustva\/?CompanyID=172&UrlRewrite=SK-Blescica.aspx\"><h5>\u0160K Ble\u0161\u010dica<\/h5><\/a><h4>\u0160TAJERSKA<\/h4><a href=\"https:\/\/gimnasticna-zveza.si\/index.php\/drustva\/?CompanyID=306&UrlRewrite=DRUSTVO-ZA-RITMICNO-GIMNASTIKO-MURSKA-SOBOTA.aspx\"><h5>DRG Murska Sobota<\/h5><\/a><a href=\"https:\/\/gimnasticna-zveza.si\/index.php\/drustva\/?CompanyID=139&UrlRewrite=DSR-Murska-Sobota.aspx\"><h5>D\u0160R Murska Sobota<\/h5><\/a><a href=\"https:\/\/gimnasticna-zveza.si\/index.php\/drustva\/?CompanyID=142&UrlRewrite=DSR-Zeleznicar-Maribor.aspx\"><h5>D\u0160R \u017delezni\u010dar Maribor<\/h5><\/a><a href=\"https:\/\/gimnasticna-zveza.si\/index.php\/drustva\/?CompanyID=143&UrlRewrite=DSRG-Branik-Maribor.aspx\"><h5>D\u0160RG Branik Maribor<\/h5><\/a><a href=\"https:\/\/gimnasticna-zveza.si\/index.php\/drustva\/?CompanyID=310&UrlRewrite=FREESTYLE-SKI-KLUB-CELJE.aspx\"><h5>Freestyle klub Celje<\/h5><\/a><a href=\"https:\/\/gimnasticna-zveza.si\/index.php\/drustva\/?CompanyID=311&UrlRewrite=GIMNASTICNO-DRUSTVO-GYM-STARS.aspx\"><h5>GD Gym Stars<\/h5><\/a><a href=\"https:\/\/gimnasticna-zveza.si\/index.php\/drustva\/?CompanyID=151&UrlRewrite=GID-Ptuj.aspx\"><h5>Gimnasti\u010dno dru\u0161tvo GIA Ptuj<\/h5><\/a><a href=\"https:\/\/gimnasticna-zveza.si\/index.php\/drustva\/?CompanyID=177&UrlRewrite=Gimnasticni-Klub-Leon.aspx\"><h5>GK Leon<\/h5><\/a><a href=\"https:\/\/gimnasticna-zveza.si\/index.php\/drustva\/?CompanyID=276&UrlRewrite=PRK-HARMONIJA.aspx\"><h5>PRK Harmonija<\/h5><\/a><a href=\"https:\/\/gimnasticna-zveza.si\/index.php\/drustva\/?CompanyID=278&UrlRewrite=Rokoborski-klub-Poljcane.aspx\"><h5>Rokoborski klub Polj\u010dane<\/h5><\/a><a href=\"https:\/\/gimnasticna-zveza.si\/index.php\/drustva\/?CompanyID=157&UrlRewrite=SD-Center-Maribor.aspx\"><h5>\u0160D Center Maribor<\/h5><\/a><a href=\"https:\/\/gimnasticna-zveza.si\/index.php\/drustva\/?CompanyID=164&UrlRewrite=SD-Partizan-Lenart.aspx\"><h5>\u0160D Lenart<\/h5><\/a><a href=\"https:\/\/gimnasticna-zveza.si\/index.php\/drustva\/?CompanyID=280&UrlRewrite=SPORTNO-DRUSTVO-PARTIZAN-SEVNICA.aspx\"><h5>\u0160D Partizan Sevnica<\/h5><\/a><a href=\"https:\/\/gimnasticna-zveza.si\/index.php\/drustva\/?CompanyID=308&UrlRewrite=SPORTNO-DRUSTVO-RITMNIKA.aspx\"><h5>\u0160D Ritmnika<\/h5><\/a><a href=\"https:\/\/gimnasticna-zveza.si\/index.php\/drustva\/?CompanyID=167&UrlRewrite=SD-Ruse.aspx\"><h5>\u0160D Ru\u0161e<\/h5><\/a><a href=\"https:\/\/gimnasticna-zveza.si\/index.php\/drustva\/?CompanyID=169&UrlRewrite=SD-Studenci.aspx\"><h5>\u0160D Studenci <\/h5><\/a><a href=\"https:\/\/gimnasticna-zveza.si\/index.php\/drustva\/?CompanyID=298&UrlRewrite=SK-Favorit.aspx\"><h5>\u0160K Favorit<\/h5><\/a><a href=\"https:\/\/gimnasticna-zveza.si\/index.php\/drustva\/?CompanyID=322&UrlRewrite=SPORTNI-KLUB-RUBIN.aspx\"><h5>\u0160K Rubin<\/h5><\/a><a href=\"https:\/\/gimnasticna-zveza.si\/index.php\/drustva\/?CompanyID=319&UrlRewrite=ZAVOD-ZA-SPORT-STAJERSKA-CELJE.aspx\"><h5>Zavod za \u0161port Celje<\/h5><\/a><h4>PRIMORSKO - NOTRANJSKA<\/h4><a href=\"https:\/\/gimnasticna-zveza.si\/index.php\/drustva\/?CompanyID=296&UrlRewrite=GD-Divaca.aspx\"><h5>GD Diva\u010da<\/h5><\/a><a href=\"https:\/\/gimnasticna-zveza.si\/index.php\/drustva\/?CompanyID=146&UrlRewrite=GD-Koper.aspx\"><h5>GD Koper<\/h5><\/a><a href=\"https:\/\/gimnasticna-zveza.si\/index.php\/drustva\/?CompanyID=152&UrlRewrite=Gorisko-Gimnasticno-Drustvo-Nova-Gorica.aspx\"><h5>GGD Nova Gorica<\/h5><\/a><a href=\"https:\/\/gimnasticna-zveza.si\/index.php\/drustva\/?CompanyID=326&UrlRewrite=Sportno-drustvo-Juna-Sport-Koper-Societa-sportiva-Juna-Sport-Capodistria.aspx\"><h5>\u0160D Juna \u0160port Koper<\/h5><\/a><a href=\"https:\/\/gimnasticna-zveza.si\/index.php\/drustva\/?CompanyID=166&UrlRewrite=SD-Partizan-Rence.aspx\"><h5>\u0160D Partizan Ren\u010de<\/h5><\/a><a href=\"https:\/\/gimnasticna-zveza.si\/index.php\/drustva\/?CompanyID=323&UrlRewrite=SPORTNI-KLUB-CAPRIS-GYM.aspx\"><h5>\u0160K Capris Gym<\/h5><\/a><a href=\"https:\/\/gimnasticna-zveza.si\/index.php\/drustva\/?CompanyID=173&UrlRewrite=SK-Flip-Piran.aspx\"><h5>\u0160K Flip Piran - CS Flip Pirano<\/h5><\/a><a href=\"https:\/\/gimnasticna-zveza.si\/index.php\/drustva\/?CompanyID=144&UrlRewrite=GD-Capris.aspx\"><h5>\u0160K FlipCapris<\/h5><\/a><a href=\"https:\/\/gimnasticna-zveza.si\/index.php\/drustva\/?CompanyID=320&UrlRewrite=SPORTNI-KLUB-MOMENTUM.aspx\"><h5>\u0160K Momentum<\/h5><\/a><a href=\"https:\/\/gimnasticna-zveza.si\/index.php\/drustva\/?CompanyID=257&UrlRewrite=Sportni-klub-Salto-Piran.aspx\"><h5>\u0160K Salto Koper<\/h5><\/a><a href=\"https:\/\/gimnasticna-zveza.si\/index.php\/drustva\/?CompanyID=174&UrlRewrite=SK-Twist-Nova-Gorica.spx\"><h5>\u0160K TWIST Nova Gorica<\/h5><\/a><a href=\"https:\/\/gimnasticna-zveza.si\/index.php\/drustva\/?CompanyID=321&UrlRewrite=SK-DRUSTVO-ELEMENT.aspx\"><h5>\u0160KD Element<\/h5><\/a><h4>DOLENJSKO - ZASAVSKA<\/h4><a href=\"https:\/\/gimnasticna-zveza.si\/index.php\/drustva\/?CompanyID=297&UrlRewrite=Drustvo-Druzinska-rekreacija.aspx\"><h5>Dru\u0161tvo Dru\u017einska rekreacija<\/h5><\/a><a href=\"https:\/\/gimnasticna-zveza.si\/index.php\/drustva\/?CompanyID=140&UrlRewrite=TVD-Partizan-Novo-Mesto.aspx\"><h5>GD Novo mesto<\/h5><\/a><a href=\"https:\/\/gimnasticna-zveza.si\/index.php\/drustva\/?CompanyID=147&UrlRewrite=GD-Rain-Krsko.aspx\"><h5>GD Rain Kr\u0161ko<\/h5><\/a><a href=\"https:\/\/gimnasticna-zveza.si\/index.php\/drustva\/?CompanyID=288&UrlRewrite=KLUB-ZA-RITMICNO-GIMNASTIKO-RITEM.aspx\"><h5>KRG Ritem<\/h5><\/a><a href=\"https:\/\/gimnasticna-zveza.si\/index.php\/drustva\/?CompanyID=175&UrlRewrite=TD-Sokol-Brezice.aspx\"><h5>TD Sokol Bre\u017eice<\/h5><\/a><h4>GORENJSKO - KORO\u0160KA<\/h4><a href=\"https:\/\/gimnasticna-zveza.si\/index.php\/drustva\/?CompanyID=316&UrlRewrite=KRG-RIJA.aspx\"><h5>KRG Rija<\/h5><\/a><a href=\"https:\/\/gimnasticna-zveza.si\/index.php\/drustva\/?CompanyID=160&UrlRewrite=SD-Kranj.aspx\"><h5>\u0160D Kranj<\/h5><\/a><a href=\"https:\/\/gimnasticna-zveza.si\/index.php\/drustva\/?CompanyID=161&UrlRewrite=SD-Matrica-M-S.aspx\"><h5>\u0160D Matrica GYM<\/h5><\/a><a href=\"https:\/\/gimnasticna-zveza.si\/index.php\/drustva\/?CompanyID=165&UrlRewrite=SD-Partizan-Ravne-Na-Koroskem.aspx\"><h5>\u0160D Partizan Ravne na Koro\u0161kem<\/h5><\/a><a href=\"https:\/\/gimnasticna-zveza.si\/index.php\/drustva\/?CompanyID=277&UrlRewrite=SD-stoja.aspx\"><h5>\u0160D Stoja<\/h5><\/a><a href=\"https:\/\/gimnasticna-zveza.si\/index.php\/drustva\/?CompanyID=141&UrlRewrite=TVD-Partizan-Jesenice.aspx\"><h5>TVD Partizan Jesenice<\/h5><\/a><a href=\"https:\/\/gimnasticna-zveza.si\/index.php\/drustva\/?CompanyID=258&UrlRewrite=TVD-Partizan-Zirovnica.aspx\"><h5>TVD Partizan \u017dirovnica<\/h5><\/a><\/div>\n\t\t\t\t\t\t<\/div>\n\t\t\t\t<\/div>\n\t\t\t\t\t<\/div>\n\t\t<\/div>\n\t\t\t\t\t<\/div>\n\t\t<\/section>\n\t\t\t\t<\/div>\n\t\t<\/div>","protected":false},"excerpt":{"rendered":"<p>[vc_row][vc_column][\/vc_column][\/vc_row]<\/p>\n","protected":false},"author":5,"featured_media":0,"parent":0,"menu_order":0,"comment_status":"closed","ping_status":"closed","template":"","meta":{"_monsterinsights_skip_tracking":false,"_monsterinsights_sitenote_active":false,"_monsterinsights_sitenote_note":"","_monsterinsights_sitenote_category":0,"footnotes":""},"class_list":["post-1213","page","type-page","status-publish","hentry"],"_links":{"self":[{"href":"https:\/\/gimnasticna-zveza.si\/index.php\/wp-json\/wp\/v2\/pages\/1213","targetHints":{"allow":["GET"]}}],"collection":[{"href":"https:\/\/gimnasticna-zveza.si\/index.php\/wp-json\/wp\/v2\/pages"}],"about":[{"href":"https:\/\/gimnasticna-zveza.si\/index.php\/wp-json\/wp\/v2\/types\/page"}],"author":[{"embeddable":true,"href":"https:\/\/gimnasticna-zveza.si\/index.php\/wp-json\/wp\/v2\/users\/5"}],"replies":[{"embeddable":true,"href":"https:\/\/gimnasticna-zveza.si\/index.php\/wp-json\/wp\/v2\/comments?post=1213"}],"version-history":[{"count":3,"href":"https:\/\/gimnasticna-zveza.si\/index.php\/wp-json\/wp\/v2\/pages\/1213\/revisions"}],"predecessor-version":[{"id":1216,"href":"https:\/\/gimnasticna-zveza.si\/index.php\/wp-json\/wp\/v2\/pages\/1213\/revisions\/1216"}],"wp:attachment":[{"href":"https:\/\/gimnasticna-zveza.si\/index.php\/wp-json\/wp\/v2\/media?parent=1213"}],"curies":[{"name":"wp","href":"https:\/\/api.w.org\/{rel}","templated":true}]}}