{"id":1159,"date":"2020-11-02T11:48:00","date_gmt":"2020-11-02T09:48:00","guid":{"rendered":"http:\/\/www.gimnasticna-zveza.si\/?page_id=1159"},"modified":"2021-01-07T11:08:58","modified_gmt":"2021-01-07T09:08:58","slug":"slovenija-telovadi","status":"publish","type":"page","link":"https:\/\/gimnasticna-zveza.si\/index.php\/slovenija-telovadi\/","title":{"rendered":"Slovenija telovadi"},"content":{"rendered":"\t\t<div data-elementor-type=\"wp-page\" data-elementor-id=\"1159\" class=\"elementor elementor-1159\" data-elementor-post-type=\"page\">\n\t\t\t\t\t\t<section class=\"elementor-section elementor-top-section elementor-element elementor-element-60d2fab elementor-section-boxed elementor-section-height-default elementor-section-height-default\" data-id=\"60d2fab\" data-element_type=\"section\" data-e-type=\"section\">\n\t\t\t\t\t\t<div class=\"elementor-container elementor-column-gap-default\">\n\t\t\t\t\t<div class=\"elementor-column elementor-col-100 elementor-top-column elementor-element elementor-element-aa431ef\" data-id=\"aa431ef\" data-element_type=\"column\" data-e-type=\"column\">\n\t\t\t<div class=\"elementor-widget-wrap elementor-element-populated\">\n\t\t\t\t\t\t<div class=\"elementor-element elementor-element-6407abe elementor-widget elementor-widget-spacer\" data-id=\"6407abe\" data-element_type=\"widget\" data-e-type=\"widget\" data-widget_type=\"spacer.default\">\n\t\t\t\t<div class=\"elementor-widget-container\">\n\t\t\t\t\t\t\t<div class=\"elementor-spacer\">\n\t\t\t<div class=\"elementor-spacer-inner\"><\/div>\n\t\t<\/div>\n\t\t\t\t\t\t<\/div>\n\t\t\t\t<\/div>\n\t\t\t\t\t<\/div>\n\t\t<\/div>\n\t\t\t\t\t<\/div>\n\t\t<\/section>\n\t\t\t\t<section class=\"elementor-section elementor-top-section elementor-element elementor-element-55fcf64 elementor-section-boxed elementor-section-height-default elementor-section-height-default\" data-id=\"55fcf64\" data-element_type=\"section\" data-e-type=\"section\">\n\t\t\t\t\t\t<div class=\"elementor-container elementor-column-gap-default\">\n\t\t\t\t\t<div class=\"elementor-column elementor-col-100 elementor-top-column elementor-element elementor-element-d96de0c\" data-id=\"d96de0c\" data-element_type=\"column\" data-e-type=\"column\">\n\t\t\t<div class=\"elementor-widget-wrap elementor-element-populated\">\n\t\t\t\t\t\t<div class=\"elementor-element elementor-element-f48a06f elementor-widget elementor-widget-text-editor\" data-id=\"f48a06f\" data-element_type=\"widget\" data-e-type=\"widget\" data-widget_type=\"text-editor.default\">\n\t\t\t\t<div class=\"elementor-widget-container\">\n\t\t\t\t\t\t\t\t\t<h4>Gimnastika za najmlaj\u0161e<\/h4><p>Program \u201cGimnastika za najmlaj\u0161e\u201d predstavlja pomembno spremembo razmi\u0161ljanja mlaj\u0161ih generacij o pomenu znanja \u0161portne gimnastike v privatnem \u017eivljenju. Ukvarjanje z rekreativno \u0161portno gimnastiko na\u0161im prednikom ni bilo le dopolnilo prostega \u010dasa, ampak vodilo \u017eivljenja, ki jim je dajalo krepost in telesno spretnost. Imeli so to, kar mladim po krivdi modernizacije ni polo\u017eeno v zibelko ter jim bo brez na\u0161e skrbi vedno bolj tuje. \u0160portna gimnastika je vedno bila in bo temeljno \u0161portno znanje, porok vsakemu \u0161portniku ter rekreativcu za vrhunski rezultat v svoji \u0161portni panogi ali kakovostno pre\u017eivljanje prostega \u010dasa, ki ga lahko ponudi le nadzor nad lastnim telesom.<\/p><p>Mladost je odlo\u010dilna za oblikovanje podobe odrasle osebnosti, del te podobe pa je mogo\u010de oblikovati le s sredstvi, ki jih uporablja tudi \u0161portna gimnastika, to je s specifi\u010dnimi gibalnimi dejavnostmi. Zavedati se moramo dejstva, da kar na gibalnem podro\u010dju zamudimo v zgodnjem otro\u0161tvu, kasneje ne moremo ve\u010d nadoknaditi. Zaradi mladosti akterjev je ta skrb prepu\u0161\u010dena nam, saj je od na\u0161e predstavitve odvisen mladostnikov odnos do \u0161portne gimnastike. Za otroka je pomembno, da v svojem po\u010detju vidi svoje koristi in zadovoljstvo. Tako otrok \u010drpa iz \u0161porta in rekreacije zdravje, aktivnost, znanje, gibalne sposobnosti in s tem svoje zadovoljstvo. Te\u017eko je re\u010di, kaj od tega je najpomembneje.<\/p><p>V okviru programa rekreativne \u0161portne gimnastike za najmlaj\u0161e se bodo otroci \u017ee v sklopu raznolikih oblik ogrevanja soo\u010dali z naravnimi oblikami gibanja in elementi gimnasti\u010dne abecede, ki jih bodo nujno potrebovali za uspe\u0161no usvajanje akrobatskih in gimnasti\u010dnih prvin v skladu s svojo starostjo in sposobnostjo, za kar bomo poskrbeli s prilagojenimi programi za posamezne starostne skupine otrok (nivojski sistem vadbe kot program vadbe).<\/p>\t\t\t\t\t\t\t\t<\/div>\n\t\t\t\t<\/div>\n\t\t\t\t\t<\/div>\n\t\t<\/div>\n\t\t\t\t\t<\/div>\n\t\t<\/section>\n\t\t\t\t<section class=\"elementor-section elementor-top-section elementor-element elementor-element-ac8c2f4 elementor-section-boxed elementor-section-height-default elementor-section-height-default\" data-id=\"ac8c2f4\" data-element_type=\"section\" data-e-type=\"section\">\n\t\t\t\t\t\t<div class=\"elementor-container elementor-column-gap-default\">\n\t\t\t\t\t<div class=\"elementor-column elementor-col-100 elementor-top-column elementor-element elementor-element-24fe47c\" data-id=\"24fe47c\" data-element_type=\"column\" data-e-type=\"column\">\n\t\t\t<div class=\"elementor-widget-wrap elementor-element-populated\">\n\t\t\t\t\t\t<div class=\"elementor-element elementor-element-118229e elementor-widget elementor-widget-text-editor\" data-id=\"118229e\" data-element_type=\"widget\" data-e-type=\"widget\" data-widget_type=\"text-editor.default\">\n\t\t\t\t<div class=\"elementor-widget-container\">\n\t\t\t\t\t\t\t\t\t<h4>Gimnastika v osnovni \u0161oli<\/h4><p>Namen programa \u201cGimnastika v osnovni \u0161oli\u201d \u00a0je omogo\u010diti gimnasti\u010dno udejstvovanje vsakemu u\u010dencu prve triade v vseh slovenskih regijah ne glede na socialni status in kraj bivanja. V ta namen Gimnasti\u010dna zveza Slovenije v zadnjem desetletju izvaja gimnasti\u010dne dejavnosti na ve\u010d kot 100 osnovnih \u0161olah po Sloveniji. V prihajajo\u010dih letih bo program \u00bbGimnastika v osnovnih \u0161olah\u00ab dokon\u010dno razpr\u0161en po celi Sloveniji, Gimnasti\u010dna zveza Slovenije pa namerava dodatno \u0161iriti mre\u017eo \u0161ol na katerih se bo izvajala dejavnost \u0161portne gimnastike po Sloveniji, glede na razpolo\u017eljiv kader, s podobno dinamiko \u0161iritve kot v preteklosti.<\/p><p>V okviru programa rekreativne \u0161portne gimnastike v osnovni \u0161oli se u\u010denci \u017ee v sklopu raznolikih oblik ogrevanja soo\u010dajo\u00a0 z naravnimi oblikami gibanja, elementi gimnasti\u010dne abecede, ki jih bodo nujno potrebovali za uspe\u0161no usvajanje aktobatskih in gimnasti\u010dnih prvin v skladu s svojo starostjo in sposobnostjo, za kar bomo poskrbeli s prilagojenimi programi za posamezne starostne skupine otrok (stopenjski sistem vadbe kot program vadbe). Otroci zadovoljujejo potrebo po gibanju z izvajanjem naravnih oblik gibanja, razvijajo koordinacijo in gibalne ter funkcionalne sposobnosti. Spoznavajo razli\u010dne na\u010dine ogrevanja, njegov namen in kaj pomeni biti hiter, mo\u010dan, gibljiv, natan\u010den in vzdr\u017eljiv.<\/p>\t\t\t\t\t\t\t\t<\/div>\n\t\t\t\t<\/div>\n\t\t\t\t\t<\/div>\n\t\t<\/div>\n\t\t\t\t\t<\/div>\n\t\t<\/section>\n\t\t\t\t<section class=\"elementor-section elementor-top-section elementor-element elementor-element-1a5f379 elementor-section-boxed elementor-section-height-default elementor-section-height-default\" data-id=\"1a5f379\" data-element_type=\"section\" data-e-type=\"section\">\n\t\t\t\t\t\t<div class=\"elementor-container elementor-column-gap-default\">\n\t\t\t\t\t<div class=\"elementor-column elementor-col-100 elementor-top-column elementor-element elementor-element-89e1348\" data-id=\"89e1348\" data-element_type=\"column\" data-e-type=\"column\">\n\t\t\t<div class=\"elementor-widget-wrap elementor-element-populated\">\n\t\t\t\t\t\t<div class=\"elementor-element elementor-element-d69b148 elementor-widget elementor-widget-text-editor\" data-id=\"d69b148\" data-element_type=\"widget\" data-e-type=\"widget\" data-widget_type=\"text-editor.default\">\n\t\t\t\t<div class=\"elementor-widget-container\">\n\t\t\t\t\t\t\t\t\t<h4>Gimnastika v srednji \u0161olah<\/h4><p>Program Gimnasti\u010dne zveze Slovenije \u00bbGimnastika v srednji \u0161oli\u00ab je rezultat dolgoletnih te\u017eenj po popularizaciji \u0161portne gimnastike med slovenskimi dijaki ter pove\u010danju \u0161tevila dr\u017eavljanov, ki bi se ukvarjali s \u0161portno gimnastiko v vseh slovenskih statisti\u010dnih regijah. S prihodom v srednjo \u0161olo\u00a0 se skrb za nadzorovan telesni razvoj in gibanje ob\u010dutno zmanj\u0161a. Odvisna je predvsem od lastne iznajdljivosti in trenutnega osebnega ali skupinskega navdiha. \u0160portna gimnastika je panoga, ki je tudi za profesorje \u0161portne vzgoje v tem \u010dasu velik zalogaj, ki \u0161portno gimnastiko zaradi strahu pred po\u0161kodbami potisne v ozadje. Ker je gimnastika bazi\u010den \u0161port, ki razvija osebne spretnosti in sposobnosti ter nam omogo\u010da ukvarjanje z drugimi \u0161porti in kakovost \u017eivljenja na veliko vi\u0161jem nivoju smo gimnasti\u010dni strokovnjaki mnenja, da je tudi srednje\u0161olcem potrebno in nujno ponuditi gimnasti\u010dne aktivnosti.<\/p><p>GZS se je zato odlo\u010dila, da s programom \u00bbGimnastika v srednjih \u0161oli\u00ab v okviru projekta \u00bbSlovenija telovadi\u00ab pomaga omogo\u010diti gimnasti\u010dno udejstvovanje dijakom srednjih \u0161ol v vseh slovenskih statisti\u010dnih regijah. GZS je v zadnjem desetletju izvajala program \u00bbGimnastika v srednji \u0161oli\u00ab na desetih srednjih \u0161olah in 8 dru\u0161tvih. Na podlagi povratnih informacij dijakov in interesa pa bomo v prihodnjih letih \u0161irili program po vsej Sloveniji v skladu z organizacijskimi strukturami, ki so \u017ee vzpostavljene za programe \u00bbGimnastika za najmlaj\u0161e\u00ab in \u00bbGimnastika v osnovni \u0161oli\u00ab in \u00bbOdprimo vrata gimnasti\u010dnih dvoran\u00ab.<\/p>\t\t\t\t\t\t\t\t<\/div>\n\t\t\t\t<\/div>\n\t\t\t\t\t<\/div>\n\t\t<\/div>\n\t\t\t\t\t<\/div>\n\t\t<\/section>\n\t\t\t\t<section class=\"elementor-section elementor-top-section elementor-element elementor-element-49b81e2 elementor-section-boxed elementor-section-height-default elementor-section-height-default\" data-id=\"49b81e2\" data-element_type=\"section\" data-e-type=\"section\">\n\t\t\t\t\t\t<div class=\"elementor-container elementor-column-gap-default\">\n\t\t\t\t\t<div class=\"elementor-column elementor-col-100 elementor-top-column elementor-element elementor-element-ee26e81\" data-id=\"ee26e81\" data-element_type=\"column\" data-e-type=\"column\">\n\t\t\t<div class=\"elementor-widget-wrap elementor-element-populated\">\n\t\t\t\t\t\t<div class=\"elementor-element elementor-element-d42438e elementor-widget elementor-widget-text-editor\" data-id=\"d42438e\" data-element_type=\"widget\" data-e-type=\"widget\" data-widget_type=\"text-editor.default\">\n\t\t\t\t<div class=\"elementor-widget-container\">\n\t\t\t\t\t\t\t\t\t<h4>Gimnastika za odrasle<\/h4><p>S programom \u00bbGimnastika za odrasle\u00ab \u00a0Gimnasti\u010dna zveza Slovenije v celoti uresni\u010duje javni interes na podro\u010dju \u0161porta, saj gre za projekt, ki se izvaja na nacionalni ravni po celotni Republiki Sloveniji. Program rekreativne \u0161portne gimnastike je namenjen vsem dr\u017eavljanom. Izvaja se skozi celotno leto saj so odrasli potrebni u\u010dinkovite sprostitve in rekreacije v vseh letnih obdobjih. Program se dopolnjuje in prepleta z aktivnostmi Gimnasti\u010dne zveze Slovenije v projektu \u00bbSlovenija telovadi\u00ab (\u00bbOdprimo vrata gimnasti\u010dnih dvoran\u00ab). V programih, namenjenih \u0161ir\u0161im kategorijam, predvsem odraslim, dopu\u0161\u010da \u0161portna gimnastika izbiro gibalnih mo\u017enosti in organizacijskih oblik, ki izpolnjujejo osnovne cilje \u0161portne vzgoje. Zna\u010dilni vplivi na psihosomati\u010dni status izvirajo predvsem iz mno\u017eice gibalnih mo\u017enosti, ki nam jih ponuja gimnasti\u010dni program. Ob uporabi razli\u010dnih osnovnih in pomo\u017enih orodij, kot so blazine, klopi, skrinje, \u017erdi, gredi, drogovi, odrivne deske, koze, ponjave\u2026 si lahko zamislimo veliko \u0161tevilo razli\u010dnih gibanj in kombinacij. Gibanja so lahko silno preprosta, naravna in elementarna ter postopoma prera\u0161\u010dajo v kompleksne gibalne strukture (Novak, 1984).<\/p><p>Gimnastika je tako sistem izbranih vaj in metodi\u010dnih postopkov, katerih cilj je skladen telesni razvoj \u010dloveka in njegovih psihofizi\u010dnih sposobnosti.\u00a0 Vsebina programov \u0161portne gimnastike je izvajanje prvin in sestav na gimnasti\u010dnih orodjih. Natan\u010dnej\u0161a izbira gibalnih programov pa je lahko zelo razli\u010dna in se podreja ciljem dolo\u010denih pojavnih oblik \u0161portne dejavnosti.<\/p>\t\t\t\t\t\t\t\t<\/div>\n\t\t\t\t<\/div>\n\t\t\t\t\t<\/div>\n\t\t<\/div>\n\t\t\t\t\t<\/div>\n\t\t<\/section>\n\t\t\t\t<section class=\"elementor-section elementor-top-section elementor-element elementor-element-d076f57 elementor-section-boxed elementor-section-height-default elementor-section-height-default\" data-id=\"d076f57\" data-element_type=\"section\" data-e-type=\"section\">\n\t\t\t\t\t\t<div class=\"elementor-container elementor-column-gap-default\">\n\t\t\t\t\t<div class=\"elementor-column elementor-col-100 elementor-top-column elementor-element elementor-element-59f7e26\" data-id=\"59f7e26\" data-element_type=\"column\" data-e-type=\"column\">\n\t\t\t<div class=\"elementor-widget-wrap elementor-element-populated\">\n\t\t\t\t\t\t<div class=\"elementor-element elementor-element-b97a846 elementor-widget elementor-widget-text-editor\" data-id=\"b97a846\" data-element_type=\"widget\" data-e-type=\"widget\" data-widget_type=\"text-editor.default\">\n\t\t\t\t<div class=\"elementor-widget-container\">\n\t\t\t\t\t\t\t\t\t<h4>Gimnasti\u010dne po\u010ditnice<\/h4><p>Po\u010ditnice so vseskozi pri otrocih \u010das, ko veselje ob njih zbledi saj ni kaj pametnega po\u010deti. \u0160olska igri\u0161\u010da in telovadnice so v \u010dasu po\u010ditnic pogosto zaprta predvsem dol\u017eina poletnih po\u010ditnic pa doba, ki pogosto zanemari otrokovo telo in njegove telesne sposobnosti. GZS se je zato odlo\u010dila, da s programom \u00bbGimnasti\u010dne po\u010ditnice\u00ab v okviru projekta \u00bbSlovenija telovadi\u00ab pomaga omogo\u010diti gimnasti\u010dno udejstvovanje u\u010dencem osnovnih \u0161ol v vseh slovenskih regijah. V zadnjem desetletju\u00a0 GZS s svojimi dru\u0161tvi ob podpori Fundacije za \u0161port, izvaja gimnasti\u010dne dejavnosti na 40 lokacijah po Sloveniji.<\/p><p>S programom \u00bbGimnasti\u010dne po\u010ditnice\u00ab \u00a0Gimnasti\u010dna zveza Slovenije v celoti uresni\u010duje javni interes na podro\u010dju \u0161porta, saj gre za program, ki se izvaja na nacionalni ravni po celotni Republiki Sloveniji. Program rekreativne \u0161portne gimnastike je namenjen vsem u\u010dencem osnovnih \u0161ol. Izvaja se v \u010dasu med po\u010ditnicami ko so telovadnice po \u0161olah zaprte, u\u010denci pa zdolgo\u010daseno posedajo doma pred televizorji in ra\u010dunalniki. Program se dopolnjuje in prepleta z aktivnostmi Gimnasti\u010dne zveze Slovenije v projektu \u00bbSlovenija telovadi\u00ab (\u00bbGimnastika v osnovni \u0161oli\u00ab, \u00bbOdprimo vrata gimnasti\u010dnih dvoran\u00ab), kar otrokom omogo\u010da, da tudi ob pouka prostih dnevih njihovo \u017eivljenje ostane pestro, aktivno, \u0161portno in zdravo.<\/p>\t\t\t\t\t\t\t\t<\/div>\n\t\t\t\t<\/div>\n\t\t\t\t\t<\/div>\n\t\t<\/div>\n\t\t\t\t\t<\/div>\n\t\t<\/section>\n\t\t\t\t<section class=\"elementor-section elementor-top-section elementor-element elementor-element-c092fbe elementor-section-boxed elementor-section-height-default elementor-section-height-default\" data-id=\"c092fbe\" data-element_type=\"section\" data-e-type=\"section\">\n\t\t\t\t\t\t<div class=\"elementor-container elementor-column-gap-default\">\n\t\t\t\t\t<div class=\"elementor-column elementor-col-100 elementor-top-column elementor-element elementor-element-4e8cf65\" data-id=\"4e8cf65\" data-element_type=\"column\" data-e-type=\"column\">\n\t\t\t<div class=\"elementor-widget-wrap elementor-element-populated\">\n\t\t\t\t\t\t<div class=\"elementor-element elementor-element-c038709 elementor-widget elementor-widget-text-editor\" data-id=\"c038709\" data-element_type=\"widget\" data-e-type=\"widget\" data-widget_type=\"text-editor.default\">\n\t\t\t\t<div class=\"elementor-widget-container\">\n\t\t\t\t\t\t\t\t\t<h4>Vsi na ritmi\u010dno gimnastiko<\/h4><p>GZS se je odlo\u010dila, da s programom \u00bbVsi na ritmi\u010dno gimnastiko\u00ab poleg uspe\u0161nega gimnasti\u010dnega programa enakovredno razvije tudi ritmi\u010dno gimnastiko. S tem programom omogo\u010damo udejstvovanje ritmi\u010dne gimnastike vsakemu otroku prve triade v vseh slovenskih regijah ne glede na socialni status in kraj bivanja. GZS\u00a0 je ob podpori Fundacije za \u0161port \u017ee uspe\u0161no izvaja program gimnastike, zato smo skupaj s strokovno ekipo uspe\u0161no za\u010deli razvijati tudi projekt \u00bbVsi na ritmi\u010dno gimnastiko\u00ab. Sam program se je po celotni Sloveniji \u017ee dodobra uveljavil, podpira ga tudi lokalna skupnost. Nadaljnja \u0161iritev kot glavni cilj programa pa potrebuje decentralizacijo in \u0161iritev pojavnosti ritmi\u010dne gimnastike v vseh oblikah rekreativne vadbe. Zaenkrat smo s pomo\u010djo fundacije uspeli nadgrajevati za\u010detno obliko vadbe in dvignili starost vklju\u010devanja deklet v \u0161port.<\/p><p>Program \u00bbVsi na ritmi\u010dno gimnastiko\u00ab je namenjen celotni populaciji \u0161olskih otrok in mladine z namenom razvijanja \u0161portne kulture med mladimi ne glede na fizi\u010dne sposobnosti. Dvigu\u00a0 gibalnih sposobnosti med dekleti, ki imajo manj\u0161i izbor \u0161portov predvsem v najni\u017eji triadi. Z njim \u017eelimo vklju\u010diti na vadbo tudi negibljiva dekleta mo\u010dnej\u0161e postave in fantovsko populacijo, za katere ritmi\u010dna gimnastika v tekmovalni obliki nima poti vklju\u010devanja. V programe se vklju\u010dujejo tudi vsi tisti, ki razvijajo zdrav na\u010din \u017eivljenja preko rekreacije in jih tekmovalna oblika \u0161porta ne zanima. Sistem \u017eelimo \u0161iroko raz\u0161iriti, saj le tako lahko nudimo cenovno dostopno vadbo \u0161ir\u0161i populaciji.\u00a0 Pri tem nam vsa dr\u017eavna in lokalna sredstva tudi zelo pomagajo oz. omogo\u010dajo delovanje brez komercialnega poslovanja. V vadbo vklju\u010dujemo 5% otrok socialno ogro\u017eenih dru\u017ein, ki vadbo obiskujejo brezpla\u010dno. Z vsem omenjenimi vsebinami korektno sodelujemo pri premagovanju diskriminacije v \u0161portu. Program izvajamo v sodelovanji s \u0161portnimi dru\u0161tvi v javnem interesu.<\/p>\t\t\t\t\t\t\t\t<\/div>\n\t\t\t\t<\/div>\n\t\t\t\t\t<\/div>\n\t\t<\/div>\n\t\t\t\t\t<\/div>\n\t\t<\/section>\n\t\t\t\t<section class=\"elementor-section elementor-top-section elementor-element elementor-element-06eb232 elementor-section-boxed elementor-section-height-default elementor-section-height-default\" data-id=\"06eb232\" data-element_type=\"section\" data-e-type=\"section\">\n\t\t\t\t\t\t<div class=\"elementor-container elementor-column-gap-default\">\n\t\t\t\t\t<div class=\"elementor-column elementor-col-100 elementor-top-column elementor-element elementor-element-054476a\" data-id=\"054476a\" data-element_type=\"column\" data-e-type=\"column\">\n\t\t\t<div class=\"elementor-widget-wrap elementor-element-populated\">\n\t\t\t\t\t\t<div class=\"elementor-element elementor-element-617c68c elementor-widget elementor-widget-text-editor\" data-id=\"617c68c\" data-element_type=\"widget\" data-e-type=\"widget\" data-widget_type=\"text-editor.default\">\n\t\t\t\t<div class=\"elementor-widget-container\">\n\t\t\t\t\t\t\t\t\t<h4>Ne tekmujem, ampak sodelujem<\/h4><p>Letni nastop \u0161portnega kluba \u0160pi\u010dka je brezpla\u010dni vsakoletni \u0161portni dogodek na katerem se predstavijo vse skupine, ki vadijo v njihovem dru\u0161tvu. Namen nastopa je organizacija \u0161portnega dogodka, ki nima tekmovalne narave. Dogodek spodbuja ukvarjanje s \u0161portom brez iskanja meritve in rezultata. Na njem se predstavi ve\u010dina vade\u010dih iz projekta \u00bbVsi na ritmi\u010dno gimnastiko\u00ab . Omogo\u010da tudi sre\u010danje vseh \u010dlanov, ki delujejo v klubu. Revijalni nastop vzpodbudno deluje na dekleta, ki svoje znanje \u0161ele osvajajo, saj se na tovrstnem \u0161portnem dogodku prika\u017ee vso znanje ritmi\u010dne gimnastike, ki ga lahko posameznica z vztrajanjem v \u0161portu tudi dose\u017ee. Poleg povezovanja vade\u010dih v skupnost je prireditev tudi prilo\u017enost kjer podeljujejo tradicionalna priznanja in medalje za vztrajnost pri vadbi. Na prireditvi je preko 1000 nastopajo\u010dih ter okrog 2000 gledalcev.<\/p><p>Prireditev slu\u017ei posredovanju informacij, ki so potrebna za zdravo dru\u017ebo. Glavna sporo\u010dila na dogodku so:<\/p><ul><li>\u0161port je zdrav in zabaven na\u010din pre\u017eivljanja prostega \u010dasa.<\/li><li>povezovanje v skupnost in timsko delo pripelje do velikih ciljev in zadovoljstva.<\/li><li>preko \u0161portne vsebine se krepijo socialni odnosi.<\/li><li>lepo je sodelovati na \u0161portnih prireditvah in ni potrebe po merjenju mo\u010di, pa\u010d pa lahko vsak poka\u017ee tisto v \u010demer je dober (pridobivanje samospo\u0161tovanja in samozavesti pri mlaj\u0161i populaciji).<\/li><li>vztrajnost ima svojo mo\u010d in nagrado.<\/li><\/ul><p>Vsebina prireditve je izklju\u010dno \u0161portna, njena odmevnost pa zajema vade\u010de iz podro\u010dja Ljubljane z okolico, \u0160tajerske, Dolenjske in Notranjske regije.<\/p>\t\t\t\t\t\t\t\t<\/div>\n\t\t\t\t<\/div>\n\t\t\t\t\t<\/div>\n\t\t<\/div>\n\t\t\t\t\t<\/div>\n\t\t<\/section>\n\t\t\t\t<\/div>\n\t\t","protected":false},"excerpt":{"rendered":"<p>Gimnastika za najmlaj\u0161e Program \u201cGimnastika za najmlaj\u0161e\u201d predstavlja pomembno spremembo<span class=\"excerpt-hellip\"> [\u2026]<\/span><\/p>\n","protected":false},"author":3,"featured_media":0,"parent":0,"menu_order":0,"comment_status":"closed","ping_status":"closed","template":"","meta":{"_monsterinsights_skip_tracking":false,"_monsterinsights_sitenote_active":false,"_monsterinsights_sitenote_note":"","_monsterinsights_sitenote_category":0,"footnotes":""},"class_list":["post-1159","page","type-page","status-publish","hentry"],"_links":{"self":[{"href":"https:\/\/gimnasticna-zveza.si\/index.php\/wp-json\/wp\/v2\/pages\/1159","targetHints":{"allow":["GET"]}}],"collection":[{"href":"https:\/\/gimnasticna-zveza.si\/index.php\/wp-json\/wp\/v2\/pages"}],"about":[{"href":"https:\/\/gimnasticna-zveza.si\/index.php\/wp-json\/wp\/v2\/types\/page"}],"author":[{"embeddable":true,"href":"https:\/\/gimnasticna-zveza.si\/index.php\/wp-json\/wp\/v2\/users\/3"}],"replies":[{"embeddable":true,"href":"https:\/\/gimnasticna-zveza.si\/index.php\/wp-json\/wp\/v2\/comments?post=1159"}],"version-history":[{"count":25,"href":"https:\/\/gimnasticna-zveza.si\/index.php\/wp-json\/wp\/v2\/pages\/1159\/revisions"}],"predecessor-version":[{"id":1829,"href":"https:\/\/gimnasticna-zveza.si\/index.php\/wp-json\/wp\/v2\/pages\/1159\/revisions\/1829"}],"wp:attachment":[{"href":"https:\/\/gimnasticna-zveza.si\/index.php\/wp-json\/wp\/v2\/media?parent=1159"}],"curies":[{"name":"wp","href":"https:\/\/api.w.org\/{rel}","templated":true}]}}