{"id":1051,"date":"2020-10-26T11:01:29","date_gmt":"2020-10-26T09:01:29","guid":{"rendered":"http:\/\/www.gimnasticna-zveza.si\/?page_id=1051"},"modified":"2026-04-09T14:58:19","modified_gmt":"2026-04-09T12:58:19","slug":"usposabljanja-gzs","status":"publish","type":"page","link":"https:\/\/gimnasticna-zveza.si\/index.php\/usposabljanja-gzs\/","title":{"rendered":"Usposabljanja Gimnasti\u010dne zveze Slovenije"},"content":{"rendered":"\t\t<div data-elementor-type=\"wp-page\" data-elementor-id=\"1051\" class=\"elementor elementor-1051\" data-elementor-post-type=\"page\">\n\t\t\t\t\t\t<section class=\"elementor-section elementor-top-section elementor-element elementor-element-d294df4 elementor-section-boxed elementor-section-height-default elementor-section-height-default\" data-id=\"d294df4\" data-element_type=\"section\" data-e-type=\"section\">\n\t\t\t\t\t\t<div class=\"elementor-container elementor-column-gap-default\">\n\t\t\t\t\t<div class=\"elementor-column elementor-col-100 elementor-top-column elementor-element elementor-element-5dcc49e\" data-id=\"5dcc49e\" data-element_type=\"column\" data-e-type=\"column\">\n\t\t\t<div class=\"elementor-widget-wrap elementor-element-populated\">\n\t\t\t\t\t\t<div class=\"elementor-element elementor-element-861795f elementor-widget elementor-widget-spacer\" data-id=\"861795f\" data-element_type=\"widget\" data-e-type=\"widget\" data-widget_type=\"spacer.default\">\n\t\t\t\t<div class=\"elementor-widget-container\">\n\t\t\t\t\t\t\t<div class=\"elementor-spacer\">\n\t\t\t<div class=\"elementor-spacer-inner\"><\/div>\n\t\t<\/div>\n\t\t\t\t\t\t<\/div>\n\t\t\t\t<\/div>\n\t\t\t\t\t<\/div>\n\t\t<\/div>\n\t\t\t\t\t<\/div>\n\t\t<\/section>\n\t\t\t\t<section class=\"elementor-section elementor-top-section elementor-element elementor-element-de1a9da elementor-section-boxed elementor-section-height-default elementor-section-height-default\" data-id=\"de1a9da\" data-element_type=\"section\" data-e-type=\"section\">\n\t\t\t\t\t\t<div class=\"elementor-container elementor-column-gap-default\">\n\t\t\t\t\t<div class=\"elementor-column elementor-col-100 elementor-top-column elementor-element elementor-element-68a1c70\" data-id=\"68a1c70\" data-element_type=\"column\" data-e-type=\"column\">\n\t\t\t<div class=\"elementor-widget-wrap elementor-element-populated\">\n\t\t\t\t\t\t<div class=\"elementor-element elementor-element-2850993 elementor-widget elementor-widget-heading\" data-id=\"2850993\" data-element_type=\"widget\" data-e-type=\"widget\" data-widget_type=\"heading.default\">\n\t\t\t\t<div class=\"elementor-widget-container\">\n\t\t\t\t\t<h4 class=\"elementor-heading-title elementor-size-default\">Splo\u0161no o usposabljanjih<\/h4>\t\t\t\t<\/div>\n\t\t\t\t<\/div>\n\t\t\t\t\t<\/div>\n\t\t<\/div>\n\t\t\t\t\t<\/div>\n\t\t<\/section>\n\t\t\t\t<section class=\"elementor-section elementor-top-section elementor-element elementor-element-e2c34ce elementor-section-boxed elementor-section-height-default elementor-section-height-default\" data-id=\"e2c34ce\" data-element_type=\"section\" data-e-type=\"section\">\n\t\t\t\t\t\t<div class=\"elementor-container elementor-column-gap-default\">\n\t\t\t\t\t<div class=\"elementor-column elementor-col-100 elementor-top-column elementor-element elementor-element-d190959\" data-id=\"d190959\" data-element_type=\"column\" data-e-type=\"column\">\n\t\t\t<div class=\"elementor-widget-wrap elementor-element-populated\">\n\t\t\t\t\t\t<div class=\"elementor-element elementor-element-d4cc27c elementor-widget elementor-widget-text-editor\" data-id=\"d4cc27c\" data-element_type=\"widget\" data-e-type=\"widget\" data-widget_type=\"text-editor.default\">\n\t\t\t\t<div class=\"elementor-widget-container\">\n\t\t\t\t\t\t\t\t\t<p>Gimnasti\u010dna zveza Slovenije je trenutno s strani Ministrstva za gospodarstvo, turizem in \u0161port poobla\u0161\u010dena nosilka slede\u010dih usposabljanj:<\/p><ul><li><a href=\"https:\/\/www.gimnasticna-zveza.si\/wp-content\/uploads\/2026\/04\/SD_SG_01.pdf\">Strokovni delavec 1, \u0161portno treniranje, gimnastika \u2013 \u0161portna<\/a>,<\/li><li><a href=\"https:\/\/www.gimnasticna-zveza.si\/wp-content\/uploads\/2026\/04\/SD_RG_01.pdf\">Strokovni delavec 1, \u0161portno treniranje, gimnastika \u2013 ritmi\u010dna<\/a>,<\/li><li><a href=\"https:\/\/www.gimnasticna-zveza.si\/wp-content\/uploads\/2026\/04\/SD_PP_01.pdf\">Strokovni delavec 1, \u0161portno treniranje, gimnastika \u2013 pro\u017ena ponjava<\/a>,<\/li><li><a href=\"https:\/\/www.gimnasticna-zveza.si\/wp-content\/uploads\/2026\/04\/SD_SG_02.pdf\">Strokovni delavec 2, \u0161portno treniranje, gimnastika \u2013 \u0161portna<\/a>,<\/li><li><a href=\"https:\/\/www.gimnasticna-zveza.si\/wp-content\/uploads\/2026\/04\/SD_RG_02.pdf\">Strokovni delavec 2, \u0161portno treniranje, gimnastika \u2013 ritmi\u010dna<\/a>,<\/li><li><a href=\"https:\/\/www.gimnasticna-zveza.si\/wp-content\/uploads\/2026\/04\/SD_PP_02.pdf\">Strokovni delavec 2, \u0161portno treniranje, gimnastika \u2013 pro\u017ena ponjava<\/a>.<\/li><\/ul><p>Usposabljanja za 1. in 2. stopnjo obljavljamo med <a href=\"https:\/\/www.gimnasticna-zveza.si\/index.php\/novice-gzs\/\">novicami Gimnasti\u010dne zveze Slovenije<\/a>.<\/p><p>Cena usposabljanja za 1. stopnjo je v letu 2025 bila 790,00 EUR, cena usposabljanja za 2. stopnjio pa se obra\u010duna stro\u0161kovno.<\/p>\t\t\t\t\t\t\t\t<\/div>\n\t\t\t\t<\/div>\n\t\t\t\t\t<\/div>\n\t\t<\/div>\n\t\t\t\t\t<\/div>\n\t\t<\/section>\n\t\t\t\t<section class=\"elementor-section elementor-top-section elementor-element elementor-element-8a3d95b elementor-section-boxed elementor-section-height-default elementor-section-height-default\" data-id=\"8a3d95b\" data-element_type=\"section\" data-e-type=\"section\">\n\t\t\t\t\t\t<div class=\"elementor-container elementor-column-gap-default\">\n\t\t\t\t\t<div class=\"elementor-column elementor-col-100 elementor-top-column elementor-element elementor-element-12a472a\" data-id=\"12a472a\" data-element_type=\"column\" data-e-type=\"column\">\n\t\t\t<div class=\"elementor-widget-wrap elementor-element-populated\">\n\t\t\t\t\t\t<div class=\"elementor-element elementor-element-6c84b1e elementor-widget elementor-widget-heading\" data-id=\"6c84b1e\" data-element_type=\"widget\" data-e-type=\"widget\" data-widget_type=\"heading.default\">\n\t\t\t\t<div class=\"elementor-widget-container\">\n\t\t\t\t\t<h4 class=\"elementor-heading-title elementor-size-default\">Priznavanje usposobljenosti<\/h4>\t\t\t\t<\/div>\n\t\t\t\t<\/div>\n\t\t\t\t\t<\/div>\n\t\t<\/div>\n\t\t\t\t\t<\/div>\n\t\t<\/section>\n\t\t\t\t<section class=\"elementor-section elementor-top-section elementor-element elementor-element-397486f elementor-section-boxed elementor-section-height-default elementor-section-height-default\" data-id=\"397486f\" data-element_type=\"section\" data-e-type=\"section\">\n\t\t\t\t\t\t<div class=\"elementor-container elementor-column-gap-default\">\n\t\t\t\t\t<div class=\"elementor-column elementor-col-100 elementor-top-column elementor-element elementor-element-b4b5334\" data-id=\"b4b5334\" data-element_type=\"column\" data-e-type=\"column\">\n\t\t\t<div class=\"elementor-widget-wrap elementor-element-populated\">\n\t\t\t\t\t\t<div class=\"elementor-element elementor-element-eebe14c elementor-widget elementor-widget-text-editor\" data-id=\"eebe14c\" data-element_type=\"widget\" data-e-type=\"widget\" data-widget_type=\"text-editor.default\">\n\t\t\t\t<div class=\"elementor-widget-container\">\n\t\t\t\t\t\t\t\t\t<p>Gimnasti\u010dna zveza Slovenije kot nosilec usposabljanj za panoge gimnastika &#8211; \u0161portna, gimnastika &#8211; ritmi\u010dna in gimnastika &#8211; pro\u017ena ponjava ima pod dolo\u010denimi pogoji pravico do priznavanja usposobljenosti.<\/p><p>Priznavanje usposobljenosti se lahko dodeli:<\/p><ul><li>\u0161tudentu Fakultete za \u0161port Univerze v Ljubljani, ki so opravili predmeta &#8220;\u0160portna gimnastika z ritmi\u010dno izraznostjo 1&#8221; in &#8220;\u0160portna gimnastika z ritmi\u010dno izraznostjo 2&#8221; z oceno najmanj 8. Pro\u0161nja za priznavanje se po\u0161lje na elektronski naslov <a href=\"mailto:jana.videtic@fsp.uni-lj.si\">jana.videtic@fsp.uni-lj.si<\/a>. Priznavanje usposobljenosti je mo\u017eno za panogi gimnastika &#8211; \u0161portna in gimnastika &#8211; ritmi\u010dna.<\/li><li>\u0161tudentu Pedago\u0161ke fakultete Univerze v Mariboru, ki je opravil predmeta &#8220;\u0160portna gimnastika I&#8221; in &#8220;\u0160portna gimnastika II&#8221; z oceno najmanj 8. Pro\u0161nja za priznavanje se po\u0161lje na elektronski naslov <a href=\"mailto:info@gimnasticna-zveza.si\">info@gimnasticna-zveza.si<\/a>.\u00a0Priznavanje usposobljenosti je mo\u017eno zgolj za panogo gimnastika &#8211; \u0161portna.<\/li><li>osebi, ki je zaklju\u010dila izobra\u017eevanje ali opravila usposabljanje izven Slovenije. Pro\u0161nja za priznavanje se po\u0161lje na elektronski naslov <a href=\"mailto:info@gimnasticna-zveza.si\">info@gimnasticna-zveza.si<\/a>.<\/li><\/ul>\t\t\t\t\t\t\t\t<\/div>\n\t\t\t\t<\/div>\n\t\t\t\t\t<\/div>\n\t\t<\/div>\n\t\t\t\t\t<\/div>\n\t\t<\/section>\n\t\t\t\t<\/div>\n\t\t","protected":false},"excerpt":{"rendered":"<p>Splo\u0161no o usposabljanjih Gimnasti\u010dna zveza Slovenije je trenutno s strani<span class=\"excerpt-hellip\"> [\u2026]<\/span><\/p>\n","protected":false},"author":3,"featured_media":0,"parent":0,"menu_order":0,"comment_status":"closed","ping_status":"closed","template":"","meta":{"_monsterinsights_skip_tracking":false,"_monsterinsights_sitenote_active":false,"_monsterinsights_sitenote_note":"","_monsterinsights_sitenote_category":0,"footnotes":""},"class_list":["post-1051","page","type-page","status-publish","hentry"],"_links":{"self":[{"href":"https:\/\/gimnasticna-zveza.si\/index.php\/wp-json\/wp\/v2\/pages\/1051","targetHints":{"allow":["GET"]}}],"collection":[{"href":"https:\/\/gimnasticna-zveza.si\/index.php\/wp-json\/wp\/v2\/pages"}],"about":[{"href":"https:\/\/gimnasticna-zveza.si\/index.php\/wp-json\/wp\/v2\/types\/page"}],"author":[{"embeddable":true,"href":"https:\/\/gimnasticna-zveza.si\/index.php\/wp-json\/wp\/v2\/users\/3"}],"replies":[{"embeddable":true,"href":"https:\/\/gimnasticna-zveza.si\/index.php\/wp-json\/wp\/v2\/comments?post=1051"}],"version-history":[{"count":39,"href":"https:\/\/gimnasticna-zveza.si\/index.php\/wp-json\/wp\/v2\/pages\/1051\/revisions"}],"predecessor-version":[{"id":9333,"href":"https:\/\/gimnasticna-zveza.si\/index.php\/wp-json\/wp\/v2\/pages\/1051\/revisions\/9333"}],"wp:attachment":[{"href":"https:\/\/gimnasticna-zveza.si\/index.php\/wp-json\/wp\/v2\/media?parent=1051"}],"curies":[{"name":"wp","href":"https:\/\/api.w.org\/{rel}","templated":true}]}}