{"id":1046,"date":"2020-10-26T10:54:32","date_gmt":"2020-10-26T08:54:32","guid":{"rendered":"http:\/\/www.gimnasticna-zveza.si\/?page_id=1046"},"modified":"2025-12-18T19:07:05","modified_gmt":"2025-12-18T17:07:05","slug":"strokovni-kongres-gzs","status":"publish","type":"page","link":"https:\/\/gimnasticna-zveza.si\/index.php\/strokovni-kongres-gzs\/","title":{"rendered":"Strokovni kongres Gimnasti\u010dne zveze Slovenije"},"content":{"rendered":"\t\t<div data-elementor-type=\"wp-page\" data-elementor-id=\"1046\" class=\"elementor elementor-1046\" data-elementor-post-type=\"page\">\n\t\t\t\t\t\t<section class=\"elementor-section elementor-top-section elementor-element elementor-element-d294df4 elementor-section-boxed elementor-section-height-default elementor-section-height-default\" data-id=\"d294df4\" data-element_type=\"section\" data-e-type=\"section\">\n\t\t\t\t\t\t<div class=\"elementor-container elementor-column-gap-default\">\n\t\t\t\t\t<div class=\"elementor-column elementor-col-100 elementor-top-column elementor-element elementor-element-5dcc49e\" data-id=\"5dcc49e\" data-element_type=\"column\" data-e-type=\"column\">\n\t\t\t<div class=\"elementor-widget-wrap elementor-element-populated\">\n\t\t\t\t\t\t<div class=\"elementor-element elementor-element-861795f elementor-widget elementor-widget-spacer\" data-id=\"861795f\" data-element_type=\"widget\" data-e-type=\"widget\" data-widget_type=\"spacer.default\">\n\t\t\t\t<div class=\"elementor-widget-container\">\n\t\t\t\t\t\t\t<div class=\"elementor-spacer\">\n\t\t\t<div class=\"elementor-spacer-inner\"><\/div>\n\t\t<\/div>\n\t\t\t\t\t\t<\/div>\n\t\t\t\t<\/div>\n\t\t\t\t\t<\/div>\n\t\t<\/div>\n\t\t\t\t\t<\/div>\n\t\t<\/section>\n\t\t\t\t<section class=\"elementor-section elementor-top-section elementor-element elementor-element-e2c34ce elementor-section-boxed elementor-section-height-default elementor-section-height-default\" data-id=\"e2c34ce\" data-element_type=\"section\" data-e-type=\"section\">\n\t\t\t\t\t\t<div class=\"elementor-container elementor-column-gap-default\">\n\t\t\t\t\t<div class=\"elementor-column elementor-col-100 elementor-top-column elementor-element elementor-element-d190959\" data-id=\"d190959\" data-element_type=\"column\" data-e-type=\"column\">\n\t\t\t<div class=\"elementor-widget-wrap elementor-element-populated\">\n\t\t\t\t\t\t<div class=\"elementor-element elementor-element-d4cc27c elementor-widget elementor-widget-text-editor\" data-id=\"d4cc27c\" data-element_type=\"widget\" data-e-type=\"widget\" data-widget_type=\"text-editor.default\">\n\t\t\t\t<div class=\"elementor-widget-container\">\n\t\t\t\t\t\t\t\t\t<p>Strokovni kongres Gimnasti\u010dne zveze Slovenije je s tradicionalnega tretjega vikenda v januarju ponovno prestavljen na \u010detrti vikend v januarju.<\/p>\n<p><span style=\"letter-spacing: 0px;\">Osrednja tema krovnega predavanja na kongresu bo znana naknadno.&nbsp; Kongres bo potekal v Ljubljani&nbsp;<\/span><b style=\"letter-spacing: 0px;\">v soboto, 24. januarja 2026.<\/b><\/p>\n<p>Kongres bo potekal v \u017eivo. Prijava na kongres bo mo\u017ena preko informacijskega sistema Gimnasti\u010dne zveze Slovenije. Razpis je na voljo <a href=\"https:\/\/www.gimnasticna-zveza.si\/wp-content\/uploads\/2025\/12\/RAZPIS_KONGRES-GZS-2026.pdf\">TUKAJ<\/a>, urnik kongresa pa <a href=\"https:\/\/www.gimnasticna-zveza.si\/wp-content\/uploads\/2025\/12\/Urnik-Kongresa-GZS-2026.pdf\">TUKAJ<\/a>.<\/p>\t\t\t\t\t\t\t\t<\/div>\n\t\t\t\t<\/div>\n\t\t\t\t\t<\/div>\n\t\t<\/div>\n\t\t\t\t\t<\/div>\n\t\t<\/section>\n\t\t\t\t<\/div>\n\t\t","protected":false},"excerpt":{"rendered":"<p>Strokovni kongres Gimnasti\u010dne zveze Slovenije je s tradicionalnega tretjega vikenda<span class=\"excerpt-hellip\"> [\u2026]<\/span><\/p>\n","protected":false},"author":3,"featured_media":0,"parent":0,"menu_order":0,"comment_status":"closed","ping_status":"closed","template":"","meta":{"_monsterinsights_skip_tracking":false,"_monsterinsights_sitenote_active":false,"_monsterinsights_sitenote_note":"","_monsterinsights_sitenote_category":0,"footnotes":""},"class_list":["post-1046","page","type-page","status-publish","hentry"],"_links":{"self":[{"href":"https:\/\/gimnasticna-zveza.si\/index.php\/wp-json\/wp\/v2\/pages\/1046","targetHints":{"allow":["GET"]}}],"collection":[{"href":"https:\/\/gimnasticna-zveza.si\/index.php\/wp-json\/wp\/v2\/pages"}],"about":[{"href":"https:\/\/gimnasticna-zveza.si\/index.php\/wp-json\/wp\/v2\/types\/page"}],"author":[{"embeddable":true,"href":"https:\/\/gimnasticna-zveza.si\/index.php\/wp-json\/wp\/v2\/users\/3"}],"replies":[{"embeddable":true,"href":"https:\/\/gimnasticna-zveza.si\/index.php\/wp-json\/wp\/v2\/comments?post=1046"}],"version-history":[{"count":50,"href":"https:\/\/gimnasticna-zveza.si\/index.php\/wp-json\/wp\/v2\/pages\/1046\/revisions"}],"predecessor-version":[{"id":8879,"href":"https:\/\/gimnasticna-zveza.si\/index.php\/wp-json\/wp\/v2\/pages\/1046\/revisions\/8879"}],"wp:attachment":[{"href":"https:\/\/gimnasticna-zveza.si\/index.php\/wp-json\/wp\/v2\/media?parent=1046"}],"curies":[{"name":"wp","href":"https:\/\/api.w.org\/{rel}","templated":true}]}}